{"id":9951,"date":"2022-12-27T17:55:41","date_gmt":"2022-12-27T17:55:41","guid":{"rendered":"https:\/\/latam.ptcbio.com\/pt\/?page_id=9951"},"modified":"2025-10-10T16:26:32","modified_gmt":"2025-10-10T20:26:32","slug":"areas-terapeuticas","status":"publish","type":"page","link":"https:\/\/latam.ptcbio.com\/pt\/areas-terapeuticas\/","title":{"rendered":"\u00c1reas Terap\u00eauticas"},"content":{"rendered":"<div class=\"hero-header__outer-container\">\n\n\t<div class=\"hero hero--styled color-theme--denim-blue hero--has-image hero--reduced-spacing\">\n\t\t\t\t\t\t\t\t\t\t<div class=\"hero__inner hero__inner--left\">\n\t\t\t<div class=\"hero__content hero__content--left hero__content--has-image\">\n\t\t\t\t\t\t\t\t\t\t\t\t<div class=\"hero__eyebrow\">\u00c1reas Terap\u00eauticas<\/div>\n\t\t\t\t\t\t\t\t\t\t\t\t<div class=\"u-mt-1 u-my-2\"><h1 class=\"hero__title hero__title--standard\" data-ptc-fitty=\"\">Doen\u00e7as que temos a miss\u00e3o de mudar<\/h1><\/div>\n\t\t\t\t\t\t\t\t\t\t\t\t\t\t\t<\/div>\n\t\t\t\t\t\t\t<figure class=\"hero__image-wrapper hero__image-wrapper--left\">\n\t\t\t\t\t\t\t\t\t<figcaption class=\"hero__figcaption\">\n\t\t\t\t\t\t<div id=\"hero-image-subcaption\" class=\"hero__image-subcaption hero__subcaption\">Paciente vivendo com SQF<\/div>\t\t\t\t\t<\/figcaption>\n\t\t\t\t\t\t\t\t\t\t<img loading=\"lazy\" decoding=\"async\" width=\"548\" height=\"540\" src=\"https:\/\/latam.ptcbio.com\/pt\/wp-content\/uploads\/sites\/10\/2024\/05\/fcs600.png\" class=\"hero__image\" alt=\"Patient living with FCS\" srcset=\"https:\/\/latam.ptcbio.com\/pt\/wp-content\/uploads\/sites\/10\/2024\/05\/fcs600.png 548w, https:\/\/latam.ptcbio.com\/pt\/wp-content\/uploads\/sites\/10\/2024\/05\/fcs600-300x296.png 300w, https:\/\/latam.ptcbio.com\/pt\/wp-content\/uploads\/sites\/10\/2024\/05\/fcs600-400x394.png 400w\" sizes=\"auto, (max-width: 548px) 100vw, 548px\" \/>\t\t\t\t\t\t\t\t<\/figure>\n\t\t\t\t\t<\/div>\n\t\t\t<\/div>\n\t\t\t<div class=\"hero__breadcrumbs\"><nav\n\tclass=\"breadcrumbs breadcrumbs--shallow\"\n\taria-label=\"Breadcrumb\"\n>\n\t<ol class=\"breadcrumbs__list\" itemscope itemtype=\"https:\/\/schema.org\/BreadcrumbList\">\n\t\t\t\t\t\t\t\t\t<li class=\"breadcrumbs__crumb breadcrumbs__crumb--light\" itemscope itemprop=\"itemListElement\" itemtype=\"https:\/\/schema.org\/ListItem\">\n\t\t\t\t\t\t\t\t\t\t\t<a class=\"breadcrumbs__link breadcrumbs__link--home breadcrumbs__link--light\" itemprop=\"item\" href=\"https:\/\/latam.ptcbio.com\/pt\/\">\n\t\t\t\t\t\t\t<span class=\"sr-only\" itemprop=\"name\">P\u00e1gina Inicial<\/span>\n\t\t\t\t\t\t<\/a>\n\t\t\t\t\t\t\t\t\t\t<meta itemprop=\"position\" content=\"1\" \/>\n\t\t\t\t<\/li>\n\t\t\t\t\t\t\t\t\t\t\t<\/ol>\n<\/nav>\n<\/div>\n\t<\/div>\n\n\n\n<p class=\"core-block core-paragraph\">Somos profundamente comprometidos com pacientes que vivem com doen\u00e7as raras e que t\u00eam poucas ou nenhuma op\u00e7\u00e3o de tratamento, e essa paix\u00e3o nos alimenta e inspira. Nossos esfor\u00e7os comerciais e de desenvolvimento est\u00e3o focados em duas \u00e1reas terap\u00eauticas \u2013 neurologia e condi\u00e7\u00f5es metab\u00f3licas \u2013 nas quais temos ampla experi\u00eancia e um hist\u00f3rico de sucesso.<\/p>\n\n\n\n<div  class=\"light-grid\">\n\n\t\t\t<div class=\"title-text\">\n\t\t\t<h2 class=\"title-text__heading \">\n\t<span class=\"title-text__pseudo title-text__pseudo--before\" style=\"background-color: var( --wp--preset--color--violet );\"><\/span>\n\t<span class=\"title-text__text\">Metabolismo<\/span>\n\t<span class=\"title-text__pseudo title-text__pseudo--after\" style=\"background-color: var( --wp--preset--color--violet );\"><\/span>\n<\/h2>\n\t\t<\/div>\n\t\n\t\n\t<div class=\"light-grid__grid\">\n\t\t\t\t\t\t\t\t<div class=\"light-grid__item has-tag\">\n\t\t\t\t<a href=\"\" class=\"light-grid__info\">\n\t\t\t\t\t<div class=\"light-grid__main\">\n\t\t\t\t\t\t\t\t\t\t\t\t\t<span class=\"light-grid__name heading--6\">\n\t\t\t\t\t\t\t\tS\u00edndrome da quilomicronemia familiar (SQF)\t\t\t\t\t\t\t<\/span>\n\t\t\t\t\t\t\t\t\t\t\t\t\t\t\t\t\t\t\t<span class=\"light-grid__title body-copy--1\">\n\t\t\t\t\t\t\t\tDoen\u00e7a grave que impede o corpo de quebrar gorduras.\t\t\t\t\t\t\t<\/span>\n\t\t\t\t\t\t\t\t\t\t\t<\/div>\n\t\t\t\t\t\t\t\t\t<\/a>\n\t\t\t<\/div>\n\t\t\t\t\t\t\t\t<div class=\"light-grid__item has-tag\">\n\t\t\t\t<a href=\"\" class=\"light-grid__info\">\n\t\t\t\t\t<div class=\"light-grid__main\">\n\t\t\t\t\t\t\t\t\t\t\t\t\t<span class=\"light-grid__name heading--6\">\n\t\t\t\t\t\t\t\tLipodistrofia parcial familiar (LPF)\t\t\t\t\t\t\t<\/span>\n\t\t\t\t\t\t\t\t\t\t\t\t\t\t\t\t\t\t\t<span class=\"light-grid__title body-copy--1\">\n\t\t\t\t\t\t\t\tGrupo de doen\u00e7as caracterizadas por uma distribui\u00e7\u00e3o anormal de gordura pelo corpo.\t\t\t\t\t\t\t<\/span>\n\t\t\t\t\t\t\t\t\t\t\t<\/div>\n\t\t\t\t\t\t\t\t\t<\/a>\n\t\t\t<\/div>\n\t\t\t\t\t\t\t\t<div class=\"light-grid__item has-tag\">\n\t\t\t\t<a href=\"https:\/\/latam.ptcbio.com\/pt\/areas-terapeuticas\/fenilcetonuria\/\" class=\"light-grid__info\">\n\t\t\t\t\t<div class=\"light-grid__main\">\n\t\t\t\t\t\t\t\t\t\t\t\t\t<span class=\"light-grid__name heading--6\">\n\t\t\t\t\t\t\t\tFenilceton\u00faria (PKU)\t\t\t\t\t\t\t<\/span>\n\t\t\t\t\t\t\t\t\t\t\t\t\t\t\t\t\t\t\t<span class=\"light-grid__title body-copy--1\">\n\t\t\t\t\t\t\t\tCondi\u00e7\u00e3o metab\u00f3lica causada por muta\u00e7\u00f5es na fenilalanina hidroxilase que podem levar a defici\u00eancia cognitiva e convuls\u00f5es.\t\t\t\t\t\t\t<\/span>\n\t\t\t\t\t\t\t\t\t\t\t<\/div>\n\t\t\t\t\t\t\t\t\t<\/a>\n\t\t\t<\/div>\n\t\t\t<\/div>\n\n<\/div>\n\n\n\n\n<div  class=\"light-grid\">\n\n\t\t\t<div class=\"title-text\">\n\t\t\t<h2 class=\"title-text__heading \">\n\t<span class=\"title-text__pseudo title-text__pseudo--before\" style=\"background-color: var( --wp--preset--color--violet );\"><\/span>\n\t<span class=\"title-text__text\">Neurologia<\/span>\n\t<span class=\"title-text__pseudo title-text__pseudo--after\" style=\"background-color: var( --wp--preset--color--violet );\"><\/span>\n<\/h2>\n\t\t<\/div>\n\t\n\t\n\t<div class=\"light-grid__grid\">\n\t\t\t\t\t\t\t\t<div class=\"light-grid__item has-tag\">\n\t\t\t\t<a href=\"\" class=\"light-grid__info\">\n\t\t\t\t\t<div class=\"light-grid__main\">\n\t\t\t\t\t\t\t\t\t\t\t\t\t<span class=\"light-grid__name heading--6\">\n\t\t\t\t\t\t\t\tAmiloidose heredit\u00e1ria por transtirretina com polineuropatia (hATTR-PN)\t\t\t\t\t\t\t<\/span>\n\t\t\t\t\t\t\t\t\t\t\t\t\t\t\t\t\t\t\t<span class=\"light-grid__title body-copy--1\">\n\t\t\t\t\t\t\t\tDoen\u00e7a rara e fatal em que dep\u00f3sitos de amiloides causam danos progressivos a m\u00faltiplos \u00f3rg\u00e3os e sistemas.\t\t\t\t\t\t\t<\/span>\n\t\t\t\t\t\t\t\t\t\t\t<\/div>\n\t\t\t\t\t\t\t\t\t<\/a>\n\t\t\t<\/div>\n\t\t\t\t\t\t\t\t<div class=\"light-grid__item has-tag\">\n\t\t\t\t<a href=\"\" class=\"light-grid__info\">\n\t\t\t\t\t<div class=\"light-grid__main\">\n\t\t\t\t\t\t\t\t\t\t\t\t\t<span class=\"light-grid__name heading--6\">\n\t\t\t\t\t\t\t\tDistrofia muscular de Duchenne (DMD)\t\t\t\t\t\t\t<\/span>\n\t\t\t\t\t\t\t\t\t\t\t\t\t\t\t\t\t\t\t<span class=\"light-grid__title body-copy--1\">\n\t\t\t\t\t\t\t\tDoen\u00e7a gen\u00e9tica rara e fatal que resulta em fraqueza muscular progressiva desde a inf\u00e2ncia.\t\t\t\t\t\t\t<\/span>\n\t\t\t\t\t\t\t\t\t\t\t<\/div>\n\t\t\t\t\t\t\t\t\t<\/a>\n\t\t\t<\/div>\n\t\t\t\t\t\t\t\t<div class=\"light-grid__item has-tag\">\n\t\t\t\t<a href=\"\" class=\"light-grid__info\">\n\t\t\t\t\t<div class=\"light-grid__main\">\n\t\t\t\t\t\t\t\t\t\t\t\t\t<span class=\"light-grid__name heading--6\">\n\t\t\t\t\t\t\t\tAtaxia de Friedreich (AF)\t\t\t\t\t\t\t<\/span>\n\t\t\t\t\t\t\t\t\t\t\t\t\t\t\t\t\t\t\t<span class=\"light-grid__title body-copy--1\">\n\t\t\t\t\t\t\t\tDoen\u00e7a rara, heredit\u00e1ria e progressiva causada por disfun\u00e7\u00e3o mitocondrial.\t\t\t\t\t\t\t<\/span>\n\t\t\t\t\t\t\t\t\t\t\t<\/div>\n\t\t\t\t\t\t\t\t\t<\/a>\n\t\t\t<\/div>\n\t\t\t\t\t\t\t\t<div class=\"light-grid__item has-tag\">\n\t\t\t\t<a href=\"\" class=\"light-grid__info\">\n\t\t\t\t\t<div class=\"light-grid__main\">\n\t\t\t\t\t\t\t\t\t\t\t\t\t<span class=\"light-grid__name heading--6\">\n\t\t\t\t\t\t\t\tDefici\u00eancia da descarboxilase de l-amino\u00e1cidos arom\u00e1ticos (AADC)\t\t\t\t\t\t\t<\/span>\n\t\t\t\t\t\t\t\t\t\t\t\t\t\t\t\t\t\t\t<span class=\"light-grid__title body-copy--1\">\n\t\t\t\t\t\t\t\tPacientes com defici\u00eancia de AADC n\u00e3o produzem dopamina, um neurotransmissor essencial que controla os movimentos.\t\t\t\t\t\t\t<\/span>\n\t\t\t\t\t\t\t\t\t\t\t<\/div>\n\t\t\t\t\t\t\t\t\t<\/a>\n\t\t\t<\/div>\n\t\t\t\t\t\t\t\t<div class=\"light-grid__item has-tag\">\n\t\t\t\t<a href=\"\" class=\"light-grid__info\">\n\t\t\t\t\t<div class=\"light-grid__main\">\n\t\t\t\t\t\t\t\t\t\t\t\t\t<span class=\"light-grid__name heading--6\">\n\t\t\t\t\t\t\t\tDoen\u00e7a de Huntington (DH)\t\t\t\t\t\t\t<\/span>\n\t\t\t\t\t\t\t\t\t\t\t\t\t\t\t\t\t\t\t<span class=\"light-grid__title body-copy--1\">\n\t\t\t\t\t\t\t\tDist\u00farbio cerebral progressivo que causa movimentos descontrolados e perda cognitiva.\t\t\t\t\t\t\t<\/span>\n\t\t\t\t\t\t\t\t\t\t\t<\/div>\n\t\t\t\t\t\t\t\t\t<\/a>\n\t\t\t<\/div>\n\t\t\t\t\t\t\t\t<div class=\"light-grid__item has-tag\">\n\t\t\t\t<a href=\"\" class=\"light-grid__info\">\n\t\t\t\t\t<div class=\"light-grid__main\">\n\t\t\t\t\t\t\t\t\t\t\t\t\t<span class=\"light-grid__name heading--6\">\n\t\t\t\t\t\t\t\tAtrofia muscular espinhal (AME)\t\t\t\t\t\t\t<\/span>\n\t\t\t\t\t\t\t\t\t\t\t\t\t\t\t\t\t\t\t<span class=\"light-grid__title body-copy--1\">\n\t\t\t\t\t\t\t\tDoen\u00e7a heredit\u00e1ria que destr\u00f3i progressivamente os neur\u00f4nios motores.\t\t\t\t\t\t\t<\/span>\n\t\t\t\t\t\t\t\t\t\t\t<\/div>\n\t\t\t\t\t\t\t\t\t<\/a>\n\t\t\t<\/div>\n\t\t\t<\/div>\n\n<\/div>\n\n","protected":false},"excerpt":{"rendered":"<p>Somos profundamente comprometidos com pacientes que vivem com doen\u00e7as raras e que t\u00eam poucas ou nenhuma op\u00e7\u00e3o de tratamento, e essa paix\u00e3o nos alimenta e inspira. Nossos esfor\u00e7os comerciais e de desenvolvimento est\u00e3o focados em duas \u00e1reas terap\u00eauticas \u2013 neurologia e condi\u00e7\u00f5es metab\u00f3licas \u2013 nas quais temos ampla experi\u00eancia e um hist\u00f3rico de sucesso.<\/p>\n","protected":false},"author":14,"featured_media":0,"parent":0,"menu_order":0,"comment_status":"closed","ping_status":"closed","template":"","meta":{"_acf_changed":false,"footnotes":""},"class_list":["post-9951","page","type-page","status-publish","hentry"],"acf":[],"yoast_head":"<!-- This site is optimized with the Yoast SEO Premium plugin v27.2 (Yoast SEO v27.2) - https:\/\/yoast.com\/product\/yoast-seo-premium-wordpress\/ -->\n<title>\u00c1reas Terap\u00eauticas - PTC Therapeutics (LATAM-Portuguese)<\/title>\n<meta name=\"robots\" content=\"index, follow, max-snippet:-1, max-image-preview:large, max-video-preview:-1\" \/>\n<link rel=\"canonical\" href=\"https:\/\/latam.ptcbio.com\/pt\/areas-terapeuticas\/\" \/>\n<meta property=\"og:locale\" content=\"pt_BR\" \/>\n<meta property=\"og:type\" content=\"article\" \/>\n<meta property=\"og:title\" content=\"\u00c1reas Terap\u00eauticas\" \/>\n<meta property=\"og:description\" content=\"Somos profundamente comprometidos com pacientes que vivem com doen\u00e7as raras e que t\u00eam poucas ou nenhuma op\u00e7\u00e3o de tratamento, e essa paix\u00e3o nos alimenta e inspira. Nossos esfor\u00e7os comerciais e de desenvolvimento est\u00e3o focados em duas \u00e1reas terap\u00eauticas \u2013 neurologia e condi\u00e7\u00f5es metab\u00f3licas \u2013 nas quais temos ampla experi\u00eancia e um hist\u00f3rico de sucesso.\" \/>\n<meta property=\"og:url\" content=\"https:\/\/latam.ptcbio.com\/pt\/areas-terapeuticas\/\" \/>\n<meta property=\"og:site_name\" content=\"PTC Therapeutics (LATAM-Portuguese)\" \/>\n<meta property=\"article:publisher\" content=\"https:\/\/www.facebook.com\/PTCTherapeutics\" \/>\n<meta property=\"article:modified_time\" content=\"2025-10-10T20:26:32+00:00\" \/>\n<meta name=\"twitter:card\" content=\"summary_large_image\" \/>\n<meta name=\"twitter:site\" content=\"@PTCBio\" \/>\n<meta name=\"twitter:label1\" content=\"Est. tempo de leitura\" \/>\n\t<meta name=\"twitter:data1\" content=\"1 minuto\" \/>\n<script type=\"application\/ld+json\" class=\"yoast-schema-graph\">{\"@context\":\"https:\/\/schema.org\",\"@graph\":[{\"@type\":\"WebPage\",\"@id\":\"https:\/\/latam.ptcbio.com\/pt\/areas-terapeuticas\/\",\"url\":\"https:\/\/latam.ptcbio.com\/pt\/areas-terapeuticas\/\",\"name\":\"\u00c1reas Terap\u00eauticas - PTC Therapeutics (LATAM-Portuguese)\",\"isPartOf\":{\"@id\":\"https:\/\/latam.ptcbio.com\/pt\/#website\"},\"datePublished\":\"2022-12-27T17:55:41+00:00\",\"dateModified\":\"2025-10-10T20:26:32+00:00\",\"breadcrumb\":{\"@id\":\"https:\/\/latam.ptcbio.com\/pt\/areas-terapeuticas\/#breadcrumb\"},\"inLanguage\":\"pt-BR\",\"potentialAction\":[{\"@type\":\"ReadAction\",\"target\":[\"https:\/\/latam.ptcbio.com\/pt\/areas-terapeuticas\/\"]}]},{\"@type\":\"BreadcrumbList\",\"@id\":\"https:\/\/latam.ptcbio.com\/pt\/areas-terapeuticas\/#breadcrumb\",\"itemListElement\":[{\"@type\":\"ListItem\",\"position\":1,\"name\":\"Home\",\"item\":\"https:\/\/latam.ptcbio.com\/pt\/\"},{\"@type\":\"ListItem\",\"position\":2,\"name\":\"\u00c1reas Terap\u00eauticas\"}]},{\"@type\":\"WebSite\",\"@id\":\"https:\/\/latam.ptcbio.com\/pt\/#website\",\"url\":\"https:\/\/latam.ptcbio.com\/pt\/\",\"name\":\"PTC Therapeutics, Inc.\",\"description\":\"\",\"publisher\":{\"@id\":\"https:\/\/latam.ptcbio.com\/pt\/#organization\"},\"potentialAction\":[{\"@type\":\"SearchAction\",\"target\":{\"@type\":\"EntryPoint\",\"urlTemplate\":\"https:\/\/latam.ptcbio.com\/pt\/?s={search_term_string}\"},\"query-input\":{\"@type\":\"PropertyValueSpecification\",\"valueRequired\":true,\"valueName\":\"search_term_string\"}}],\"inLanguage\":\"pt-BR\"},{\"@type\":\"Organization\",\"@id\":\"https:\/\/latam.ptcbio.com\/pt\/#organization\",\"name\":\"PTC Therapeutics, Inc.\",\"url\":\"https:\/\/latam.ptcbio.com\/pt\/\",\"logo\":{\"@type\":\"ImageObject\",\"inLanguage\":\"pt-BR\",\"@id\":\"https:\/\/latam.ptcbio.com\/pt\/#\/schema\/logo\/image\/\",\"url\":null,\"contentUrl\":null,\"width\":null,\"height\":null,\"caption\":\"PTC Therapeutics, Inc.\"},\"image\":{\"@id\":\"https:\/\/latam.ptcbio.com\/pt\/#\/schema\/logo\/image\/\"},\"sameAs\":[\"https:\/\/www.facebook.com\/PTCTherapeutics\",\"https:\/\/x.com\/PTCBio\"]}]}<\/script>\n<!-- \/ Yoast SEO Premium plugin. -->","yoast_head_json":{"title":"\u00c1reas Terap\u00eauticas - PTC Therapeutics (LATAM-Portuguese)","robots":{"index":"index","follow":"follow","max-snippet":"max-snippet:-1","max-image-preview":"max-image-preview:large","max-video-preview":"max-video-preview:-1"},"canonical":"https:\/\/latam.ptcbio.com\/pt\/areas-terapeuticas\/","og_locale":"pt_BR","og_type":"article","og_title":"\u00c1reas Terap\u00eauticas","og_description":"Somos profundamente comprometidos com pacientes que vivem com doen\u00e7as raras e que t\u00eam poucas ou nenhuma op\u00e7\u00e3o de tratamento, e essa paix\u00e3o nos alimenta e inspira. Nossos esfor\u00e7os comerciais e de desenvolvimento est\u00e3o focados em duas \u00e1reas terap\u00eauticas \u2013 neurologia e condi\u00e7\u00f5es metab\u00f3licas \u2013 nas quais temos ampla experi\u00eancia e um hist\u00f3rico de sucesso.","og_url":"https:\/\/latam.ptcbio.com\/pt\/areas-terapeuticas\/","og_site_name":"PTC Therapeutics (LATAM-Portuguese)","article_publisher":"https:\/\/www.facebook.com\/PTCTherapeutics","article_modified_time":"2025-10-10T20:26:32+00:00","twitter_card":"summary_large_image","twitter_site":"@PTCBio","twitter_misc":{"Est. tempo de leitura":"1 minuto"},"schema":{"@context":"https:\/\/schema.org","@graph":[{"@type":"WebPage","@id":"https:\/\/latam.ptcbio.com\/pt\/areas-terapeuticas\/","url":"https:\/\/latam.ptcbio.com\/pt\/areas-terapeuticas\/","name":"\u00c1reas Terap\u00eauticas - PTC Therapeutics (LATAM-Portuguese)","isPartOf":{"@id":"https:\/\/latam.ptcbio.com\/pt\/#website"},"datePublished":"2022-12-27T17:55:41+00:00","dateModified":"2025-10-10T20:26:32+00:00","breadcrumb":{"@id":"https:\/\/latam.ptcbio.com\/pt\/areas-terapeuticas\/#breadcrumb"},"inLanguage":"pt-BR","potentialAction":[{"@type":"ReadAction","target":["https:\/\/latam.ptcbio.com\/pt\/areas-terapeuticas\/"]}]},{"@type":"BreadcrumbList","@id":"https:\/\/latam.ptcbio.com\/pt\/areas-terapeuticas\/#breadcrumb","itemListElement":[{"@type":"ListItem","position":1,"name":"Home","item":"https:\/\/latam.ptcbio.com\/pt\/"},{"@type":"ListItem","position":2,"name":"\u00c1reas Terap\u00eauticas"}]},{"@type":"WebSite","@id":"https:\/\/latam.ptcbio.com\/pt\/#website","url":"https:\/\/latam.ptcbio.com\/pt\/","name":"PTC Therapeutics, Inc.","description":"","publisher":{"@id":"https:\/\/latam.ptcbio.com\/pt\/#organization"},"potentialAction":[{"@type":"SearchAction","target":{"@type":"EntryPoint","urlTemplate":"https:\/\/latam.ptcbio.com\/pt\/?s={search_term_string}"},"query-input":{"@type":"PropertyValueSpecification","valueRequired":true,"valueName":"search_term_string"}}],"inLanguage":"pt-BR"},{"@type":"Organization","@id":"https:\/\/latam.ptcbio.com\/pt\/#organization","name":"PTC Therapeutics, Inc.","url":"https:\/\/latam.ptcbio.com\/pt\/","logo":{"@type":"ImageObject","inLanguage":"pt-BR","@id":"https:\/\/latam.ptcbio.com\/pt\/#\/schema\/logo\/image\/","url":null,"contentUrl":null,"width":null,"height":null,"caption":"PTC Therapeutics, Inc."},"image":{"@id":"https:\/\/latam.ptcbio.com\/pt\/#\/schema\/logo\/image\/"},"sameAs":["https:\/\/www.facebook.com\/PTCTherapeutics","https:\/\/x.com\/PTCBio"]}]}},"_links":{"self":[{"href":"https:\/\/latam.ptcbio.com\/pt\/wp-json\/wp\/v2\/pages\/9951","targetHints":{"allow":["GET"]}}],"collection":[{"href":"https:\/\/latam.ptcbio.com\/pt\/wp-json\/wp\/v2\/pages"}],"about":[{"href":"https:\/\/latam.ptcbio.com\/pt\/wp-json\/wp\/v2\/types\/page"}],"author":[{"embeddable":true,"href":"https:\/\/latam.ptcbio.com\/pt\/wp-json\/wp\/v2\/users\/14"}],"replies":[{"embeddable":true,"href":"https:\/\/latam.ptcbio.com\/pt\/wp-json\/wp\/v2\/comments?post=9951"}],"version-history":[{"count":10,"href":"https:\/\/latam.ptcbio.com\/pt\/wp-json\/wp\/v2\/pages\/9951\/revisions"}],"predecessor-version":[{"id":17063,"href":"https:\/\/latam.ptcbio.com\/pt\/wp-json\/wp\/v2\/pages\/9951\/revisions\/17063"}],"wp:attachment":[{"href":"https:\/\/latam.ptcbio.com\/pt\/wp-json\/wp\/v2\/media?parent=9951"}],"curies":[{"name":"wp","href":"https:\/\/api.w.org\/{rel}","templated":true}]}}