{"id":9803,"date":"2022-12-23T19:41:10","date_gmt":"2022-12-23T19:41:10","guid":{"rendered":"https:\/\/latam.ptcbio.com\/pt\/?page_id=9803"},"modified":"2025-10-24T12:02:33","modified_gmt":"2025-10-24T16:02:33","slug":"termos-de-uso","status":"publish","type":"page","link":"https:\/\/latam.ptcbio.com\/pt\/termos-de-uso\/","title":{"rendered":"Terms of Use"},"content":{"rendered":"<div class=\"hero-header__outer-container\">\n\n\t<div class=\"hero hero--normal color-theme--light-blue hero--no-image hero--normal-spacing\">\n\t\t\t\t\t\t\t\t\t\t<div class=\"hero__inner hero__inner--center\">\n\t\t\t<div class=\"hero__content hero__content--center hero__content--no-image\">\n\t\t\t\t\t\t\t\t\t\t\t\t\t\t\t\t<div class=\"u-mt-1 u-my-2\"><h1 class=\"hero__title hero__title--standard\" data-ptc-fitty=\"\">Termos de Uso do Website<\/h1><\/div>\n\t\t\t\t\t\t\t\t\t\t\t\t<div class=\"hero__subtitle\">\u00daltima atualiza\u00e7\u00e3o: outubro de 2025<\/div>\n\t\t\t\t\t\t\t\t\t\t\t<\/div>\n\t\t\t\t\t<\/div>\n\t\t\t<\/div>\n\t\t\t<div class=\"hero__breadcrumbs\"><nav\n\tclass=\"breadcrumbs breadcrumbs--shallow\"\n\taria-label=\"Breadcrumb\"\n>\n\t<ol class=\"breadcrumbs__list\" itemscope itemtype=\"https:\/\/schema.org\/BreadcrumbList\">\n\t\t\t\t\t\t\t\t\t<li class=\"breadcrumbs__crumb breadcrumbs__crumb--dark\" itemscope itemprop=\"itemListElement\" itemtype=\"https:\/\/schema.org\/ListItem\">\n\t\t\t\t\t\t\t\t\t\t\t<a class=\"breadcrumbs__link breadcrumbs__link--home breadcrumbs__link--dark\" itemprop=\"item\" href=\"https:\/\/latam.ptcbio.com\/pt\/\">\n\t\t\t\t\t\t\t<span class=\"sr-only\" itemprop=\"name\">P\u00e1gina Inicial<\/span>\n\t\t\t\t\t\t<\/a>\n\t\t\t\t\t\t\t\t\t\t<meta itemprop=\"position\" content=\"1\" \/>\n\t\t\t\t<\/li>\n\t\t\t\t\t\t\t\t\t\t\t<\/ol>\n<\/nav>\n<\/div>\n\t<\/div>\n\n\n\n<p class=\"core-block core-paragraph\">Obrigado por visitar o Site (o \u201cSite\u201d) da PTC Therapeutics, e suas subsidi\u00e1rias (a \u201cEmpresa\u201d).<br>A Empresa concede a voc\u00ea o direito de usar este Site, sujeito aos termos e condi\u00e7\u00f5es de uso estabelecidos abaixo (este \u201cAcordo de Termos de Uso\u201d).<\/p>\n\n\n\n<p class=\"core-block core-paragraph\"><strong>AVISO IMPORTANTE:<\/strong><\/p>\n\n\n\n<p class=\"core-block core-paragraph\"><br>Todas as informa\u00e7\u00f5es fornecidas neste Site destinam-se exclusivamente a fins informativos e educacionais gerais e n\u00e3o constituem aconselhamento profissional ou substituto para consulta com profissionais de sa\u00fade qualificados. Este Site pode incluir informa\u00e7\u00f5es sobre condi\u00e7\u00f5es m\u00e9dicas e seus tratamentos; no entanto, a PTC Therapeutics n\u00e3o oferece garantias, representa\u00e7\u00f5es ou declara\u00e7\u00f5es, expressas ou impl\u00edcitas, sobre a precis\u00e3o, integridade, confiabilidade ou adequa\u00e7\u00e3o de tais informa\u00e7\u00f5es para qualquer finalidade. Os usu\u00e1rios reconhecem e concordam que confiar em qualquer informa\u00e7\u00e3o fornecida neste Site \u00e9 exclusivamente por sua conta e risco. A PTC Therapeutics isenta-se expressamente de toda e qualquer responsabilidade por confiar nas informa\u00e7\u00f5es aqui fornecidas. Ao acessar este Site, voc\u00ea reconhece e concorda que a PTC Therapeutics n\u00e3o assume responsabilidade por erros, omiss\u00f5es, imprecis\u00f5es ou equ\u00edvocos tipogr\u00e1ficos no conte\u00fado e n\u00e3o ser\u00e1 responsabilizada por quaisquer danos, diretos ou indiretos, decorrentes do uso ou incapacidade de uso deste Site. Os usu\u00e1rios s\u00e3o fortemente incentivados a consultar profissionais adequados antes de tomar decis\u00f5es ou realizar a\u00e7\u00f5es com base nas informa\u00e7\u00f5es contidas neste Site.<\/p>\n\n\n\n<p class=\"core-block core-paragraph\">A PTC Therapeutics tamb\u00e9m n\u00e3o faz representa\u00e7\u00f5es ou garantias de que os materiais deste Site s\u00e3o apropriados ou dispon\u00edveis para uso fora do Brasil. Usu\u00e1rios que optarem por acessar este Site de outras localidades o fazem por sua pr\u00f3pria iniciativa e s\u00e3o inteiramente respons\u00e1veis por garantir a conformidade com todas as leis, regulamentos e restri\u00e7\u00f5es locais aplic\u00e1veis. A PTC Therapeutics isenta-se expressamente de qualquer responsabilidade pelo uso deste Site em jurisdi\u00e7\u00f5es onde seu conte\u00fado possa ser considerado ilegal ou restrito de outra forma.<\/p>\n\n\n\n<p class=\"core-block core-paragraph\"><strong>Aceita\u00e7\u00e3o:<\/strong><br>Leia atentamente este Acordo de Termos de Uso antes de acessar ou usar este Site. Seu acesso e uso deste Site s\u00e3o regidos por estes Termos e Condi\u00e7\u00f5es, todas as leis aplic\u00e1veis e o Aviso de Privacidade. O Aviso de Privacidade \u00e9 incorporada a este Acordo de Termos de Uso como se estivesse aqui integralmente estabelecida. Ao acessar, navegar ou usar este Site, voc\u00ea reconhece e concorda, sem limita\u00e7\u00f5es ou qualifica\u00e7\u00f5es, em estar vinculado a estes Termos e Condi\u00e7\u00f5es. Se voc\u00ea n\u00e3o concordar com este Acordo de Termos de Uso, n\u00e3o poder\u00e1 acessar ou usar este Site.<\/p>\n\n\n\n<p class=\"core-block core-paragraph\"><strong>Declara\u00e7\u00e3o de Isen\u00e7\u00e3o de Garantias:<\/strong><br>Todas as informa\u00e7\u00f5es neste Site s\u00e3o fornecidas \u201cNO ESTADO EM QUE SE ENCONTRAM\u201d, sem quaisquer representa\u00e7\u00f5es ou garantias de qualquer tipo, expressas ou impl\u00edcitas, incluindo, mas n\u00e3o se limitando \u00e0s garantias impl\u00edcitas de comercializa\u00e7\u00e3o, adequa\u00e7\u00e3o a uma finalidade espec\u00edfica, n\u00e3o viola\u00e7\u00e3o ou precis\u00e3o. A Empresa e suas afiliadas usar\u00e3o cuidados razo\u00e1veis para garantir que as informa\u00e7\u00f5es fornecidas neste Site sejam precisas e atualizadas no momento de sua publica\u00e7\u00e3o; no entanto, a Empresa n\u00e3o faz garantias quanto \u00e0 precis\u00e3o, integridade ou pontualidade de tais informa\u00e7\u00f5es.<\/p>\n\n\n\n<p class=\"core-block core-paragraph\"><strong>Informa\u00e7\u00e3o Hist\u00f3rica:<\/strong><br>Algumas informa\u00e7\u00f5es neste Site podem ser hist\u00f3ricas. Essas informa\u00e7\u00f5es devem ser interpretadas como relacionadas a eventos e circunst\u00e2ncias existentes na data original de sua publica\u00e7\u00e3o.<\/p>\n\n\n\n<p class=\"core-block core-paragraph\"><strong>Informa\u00e7\u00f5es M\u00e9dicas e Profissionais:<\/strong><br>Este Site pode conter informa\u00e7\u00f5es gerais sobre condi\u00e7\u00f5es m\u00e9dicas, tratamentos e refer\u00eancias a produtos da Empresa. Essas informa\u00e7\u00f5es s\u00e3o estritamente informativas e n\u00e3o devem ser interpretadas como substitutas de aconselhamento profissional de um provedor de sa\u00fade qualificado.<\/p>\n\n\n\n<p class=\"core-block core-paragraph\"><strong>Conte\u00fado do Site:<\/strong><br>Todo o conte\u00fado dispon\u00edvel neste Site \u00e9 propriedade exclusiva da Empresa ou de seus licenciadores e \u00e9 protegido por leis de direitos autorais, marcas registradas e outras leis de propriedade intelectual.<\/p>\n","protected":false},"excerpt":{"rendered":"<p>Obrigado por visitar o Site (o \u201cSite\u201d) da PTC Therapeutics, e suas subsidi\u00e1rias (a \u201cEmpresa\u201d).A Empresa concede a voc\u00ea o direito de usar este Site, sujeito aos termos e condi\u00e7\u00f5es de uso estabelecidos abaixo (este \u201cAcordo de Termos de Uso\u201d). AVISO IMPORTANTE: Todas as informa\u00e7\u00f5es fornecidas neste Site destinam-se exclusivamente a fins informativos e educacionais&hellip;<\/p>\n","protected":false},"author":14,"featured_media":0,"parent":0,"menu_order":0,"comment_status":"closed","ping_status":"closed","template":"","meta":{"_acf_changed":false,"footnotes":""},"class_list":["post-9803","page","type-page","status-publish","hentry"],"acf":[],"yoast_head":"<!-- This site is optimized with the Yoast SEO Premium plugin v27.2 (Yoast SEO v27.2) - https:\/\/yoast.com\/product\/yoast-seo-premium-wordpress\/ -->\n<title>Terms of Use - PTC Therapeutics (LATAM-Portuguese)<\/title>\n<meta name=\"robots\" content=\"index, follow, max-snippet:-1, max-image-preview:large, max-video-preview:-1\" \/>\n<link rel=\"canonical\" href=\"https:\/\/latam.ptcbio.com\/pt\/termos-de-uso\/\" \/>\n<meta property=\"og:locale\" content=\"pt_BR\" \/>\n<meta property=\"og:type\" content=\"article\" \/>\n<meta property=\"og:title\" content=\"Terms of Use\" \/>\n<meta property=\"og:description\" content=\"Obrigado por visitar o Site (o \u201cSite\u201d) da PTC Therapeutics, e suas subsidi\u00e1rias (a \u201cEmpresa\u201d).A Empresa concede a voc\u00ea o direito de usar este Site, sujeito aos termos e condi\u00e7\u00f5es de uso estabelecidos abaixo (este \u201cAcordo de Termos de Uso\u201d). AVISO IMPORTANTE: Todas as informa\u00e7\u00f5es fornecidas neste Site destinam-se exclusivamente a fins informativos e educacionais&hellip;\" \/>\n<meta property=\"og:url\" content=\"https:\/\/latam.ptcbio.com\/pt\/termos-de-uso\/\" \/>\n<meta property=\"og:site_name\" content=\"PTC Therapeutics (LATAM-Portuguese)\" \/>\n<meta property=\"article:publisher\" content=\"https:\/\/www.facebook.com\/PTCTherapeutics\" \/>\n<meta property=\"article:modified_time\" content=\"2025-10-24T16:02:33+00:00\" \/>\n<meta name=\"twitter:card\" content=\"summary_large_image\" \/>\n<meta name=\"twitter:site\" content=\"@PTCBio\" \/>\n<meta name=\"twitter:label1\" content=\"Est. tempo de leitura\" \/>\n\t<meta name=\"twitter:data1\" content=\"4 minutos\" \/>\n<script type=\"application\/ld+json\" class=\"yoast-schema-graph\">{\"@context\":\"https:\/\/schema.org\",\"@graph\":[{\"@type\":\"WebPage\",\"@id\":\"https:\/\/latam.ptcbio.com\/pt\/termos-de-uso\/\",\"url\":\"https:\/\/latam.ptcbio.com\/pt\/termos-de-uso\/\",\"name\":\"Terms of Use - PTC Therapeutics (LATAM-Portuguese)\",\"isPartOf\":{\"@id\":\"https:\/\/latam.ptcbio.com\/pt\/#website\"},\"datePublished\":\"2022-12-23T19:41:10+00:00\",\"dateModified\":\"2025-10-24T16:02:33+00:00\",\"breadcrumb\":{\"@id\":\"https:\/\/latam.ptcbio.com\/pt\/termos-de-uso\/#breadcrumb\"},\"inLanguage\":\"pt-BR\",\"potentialAction\":[{\"@type\":\"ReadAction\",\"target\":[\"https:\/\/latam.ptcbio.com\/pt\/termos-de-uso\/\"]}]},{\"@type\":\"BreadcrumbList\",\"@id\":\"https:\/\/latam.ptcbio.com\/pt\/termos-de-uso\/#breadcrumb\",\"itemListElement\":[{\"@type\":\"ListItem\",\"position\":1,\"name\":\"Home\",\"item\":\"https:\/\/latam.ptcbio.com\/pt\/\"},{\"@type\":\"ListItem\",\"position\":2,\"name\":\"Terms of Use\"}]},{\"@type\":\"WebSite\",\"@id\":\"https:\/\/latam.ptcbio.com\/pt\/#website\",\"url\":\"https:\/\/latam.ptcbio.com\/pt\/\",\"name\":\"PTC Therapeutics, Inc.\",\"description\":\"\",\"publisher\":{\"@id\":\"https:\/\/latam.ptcbio.com\/pt\/#organization\"},\"potentialAction\":[{\"@type\":\"SearchAction\",\"target\":{\"@type\":\"EntryPoint\",\"urlTemplate\":\"https:\/\/latam.ptcbio.com\/pt\/?s={search_term_string}\"},\"query-input\":{\"@type\":\"PropertyValueSpecification\",\"valueRequired\":true,\"valueName\":\"search_term_string\"}}],\"inLanguage\":\"pt-BR\"},{\"@type\":\"Organization\",\"@id\":\"https:\/\/latam.ptcbio.com\/pt\/#organization\",\"name\":\"PTC Therapeutics, Inc.\",\"url\":\"https:\/\/latam.ptcbio.com\/pt\/\",\"logo\":{\"@type\":\"ImageObject\",\"inLanguage\":\"pt-BR\",\"@id\":\"https:\/\/latam.ptcbio.com\/pt\/#\/schema\/logo\/image\/\",\"url\":null,\"contentUrl\":null,\"width\":null,\"height\":null,\"caption\":\"PTC Therapeutics, Inc.\"},\"image\":{\"@id\":\"https:\/\/latam.ptcbio.com\/pt\/#\/schema\/logo\/image\/\"},\"sameAs\":[\"https:\/\/www.facebook.com\/PTCTherapeutics\",\"https:\/\/x.com\/PTCBio\"]}]}<\/script>\n<!-- \/ Yoast SEO Premium plugin. -->","yoast_head_json":{"title":"Terms of Use - PTC Therapeutics (LATAM-Portuguese)","robots":{"index":"index","follow":"follow","max-snippet":"max-snippet:-1","max-image-preview":"max-image-preview:large","max-video-preview":"max-video-preview:-1"},"canonical":"https:\/\/latam.ptcbio.com\/pt\/termos-de-uso\/","og_locale":"pt_BR","og_type":"article","og_title":"Terms of Use","og_description":"Obrigado por visitar o Site (o \u201cSite\u201d) da PTC Therapeutics, e suas subsidi\u00e1rias (a \u201cEmpresa\u201d).A Empresa concede a voc\u00ea o direito de usar este Site, sujeito aos termos e condi\u00e7\u00f5es de uso estabelecidos abaixo (este \u201cAcordo de Termos de Uso\u201d). AVISO IMPORTANTE: Todas as informa\u00e7\u00f5es fornecidas neste Site destinam-se exclusivamente a fins informativos e educacionais&hellip;","og_url":"https:\/\/latam.ptcbio.com\/pt\/termos-de-uso\/","og_site_name":"PTC Therapeutics (LATAM-Portuguese)","article_publisher":"https:\/\/www.facebook.com\/PTCTherapeutics","article_modified_time":"2025-10-24T16:02:33+00:00","twitter_card":"summary_large_image","twitter_site":"@PTCBio","twitter_misc":{"Est. tempo de leitura":"4 minutos"},"schema":{"@context":"https:\/\/schema.org","@graph":[{"@type":"WebPage","@id":"https:\/\/latam.ptcbio.com\/pt\/termos-de-uso\/","url":"https:\/\/latam.ptcbio.com\/pt\/termos-de-uso\/","name":"Terms of Use - PTC Therapeutics (LATAM-Portuguese)","isPartOf":{"@id":"https:\/\/latam.ptcbio.com\/pt\/#website"},"datePublished":"2022-12-23T19:41:10+00:00","dateModified":"2025-10-24T16:02:33+00:00","breadcrumb":{"@id":"https:\/\/latam.ptcbio.com\/pt\/termos-de-uso\/#breadcrumb"},"inLanguage":"pt-BR","potentialAction":[{"@type":"ReadAction","target":["https:\/\/latam.ptcbio.com\/pt\/termos-de-uso\/"]}]},{"@type":"BreadcrumbList","@id":"https:\/\/latam.ptcbio.com\/pt\/termos-de-uso\/#breadcrumb","itemListElement":[{"@type":"ListItem","position":1,"name":"Home","item":"https:\/\/latam.ptcbio.com\/pt\/"},{"@type":"ListItem","position":2,"name":"Terms of Use"}]},{"@type":"WebSite","@id":"https:\/\/latam.ptcbio.com\/pt\/#website","url":"https:\/\/latam.ptcbio.com\/pt\/","name":"PTC Therapeutics, Inc.","description":"","publisher":{"@id":"https:\/\/latam.ptcbio.com\/pt\/#organization"},"potentialAction":[{"@type":"SearchAction","target":{"@type":"EntryPoint","urlTemplate":"https:\/\/latam.ptcbio.com\/pt\/?s={search_term_string}"},"query-input":{"@type":"PropertyValueSpecification","valueRequired":true,"valueName":"search_term_string"}}],"inLanguage":"pt-BR"},{"@type":"Organization","@id":"https:\/\/latam.ptcbio.com\/pt\/#organization","name":"PTC Therapeutics, Inc.","url":"https:\/\/latam.ptcbio.com\/pt\/","logo":{"@type":"ImageObject","inLanguage":"pt-BR","@id":"https:\/\/latam.ptcbio.com\/pt\/#\/schema\/logo\/image\/","url":null,"contentUrl":null,"width":null,"height":null,"caption":"PTC Therapeutics, Inc."},"image":{"@id":"https:\/\/latam.ptcbio.com\/pt\/#\/schema\/logo\/image\/"},"sameAs":["https:\/\/www.facebook.com\/PTCTherapeutics","https:\/\/x.com\/PTCBio"]}]}},"_links":{"self":[{"href":"https:\/\/latam.ptcbio.com\/pt\/wp-json\/wp\/v2\/pages\/9803","targetHints":{"allow":["GET"]}}],"collection":[{"href":"https:\/\/latam.ptcbio.com\/pt\/wp-json\/wp\/v2\/pages"}],"about":[{"href":"https:\/\/latam.ptcbio.com\/pt\/wp-json\/wp\/v2\/types\/page"}],"author":[{"embeddable":true,"href":"https:\/\/latam.ptcbio.com\/pt\/wp-json\/wp\/v2\/users\/14"}],"replies":[{"embeddable":true,"href":"https:\/\/latam.ptcbio.com\/pt\/wp-json\/wp\/v2\/comments?post=9803"}],"version-history":[{"count":1,"href":"https:\/\/latam.ptcbio.com\/pt\/wp-json\/wp\/v2\/pages\/9803\/revisions"}],"predecessor-version":[{"id":17073,"href":"https:\/\/latam.ptcbio.com\/pt\/wp-json\/wp\/v2\/pages\/9803\/revisions\/17073"}],"wp:attachment":[{"href":"https:\/\/latam.ptcbio.com\/pt\/wp-json\/wp\/v2\/media?parent=9803"}],"curies":[{"name":"wp","href":"https:\/\/api.w.org\/{rel}","templated":true}]}}