{"id":9249,"date":"2022-12-21T13:55:27","date_gmt":"2022-12-21T13:55:27","guid":{"rendered":"https:\/\/latam.ptcbio.com\/pt\/?page_id=9249"},"modified":"2025-10-10T16:22:41","modified_gmt":"2025-10-10T20:22:41","slug":"inflamacao-e-ferroptose","status":"publish","type":"page","link":"https:\/\/latam.ptcbio.com\/pt\/nossa-ciencia\/inflamacao-e-ferroptose\/","title":{"rendered":"Inflama\u00e7\u00e3o &amp; Ferroptose"},"content":{"rendered":"<div class=\"hero-header__outer-container\">\n\n\t<div class=\"hero hero--styled color-theme--denim-blue hero--no-image hero--normal-spacing\">\n\t\t\t\t\t\t<div class=\"hero__bg\">\n\t\t\t<div id=\"particles-js\" class=\"hero__constellation hero__constellation--center\"><\/div>\n\t\t<\/div>\n\t\t\t\t\t\t\t\t<div class=\"hero__inner hero__inner--center\">\n\t\t\t<div class=\"hero__content hero__content--center hero__content--no-image\">\n\t\t\t\t\t\t\t\t\t\t\t\t<div class=\"hero__eyebrow\">Nossa ci\u00eancia<\/div>\n\t\t\t\t\t\t\t\t\t\t\t\t<div class=\"u-mt-1 u-my-2\"><h1 class=\"hero__title hero__title--standard\" data-ptc-fitty=\"\">Plataforma de Inflama\u00e7\u00e3o e Ferroptose<\/h1><\/div>\n\t\t\t\t\t\t\t\t\t\t\t\t<div class=\"hero__subtitle\">Aproveitamos a experi\u00eancia na ci\u00eancia do estresse oxidativo e da inflama\u00e7\u00e3o para desenvolver terapias inovadoras para doen\u00e7as com alta necessidade m\u00e9dica n\u00e3o atendida<\/div>\n\t\t\t\t\t\t\t\t\t\t\t<\/div>\n\t\t\t\t\t<\/div>\n\t\t\t<\/div>\n\t\t\t<div class=\"hero__breadcrumbs\"><nav\n\tclass=\"breadcrumbs breadcrumbs--deep\"\n\taria-label=\"Breadcrumb\"\n>\n\t<ol class=\"breadcrumbs__list\" itemscope itemtype=\"https:\/\/schema.org\/BreadcrumbList\">\n\t\t\t\t\t\t\t\t\t<li class=\"breadcrumbs__crumb breadcrumbs__crumb--light\" itemscope itemprop=\"itemListElement\" itemtype=\"https:\/\/schema.org\/ListItem\">\n\t\t\t\t\t\t\t\t\t\t\t<a class=\"breadcrumbs__link breadcrumbs__link--home breadcrumbs__link--light\" itemprop=\"item\" href=\"https:\/\/latam.ptcbio.com\/pt\/\">\n\t\t\t\t\t\t\t<span class=\"sr-only\" itemprop=\"name\">P\u00e1gina Inicial<\/span>\n\t\t\t\t\t\t<\/a>\n\t\t\t\t\t\t\t\t\t\t<meta itemprop=\"position\" content=\"1\" \/>\n\t\t\t\t<\/li>\n\t\t\t\t\t\t\t\t\t\t\t\t<li class=\"breadcrumbs__crumb breadcrumbs__crumb--light\" itemscope itemprop=\"itemListElement\" itemtype=\"https:\/\/schema.org\/ListItem\">\n\t\t\t\t\t\t\t\t\t\t\t\t\t\t\t\t\t\t<a\n\t\t\t\t\t\t\t\tclass=\"breadcrumbs__link\" itemprop=\"item\"\n\t\t\t\t\t\t\t\thref=\"https:\/\/latam.ptcbio.com\/pt\/nossa-ciencia\/\"\n\t\t\t\t\t\t\t\t\t\t\t\t\t\t\t>\n\t\t\t\t\t\t\t\t\t\t\t\t\t\t\t<span itemprop=\"name\">Nossa ci\u00eancia<\/span>\n\t\t\t\t\t\t\t\t\t\t\t\t\t\t<\/a>\n\t\t\t\t\t\t\t\t\t\t\t\t\t\t\t\t<meta itemprop=\"position\" content=\"2\" \/>\n\t\t\t\t<\/li>\n\t\t\t\t\t\t\t\t\t\t\t\t<li class=\"breadcrumbs__crumb breadcrumbs__crumb--light\" itemscope itemprop=\"itemListElement\" itemtype=\"https:\/\/schema.org\/ListItem\">\n\t\t\t\t\t\t\t\t\t\t\t\t\t\t\t\t\t\t<span\n\t\t\t\t\t\t\t\tclass=\"breadcrumbs__current\" itemprop=\"item\"\n\t\t\t\t\t\t\t\taria-current=\"page\"\t\t\t\t\t\t\t>\n\t\t\t\t\t\t\t\t<span itemprop=\"name\">Inflama\u00e7\u00e3o &amp; Ferroptose<\/span>\n\t\t\t\t\t\t\t<\/span>\n\t\t\t\t\t\t\t\t\t\t\t\t\t\t\t\t<meta itemprop=\"position\" content=\"3\" \/>\n\t\t\t\t<\/li>\n\t\t\t\t\t\t<\/ol>\n<\/nav>\n<\/div>\n\t<\/div>\n\n\n\n<div style=\"--mg-spacer-desktop: 24px; --mg-spacer-mobile: 12px; height: var(--mg-spacer-desktop);\" aria-hidden=\"true\" class=\"mg-spacer--responsive wp-block-spacer\"><\/div>\n\n\n\n<figure class=\"wp-block-image alignright size-full\"><img loading=\"lazy\" decoding=\"async\" width=\"238\" height=\"146\" src=\"https:\/\/latam.ptcbio.com\/pt\/wp-content\/uploads\/sites\/10\/2025\/09\/i_and_f.png\" alt=\"Inflama\u00e7\u00e3o &amp; Ferroptose\" class=\"wp-image-16984\"\/><\/figure>\n\n\n\n<p class=\"core-block core-paragraph\">A PTC foi pioneira no desenvolvimento de medicamentos que atuam diretamente na ferroptose, um tipo de morte celular programada causada pela oxida\u00e7\u00e3o de lip\u00eddios da membrana celular dependente de ferro e pela ativa\u00e7\u00e3o de vias inflamat\u00f3rias prejudiciais.<\/p>\n\n\n\n<p class=\"core-block core-paragraph\">A plataforma de Inflama\u00e7\u00e3o e Ferroptose inclui programas em v\u00e1rios est\u00e1gios de desenvolvimento pr\u00e9-cl\u00ednico e cl\u00ednico, focados em traduzir essa expertise em terapias potencialmente transformadoras para pacientes com doen\u00e7as neurol\u00f3gicas e outras doen\u00e7as com alta necessidade m\u00e9dica n\u00e3o atendida.<\/p>\n\n\n\n<h4 class=\"wp-block-heading\" id=\"h-ferroptose-morte-celular-programada-que-desempenha-um-papel-significativo-em-multiplas-doencas\">Ferroptose: morte celular programada que desempenha um papel significativo em m\u00faltiplas doen\u00e7as<\/h4>\n\n\n\n<p class=\"core-block core-paragraph\">Na ferroptose, identificada pela primeira vez em 2012, \u00edons de ferro desencadeiam a forma\u00e7\u00e3o de esp\u00e9cies reativas de oxig\u00eanio (EROs), compostos de oxig\u00eanio que cont\u00eam el\u00e9trons desemparelhados, o que os torna altamente inst\u00e1veis e reativos. Normalmente, os n\u00edveis de EROs dentro da c\u00e9lula s\u00e3o mantidos em equil\u00edbrio por antioxidantes intracelulares. No entanto, quando os n\u00edveis de ferro est\u00e3o elevados, a produ\u00e7\u00e3o de EROs pode exceder a capacidade do sistema antioxidante de neutraliz\u00e1-los. Esse desequil\u00edbrio, chamado estresse oxidativo, danifica a membrana lip\u00eddica que fornece integridade estrutural \u00e0 c\u00e9lula, levando \u00e0 inflama\u00e7\u00e3o celular, les\u00e3o e, por fim, \u00e0 morte. A ferroptose tem sido implicada na patologia de diversas doen\u00e7as, incluindo dist\u00farbios neurodegenerativos.<\/p>\n\n\n\n<h4 class=\"wp-block-heading\" id=\"h-inflamacao-e-ferroptose-fatores-autorreforcadores-da-doenca\">Inflama\u00e7\u00e3o e Ferroptose: fatores autorrefor\u00e7adores da doen\u00e7a<\/h4>\n\n\n\n<p class=\"core-block core-paragraph\">A ferroptose e a inflama\u00e7\u00e3o t\u00eam uma rela\u00e7\u00e3o complexa e bidirecional. Por um lado, a ferroptose pode estimular a resposta imune inata e amplificar a inflama\u00e7\u00e3o, enquanto, por outro, a inflama\u00e7\u00e3o tamb\u00e9m pode ativar vias de sinaliza\u00e7\u00e3o que levam \u00e0 ferroptose. Isso cria um <em>feedforward loop<\/em> (ciclo de retroalimenta\u00e7\u00e3o) patog\u00eanico autorrefor\u00e7ador, no qual a desregula\u00e7\u00e3o leva a mais desregula\u00e7\u00e3o, levando \u00e0 doen\u00e7a.<\/p>\n\n\n\n<h4 class=\"wp-block-heading\" id=\"h-nossa-plataforma-inovadora-tem-como-alvo-o-ciclo-inflamatorio-ferroptose\">Nossa plataforma inovadora tem como alvo o ciclo inflamat\u00f3rio-ferroptose<\/h4>\n\n\n\n<p class=\"core-block core-paragraph\">A Plataforma de Inflama\u00e7\u00e3o e Ferroptose da PTC potencializa esse conhecimento com compostos que t\u00eam como alvo uma fam\u00edlia de enzimas que regulam a ferroptose, conhecidas como oxidorredutases. As oxidorredutases facilitam a transfer\u00eancia de el\u00e9trons entre mol\u00e9culas durante as rea\u00e7\u00f5es de oxida\u00e7\u00e3o e, portanto, desempenham um papel fundamental na peroxida\u00e7\u00e3o de lip\u00eddios na membrana celular e na ativa\u00e7\u00e3o de outras vias pr\u00f3-inflamat\u00f3rias delet\u00e9rias. O direcionamento das oxidorredutases suprime a peroxida\u00e7\u00e3o de lip\u00eddios da membrana celular que causa a ferroptose e diminui a inflama\u00e7\u00e3o celular, apoiando a sobreviv\u00eancia celular e potencialmente retardando a progress\u00e3o da doen\u00e7a.<\/p>\n","protected":false},"excerpt":{"rendered":"<p>A PTC foi pioneira no desenvolvimento de medicamentos que atuam diretamente na ferroptose, um tipo de morte celular programada causada pela oxida\u00e7\u00e3o de lip\u00eddios da membrana celular dependente de ferro e pela ativa\u00e7\u00e3o de vias inflamat\u00f3rias prejudiciais. A plataforma de Inflama\u00e7\u00e3o e Ferroptose inclui programas em v\u00e1rios est\u00e1gios de desenvolvimento pr\u00e9-cl\u00ednico e cl\u00ednico, focados em&hellip;<\/p>\n","protected":false},"author":14,"featured_media":0,"parent":9220,"menu_order":1,"comment_status":"closed","ping_status":"closed","template":"","meta":{"_acf_changed":false,"footnotes":""},"class_list":["post-9249","page","type-page","status-publish","hentry"],"acf":[],"yoast_head":"<!-- This site is optimized with the Yoast SEO Premium plugin v27.2 (Yoast SEO v27.2) - https:\/\/yoast.com\/product\/yoast-seo-premium-wordpress\/ -->\n<title>Inflama\u00e7\u00e3o &amp; Ferroptose - PTC Therapeutics (LATAM-Portuguese)<\/title>\n<meta name=\"robots\" content=\"index, follow, max-snippet:-1, max-image-preview:large, max-video-preview:-1\" \/>\n<link rel=\"canonical\" href=\"https:\/\/latam.ptcbio.com\/pt\/nossa-ciencia\/inflamacao-e-ferroptose\/\" \/>\n<meta property=\"og:locale\" content=\"pt_BR\" \/>\n<meta property=\"og:type\" content=\"article\" \/>\n<meta property=\"og:title\" content=\"Inflama\u00e7\u00e3o &amp; Ferroptose\" \/>\n<meta property=\"og:description\" content=\"A PTC foi pioneira no desenvolvimento de medicamentos que atuam diretamente na ferroptose, um tipo de morte celular programada causada pela oxida\u00e7\u00e3o de lip\u00eddios da membrana celular dependente de ferro e pela ativa\u00e7\u00e3o de vias inflamat\u00f3rias prejudiciais. A plataforma de Inflama\u00e7\u00e3o e Ferroptose inclui programas em v\u00e1rios est\u00e1gios de desenvolvimento pr\u00e9-cl\u00ednico e cl\u00ednico, focados em&hellip;\" \/>\n<meta property=\"og:url\" content=\"https:\/\/latam.ptcbio.com\/pt\/nossa-ciencia\/inflamacao-e-ferroptose\/\" \/>\n<meta property=\"og:site_name\" content=\"PTC Therapeutics (LATAM-Portuguese)\" \/>\n<meta property=\"article:publisher\" content=\"https:\/\/www.facebook.com\/PTCTherapeutics\" \/>\n<meta property=\"article:modified_time\" content=\"2025-10-10T20:22:41+00:00\" \/>\n<meta property=\"og:image\" content=\"https:\/\/latam.ptcbio.com\/pt\/wp-content\/uploads\/sites\/10\/2025\/09\/i_and_f.png\" \/>\n\t<meta property=\"og:image:width\" content=\"238\" \/>\n\t<meta property=\"og:image:height\" content=\"146\" \/>\n\t<meta property=\"og:image:type\" content=\"image\/png\" \/>\n<meta name=\"twitter:card\" content=\"summary_large_image\" \/>\n<meta name=\"twitter:site\" content=\"@PTCBio\" \/>\n<meta name=\"twitter:label1\" content=\"Est. tempo de leitura\" \/>\n\t<meta name=\"twitter:data1\" content=\"3 minutos\" \/>\n<script type=\"application\/ld+json\" class=\"yoast-schema-graph\">{\"@context\":\"https:\/\/schema.org\",\"@graph\":[{\"@type\":\"WebPage\",\"@id\":\"https:\/\/latam.ptcbio.com\/pt\/nossa-ciencia\/inflamacao-e-ferroptose\/\",\"url\":\"https:\/\/latam.ptcbio.com\/pt\/nossa-ciencia\/inflamacao-e-ferroptose\/\",\"name\":\"Inflama\u00e7\u00e3o &amp; Ferroptose - PTC Therapeutics (LATAM-Portuguese)\",\"isPartOf\":{\"@id\":\"https:\/\/latam.ptcbio.com\/pt\/#website\"},\"primaryImageOfPage\":{\"@id\":\"https:\/\/latam.ptcbio.com\/pt\/nossa-ciencia\/inflamacao-e-ferroptose\/#primaryimage\"},\"image\":{\"@id\":\"https:\/\/latam.ptcbio.com\/pt\/nossa-ciencia\/inflamacao-e-ferroptose\/#primaryimage\"},\"thumbnailUrl\":\"https:\/\/latam.ptcbio.com\/pt\/wp-content\/uploads\/sites\/10\/2025\/09\/i_and_f.png\",\"datePublished\":\"2022-12-21T13:55:27+00:00\",\"dateModified\":\"2025-10-10T20:22:41+00:00\",\"breadcrumb\":{\"@id\":\"https:\/\/latam.ptcbio.com\/pt\/nossa-ciencia\/inflamacao-e-ferroptose\/#breadcrumb\"},\"inLanguage\":\"pt-BR\",\"potentialAction\":[{\"@type\":\"ReadAction\",\"target\":[\"https:\/\/latam.ptcbio.com\/pt\/nossa-ciencia\/inflamacao-e-ferroptose\/\"]}]},{\"@type\":\"ImageObject\",\"inLanguage\":\"pt-BR\",\"@id\":\"https:\/\/latam.ptcbio.com\/pt\/nossa-ciencia\/inflamacao-e-ferroptose\/#primaryimage\",\"url\":\"https:\/\/latam.ptcbio.com\/pt\/wp-content\/uploads\/sites\/10\/2025\/09\/i_and_f.png\",\"contentUrl\":\"https:\/\/latam.ptcbio.com\/pt\/wp-content\/uploads\/sites\/10\/2025\/09\/i_and_f.png\",\"width\":238,\"height\":146,\"caption\":\"Inflama\u00e7\u00e3o & Ferroptose\"},{\"@type\":\"BreadcrumbList\",\"@id\":\"https:\/\/latam.ptcbio.com\/pt\/nossa-ciencia\/inflamacao-e-ferroptose\/#breadcrumb\",\"itemListElement\":[{\"@type\":\"ListItem\",\"position\":1,\"name\":\"Home\",\"item\":\"https:\/\/latam.ptcbio.com\/pt\/\"},{\"@type\":\"ListItem\",\"position\":2,\"name\":\"Nossa ci\u00eancia\",\"item\":\"https:\/\/latam.ptcbio.com\/pt\/nossa-ciencia\/\"},{\"@type\":\"ListItem\",\"position\":3,\"name\":\"Inflama\u00e7\u00e3o &amp; Ferroptose\"}]},{\"@type\":\"WebSite\",\"@id\":\"https:\/\/latam.ptcbio.com\/pt\/#website\",\"url\":\"https:\/\/latam.ptcbio.com\/pt\/\",\"name\":\"PTC Therapeutics, Inc.\",\"description\":\"\",\"publisher\":{\"@id\":\"https:\/\/latam.ptcbio.com\/pt\/#organization\"},\"potentialAction\":[{\"@type\":\"SearchAction\",\"target\":{\"@type\":\"EntryPoint\",\"urlTemplate\":\"https:\/\/latam.ptcbio.com\/pt\/?s={search_term_string}\"},\"query-input\":{\"@type\":\"PropertyValueSpecification\",\"valueRequired\":true,\"valueName\":\"search_term_string\"}}],\"inLanguage\":\"pt-BR\"},{\"@type\":\"Organization\",\"@id\":\"https:\/\/latam.ptcbio.com\/pt\/#organization\",\"name\":\"PTC Therapeutics, Inc.\",\"url\":\"https:\/\/latam.ptcbio.com\/pt\/\",\"logo\":{\"@type\":\"ImageObject\",\"inLanguage\":\"pt-BR\",\"@id\":\"https:\/\/latam.ptcbio.com\/pt\/#\/schema\/logo\/image\/\",\"url\":null,\"contentUrl\":null,\"width\":null,\"height\":null,\"caption\":\"PTC Therapeutics, Inc.\"},\"image\":{\"@id\":\"https:\/\/latam.ptcbio.com\/pt\/#\/schema\/logo\/image\/\"},\"sameAs\":[\"https:\/\/www.facebook.com\/PTCTherapeutics\",\"https:\/\/x.com\/PTCBio\"]}]}<\/script>\n<!-- \/ Yoast SEO Premium plugin. -->","yoast_head_json":{"title":"Inflama\u00e7\u00e3o &amp; Ferroptose - PTC Therapeutics (LATAM-Portuguese)","robots":{"index":"index","follow":"follow","max-snippet":"max-snippet:-1","max-image-preview":"max-image-preview:large","max-video-preview":"max-video-preview:-1"},"canonical":"https:\/\/latam.ptcbio.com\/pt\/nossa-ciencia\/inflamacao-e-ferroptose\/","og_locale":"pt_BR","og_type":"article","og_title":"Inflama\u00e7\u00e3o &amp; Ferroptose","og_description":"A PTC foi pioneira no desenvolvimento de medicamentos que atuam diretamente na ferroptose, um tipo de morte celular programada causada pela oxida\u00e7\u00e3o de lip\u00eddios da membrana celular dependente de ferro e pela ativa\u00e7\u00e3o de vias inflamat\u00f3rias prejudiciais. A plataforma de Inflama\u00e7\u00e3o e Ferroptose inclui programas em v\u00e1rios est\u00e1gios de desenvolvimento pr\u00e9-cl\u00ednico e cl\u00ednico, focados em&hellip;","og_url":"https:\/\/latam.ptcbio.com\/pt\/nossa-ciencia\/inflamacao-e-ferroptose\/","og_site_name":"PTC Therapeutics (LATAM-Portuguese)","article_publisher":"https:\/\/www.facebook.com\/PTCTherapeutics","article_modified_time":"2025-10-10T20:22:41+00:00","og_image":[{"width":238,"height":146,"url":"https:\/\/latam.ptcbio.com\/pt\/wp-content\/uploads\/sites\/10\/2025\/09\/i_and_f.png","type":"image\/png"}],"twitter_card":"summary_large_image","twitter_site":"@PTCBio","twitter_misc":{"Est. tempo de leitura":"3 minutos"},"schema":{"@context":"https:\/\/schema.org","@graph":[{"@type":"WebPage","@id":"https:\/\/latam.ptcbio.com\/pt\/nossa-ciencia\/inflamacao-e-ferroptose\/","url":"https:\/\/latam.ptcbio.com\/pt\/nossa-ciencia\/inflamacao-e-ferroptose\/","name":"Inflama\u00e7\u00e3o &amp; Ferroptose - PTC Therapeutics (LATAM-Portuguese)","isPartOf":{"@id":"https:\/\/latam.ptcbio.com\/pt\/#website"},"primaryImageOfPage":{"@id":"https:\/\/latam.ptcbio.com\/pt\/nossa-ciencia\/inflamacao-e-ferroptose\/#primaryimage"},"image":{"@id":"https:\/\/latam.ptcbio.com\/pt\/nossa-ciencia\/inflamacao-e-ferroptose\/#primaryimage"},"thumbnailUrl":"https:\/\/latam.ptcbio.com\/pt\/wp-content\/uploads\/sites\/10\/2025\/09\/i_and_f.png","datePublished":"2022-12-21T13:55:27+00:00","dateModified":"2025-10-10T20:22:41+00:00","breadcrumb":{"@id":"https:\/\/latam.ptcbio.com\/pt\/nossa-ciencia\/inflamacao-e-ferroptose\/#breadcrumb"},"inLanguage":"pt-BR","potentialAction":[{"@type":"ReadAction","target":["https:\/\/latam.ptcbio.com\/pt\/nossa-ciencia\/inflamacao-e-ferroptose\/"]}]},{"@type":"ImageObject","inLanguage":"pt-BR","@id":"https:\/\/latam.ptcbio.com\/pt\/nossa-ciencia\/inflamacao-e-ferroptose\/#primaryimage","url":"https:\/\/latam.ptcbio.com\/pt\/wp-content\/uploads\/sites\/10\/2025\/09\/i_and_f.png","contentUrl":"https:\/\/latam.ptcbio.com\/pt\/wp-content\/uploads\/sites\/10\/2025\/09\/i_and_f.png","width":238,"height":146,"caption":"Inflama\u00e7\u00e3o & Ferroptose"},{"@type":"BreadcrumbList","@id":"https:\/\/latam.ptcbio.com\/pt\/nossa-ciencia\/inflamacao-e-ferroptose\/#breadcrumb","itemListElement":[{"@type":"ListItem","position":1,"name":"Home","item":"https:\/\/latam.ptcbio.com\/pt\/"},{"@type":"ListItem","position":2,"name":"Nossa ci\u00eancia","item":"https:\/\/latam.ptcbio.com\/pt\/nossa-ciencia\/"},{"@type":"ListItem","position":3,"name":"Inflama\u00e7\u00e3o &amp; Ferroptose"}]},{"@type":"WebSite","@id":"https:\/\/latam.ptcbio.com\/pt\/#website","url":"https:\/\/latam.ptcbio.com\/pt\/","name":"PTC Therapeutics, Inc.","description":"","publisher":{"@id":"https:\/\/latam.ptcbio.com\/pt\/#organization"},"potentialAction":[{"@type":"SearchAction","target":{"@type":"EntryPoint","urlTemplate":"https:\/\/latam.ptcbio.com\/pt\/?s={search_term_string}"},"query-input":{"@type":"PropertyValueSpecification","valueRequired":true,"valueName":"search_term_string"}}],"inLanguage":"pt-BR"},{"@type":"Organization","@id":"https:\/\/latam.ptcbio.com\/pt\/#organization","name":"PTC Therapeutics, Inc.","url":"https:\/\/latam.ptcbio.com\/pt\/","logo":{"@type":"ImageObject","inLanguage":"pt-BR","@id":"https:\/\/latam.ptcbio.com\/pt\/#\/schema\/logo\/image\/","url":null,"contentUrl":null,"width":null,"height":null,"caption":"PTC Therapeutics, Inc."},"image":{"@id":"https:\/\/latam.ptcbio.com\/pt\/#\/schema\/logo\/image\/"},"sameAs":["https:\/\/www.facebook.com\/PTCTherapeutics","https:\/\/x.com\/PTCBio"]}]}},"_links":{"self":[{"href":"https:\/\/latam.ptcbio.com\/pt\/wp-json\/wp\/v2\/pages\/9249","targetHints":{"allow":["GET"]}}],"collection":[{"href":"https:\/\/latam.ptcbio.com\/pt\/wp-json\/wp\/v2\/pages"}],"about":[{"href":"https:\/\/latam.ptcbio.com\/pt\/wp-json\/wp\/v2\/types\/page"}],"author":[{"embeddable":true,"href":"https:\/\/latam.ptcbio.com\/pt\/wp-json\/wp\/v2\/users\/14"}],"replies":[{"embeddable":true,"href":"https:\/\/latam.ptcbio.com\/pt\/wp-json\/wp\/v2\/comments?post=9249"}],"version-history":[{"count":7,"href":"https:\/\/latam.ptcbio.com\/pt\/wp-json\/wp\/v2\/pages\/9249\/revisions"}],"predecessor-version":[{"id":17060,"href":"https:\/\/latam.ptcbio.com\/pt\/wp-json\/wp\/v2\/pages\/9249\/revisions\/17060"}],"up":[{"embeddable":true,"href":"https:\/\/latam.ptcbio.com\/pt\/wp-json\/wp\/v2\/pages\/9220"}],"wp:attachment":[{"href":"https:\/\/latam.ptcbio.com\/pt\/wp-json\/wp\/v2\/media?parent=9249"}],"curies":[{"name":"wp","href":"https:\/\/api.w.org\/{rel}","templated":true}]}}