{"id":9010,"date":"2022-12-16T23:43:34","date_gmt":"2022-12-16T23:43:34","guid":{"rendered":"https:\/\/latam.ptcbio.com\/pt\/?page_id=9010"},"modified":"2026-02-18T10:40:28","modified_gmt":"2026-02-18T14:40:28","slug":"entre-em-contato","status":"publish","type":"page","link":"https:\/\/latam.ptcbio.com\/pt\/entre-em-contato\/","title":{"rendered":"Entre em Contato"},"content":{"rendered":"<div class=\"hero-header__outer-container\">\n\n\t<div class=\"hero hero--styled color-theme--light-blue hero--no-image hero--normal-spacing\">\n\t\t\t\t\t\t\t\t\t\t<div class=\"hero__inner hero__inner--center\">\n\t\t\t<div class=\"hero__content hero__content--center hero__content--no-image\">\n\t\t\t\t\t\t\t\t\t\t\t\t\t\t\t\t<div class=\"u-mt-1 u-my-2\"><h1 class=\"hero__title hero__title--standard\" data-ptc-fitty=\"\">Entre em Contato<\/h1><\/div>\n\t\t\t\t\t\t\t\t\t\t\t\t<div class=\"hero__subtitle\">Queremos ouvir voc\u00ea! A comunica\u00e7\u00e3o \u00e9 fundamental para nosso sucesso global.<\/div>\n\t\t\t\t\t\t\t\t\t\t\t<\/div>\n\t\t\t\t\t<\/div>\n\t\t\t<\/div>\n\t\t\t<div class=\"hero__breadcrumbs\"><nav\n\tclass=\"breadcrumbs breadcrumbs--shallow\"\n\taria-label=\"Breadcrumb\"\n>\n\t<ol class=\"breadcrumbs__list\" itemscope itemtype=\"https:\/\/schema.org\/BreadcrumbList\">\n\t\t\t\t\t\t\t\t\t<li class=\"breadcrumbs__crumb breadcrumbs__crumb--dark\" itemscope itemprop=\"itemListElement\" itemtype=\"https:\/\/schema.org\/ListItem\">\n\t\t\t\t\t\t\t\t\t\t\t<a class=\"breadcrumbs__link breadcrumbs__link--home breadcrumbs__link--dark\" itemprop=\"item\" href=\"https:\/\/latam.ptcbio.com\/pt\/\">\n\t\t\t\t\t\t\t<span class=\"sr-only\" itemprop=\"name\">P\u00e1gina Inicial<\/span>\n\t\t\t\t\t\t<\/a>\n\t\t\t\t\t\t\t\t\t\t<meta itemprop=\"position\" content=\"1\" \/>\n\t\t\t\t<\/li>\n\t\t\t\t\t\t\t\t\t\t\t<\/ol>\n<\/nav>\n<\/div>\n\t<\/div>\n\n\n\n<h2 class=\"wp-block-heading\" id=\"h-sede-corporativa\">Sede Corporativa<\/h2>\n\n\n\n<p class=\"core-block core-paragraph\"><strong>PTC Therapeutics, Inc.<\/strong><br>500 Warren Corporate Center Drive&nbsp;<br>Warren, NJ 07059&nbsp;<br>Telefone: +1 908 222 7000<\/p>\n\n\n\n<p class=\"core-block core-paragraph\"><strong>Para consultas sobre outros pa\u00edses da Am\u00e9rica Latina (falantes de espanhol)<\/strong>:&nbsp; <a href=\"mailto:infolatam@ptcbio.com\" target=\"_blank\" rel=\"noreferrer noopener\">infolatam@ptcbio.com<\/a>&nbsp;&nbsp;<br><strong>Para consultas sobre Brasil<\/strong>: <a href=\"mailto:infobrasil@ptcbio.com\" target=\"_blank\" rel=\"noreferrer noopener\">infobrasil@ptcbio.com<\/a>&nbsp;<br><strong>Para consultas gerais<\/strong>: <a href=\"mailto:info@ptcbio.com\" target=\"_blank\" rel=\"noreferrer noopener\">info@ptcbio.com<\/a>&nbsp;<br><strong>Para pacientes e fam\u00edlias<\/strong>: <a href=\"mailto:PatientInfo@ptcbio.com\" target=\"_blank\" rel=\"noreferrer noopener\">PatientInfo@ptcbio.com<\/a><br><strong>Para investidores<\/strong>: <a href=\"http:\/\/ir.ptcbio.com\/contactus.cfm\">Formul\u00e1rio de Contato<\/a><br><strong>Para consultas de desenvolvimento de neg\u00f3cios<\/strong>: <a href=\"mailto:Partnering@ptcbio.com\" target=\"_blank\" rel=\"noreferrer noopener\">Partnering@ptcbio.com<\/a>&nbsp;<\/p>\n\n\n\n<p class=\"core-block core-paragraph\"><strong><strong>Para m\u00e9dicos baseados em<\/strong>:<\/strong><br><strong>Am\u00e9rica Latina (falantes de espanhol)<\/strong>: <a href=\"mailto:latammedinfo@ptcbio.com\">latammedinfo@ptcbio.com<\/a><br><strong>Brasil<\/strong>: <a href=\"mailto:brasilmedinfo@ptcbio.com\">brasilmedinfo@ptcbio.com<\/a><br><\/p>\n\n\n\n<h2 class=\"wp-block-heading\" id=\"h-sede-internacional\">Sede Internacional<\/h2>\n\n\n\n<p class=\"core-block core-paragraph\"><strong>PTC Therapeutics International Limited<\/strong><br>Unidade 1, 52-55 Sir John Rogerson\u2019s Quay&nbsp;<br>Dublin 2&nbsp;<br>D02 NA07&nbsp;<br>Irlanda&nbsp;<br>Telefone: +353 1 906 8700&nbsp;<br><a href=\"http:\/\/www.ptcbio.ie\/\" target=\"_blank\" rel=\"noreferrer noopener\">www.ptcbio.ie<\/a>&nbsp;<\/p>\n\n\n<div  class=\"two-up container--max-width color-theme--light-blue\">\n\t\t\t<div class=\"two-up__heading\" style=\"--ptc--heading--bg: var(--wp--preset--color--purple-steel );\" >\n\t\t\t<span>\n\t\t\t\t<h2 class=\"two-up__heading-text heading--2\" data-ptc-fitty=\"\">Nossos escrit\u00f3rios na Am\u00e9rica Latina<\/h2>\n\t\t\t<\/span>\n\t\t<\/div>\n\t\n\t<div class=\"two-up__blocks two-up__blocks--2 two-up__blocks--top\" style=\"--ptc--2up-cols:2\" >\n\t\t\t\t\t\n\t\t\t<div class=\"two-up__block two-up__block-- \">\n\t\t\t\t\t\t\t\t\t\t\t\t\t\t\t\t\t\t\t\t\t<div class=\"two-up__block-wrapper\">\n\t\t\t\t\t\t\t\t\t\t<div class=\"two-up__block__title\">\n\t\t\t\t\t\t<span class=\"heading--4\" data-ptc-fitty=\"\">Argentina<\/span>\n\t\t\t\t\t<\/div>\n\t\t\t\t\t\t\t\t\t\t<div class=\"two-up__block__text body-copy--2\">\n\t\t\t\t\t\tPTC Therapeutics S.A.<br \/>\r\nLibertador Ave. 1002 \u2013 1st floor \u2013 1.103 office \u2013 WeWork building<br \/>\r\nVicente Lopez (B1638BEV) \u2013 Buenos Aires- Argentina\t\t\t\t\t<\/div>\n\t\t\t\t\t\t\t\t\t<\/div>\n\t\t\t<\/div>\n\t\t\t\t\t\n\t\t\t<div class=\"two-up__block two-up__block-- \">\n\t\t\t\t\t\t\t\t\t\t\t\t\t\t\t\t\t\t\t\t\t<div class=\"two-up__block-wrapper\">\n\t\t\t\t\t\t\t\t\t\t<div class=\"two-up__block__title\">\n\t\t\t\t\t\t<span class=\"heading--4\" data-ptc-fitty=\"\">Brasil<\/span>\n\t\t\t\t\t<\/div>\n\t\t\t\t\t\t\t\t\t\t<div class=\"two-up__block__text body-copy--2\">\n\t\t\t\t\t\tPTC Farmac\u00eautica do Brasil Ltda. <br \/>\r\nRua Castilho, 392 \u2013 17\u00ba andar \u2013 Brooklin <br \/>\r\nS\u00e3o Paulo <br \/>\r\n04568-010\t\t\t\t\t<\/div>\n\t\t\t\t\t\t\t\t\t<\/div>\n\t\t\t<\/div>\n\t\t\t\t\t\n\t\t\t<div class=\"two-up__block two-up__block-- \">\n\t\t\t\t\t\t\t\t\t\t\t\t\t\t\t\t\t\t\t\t\t<div class=\"two-up__block-wrapper\">\n\t\t\t\t\t\t\t\t\t\t<div class=\"two-up__block__title\">\n\t\t\t\t\t\t<span class=\"heading--4\" data-ptc-fitty=\"\">Col\u00f4mbia<\/span>\n\t\t\t\t\t<\/div>\n\t\t\t\t\t\t\t\t\t\t<div class=\"two-up__block__text body-copy--2\">\n\t\t\t\t\t\tPTC Therapeutics Colombia SAS <br \/>\r\nCarrera 7 #116-50, 4\u00ba andar \u2013 Sala 150 \u2013 Usaqu\u00e9n 110111 <br \/>\r\nEdif\u00edcio Wework \u2013 Flormorado Plaza <br \/>\r\nBogot\u00e1, Col\u00f4mbia\t\t\t\t\t<\/div>\n\t\t\t\t\t\t\t\t\t<\/div>\n\t\t\t<\/div>\n\t\t\t\t\t\n\t\t\t<div class=\"two-up__block two-up__block--dashicons \">\n\t\t\t\t\t\t\t\t\t\t\t\t\t\t\t\t\t\t\t\t\t<div class=\"two-up__block-wrapper\">\n\t\t\t\t\t\t\t\t\t\t<div class=\"two-up__block__title\">\n\t\t\t\t\t\t<span class=\"heading--4\" data-ptc-fitty=\"\">M\u00e9xico<\/span>\n\t\t\t\t\t<\/div>\n\t\t\t\t\t\t\t\t\t\t<div class=\"two-up__block__text body-copy--2\">\n\t\t\t\t\t\tPTC Therapeutics M\u00e9xico S DE RL DE CV <br \/>\r\nAv. Santa F\u00e9 94, Torre A, 8\u00ba andar, Escrit\u00f3rio 810 <br \/>\r\nZedec, \u00c1lvaro Obreg\u00f3n <br \/>\r\nCidade do M\u00e9xico <br \/>\r\n01210\t\t\t\t\t<\/div>\n\t\t\t\t\t\t\t\t\t<\/div>\n\t\t\t<\/div>\n\t\t\t<\/div>\n<\/div>\n\n\n\n<div class=\"wp-block-mg-align-button aligncenter\"><a href=\"https:\/\/www.ptcbio.com\/contact-us\" class=\"btn btn--primary\" target=\"_blank\" rel=\"noopener noreferrer\">Para outras localidades, clique aqui<\/a><\/div>\n","protected":false},"excerpt":{"rendered":"<p>Sede Corporativa PTC Therapeutics, Inc.500 Warren Corporate Center Drive&nbsp;Warren, NJ 07059&nbsp;Telefone: +1 908 222 7000 Para consultas sobre outros pa\u00edses da Am\u00e9rica Latina (falantes de espanhol):&nbsp; infolatam@ptcbio.com&nbsp;&nbsp;Para consultas sobre Brasil: infobrasil@ptcbio.com&nbsp;Para consultas gerais: info@ptcbio.com&nbsp;Para pacientes e fam\u00edlias: PatientInfo@ptcbio.comPara investidores: Formul\u00e1rio de ContatoPara consultas de desenvolvimento de neg\u00f3cios: Partnering@ptcbio.com&nbsp; Para m\u00e9dicos baseados em:Am\u00e9rica Latina (falantes de&hellip;<\/p>\n","protected":false},"author":14,"featured_media":0,"parent":0,"menu_order":0,"comment_status":"closed","ping_status":"closed","template":"","meta":{"_acf_changed":true,"footnotes":""},"class_list":["post-9010","page","type-page","status-publish","hentry"],"acf":[],"yoast_head":"<!-- This site is optimized with the Yoast SEO Premium plugin v27.2 (Yoast SEO v27.2) - https:\/\/yoast.com\/product\/yoast-seo-premium-wordpress\/ -->\n<title>Entre em Contato - PTC Therapeutics (LATAM-Portuguese)<\/title>\n<meta name=\"robots\" content=\"index, follow, max-snippet:-1, max-image-preview:large, max-video-preview:-1\" \/>\n<link rel=\"canonical\" href=\"https:\/\/latam.ptcbio.com\/pt\/entre-em-contato\/\" \/>\n<meta property=\"og:locale\" content=\"pt_BR\" \/>\n<meta property=\"og:type\" content=\"article\" \/>\n<meta property=\"og:title\" content=\"Entre em Contato\" \/>\n<meta property=\"og:description\" content=\"Sede Corporativa PTC Therapeutics, Inc.500 Warren Corporate Center Drive&nbsp;Warren, NJ 07059&nbsp;Telefone: +1 908 222 7000 Para consultas sobre outros pa\u00edses da Am\u00e9rica Latina (falantes de espanhol):&nbsp; infolatam@ptcbio.com&nbsp;&nbsp;Para consultas sobre Brasil: infobrasil@ptcbio.com&nbsp;Para consultas gerais: info@ptcbio.com&nbsp;Para pacientes e fam\u00edlias: PatientInfo@ptcbio.comPara investidores: Formul\u00e1rio de ContatoPara consultas de desenvolvimento de neg\u00f3cios: Partnering@ptcbio.com&nbsp; Para m\u00e9dicos baseados em:Am\u00e9rica Latina (falantes de&hellip;\" \/>\n<meta property=\"og:url\" content=\"https:\/\/latam.ptcbio.com\/pt\/entre-em-contato\/\" \/>\n<meta property=\"og:site_name\" content=\"PTC Therapeutics (LATAM-Portuguese)\" \/>\n<meta property=\"article:publisher\" content=\"https:\/\/www.facebook.com\/PTCTherapeutics\" \/>\n<meta property=\"article:modified_time\" content=\"2026-02-18T14:40:28+00:00\" \/>\n<meta name=\"twitter:card\" content=\"summary_large_image\" \/>\n<meta name=\"twitter:site\" content=\"@PTCBio\" \/>\n<meta name=\"twitter:label1\" content=\"Est. tempo de leitura\" \/>\n\t<meta name=\"twitter:data1\" content=\"1 minuto\" \/>\n<script type=\"application\/ld+json\" class=\"yoast-schema-graph\">{\"@context\":\"https:\/\/schema.org\",\"@graph\":[{\"@type\":\"WebPage\",\"@id\":\"https:\/\/latam.ptcbio.com\/pt\/entre-em-contato\/\",\"url\":\"https:\/\/latam.ptcbio.com\/pt\/entre-em-contato\/\",\"name\":\"Entre em Contato - PTC Therapeutics (LATAM-Portuguese)\",\"isPartOf\":{\"@id\":\"https:\/\/latam.ptcbio.com\/pt\/#website\"},\"datePublished\":\"2022-12-16T23:43:34+00:00\",\"dateModified\":\"2026-02-18T14:40:28+00:00\",\"breadcrumb\":{\"@id\":\"https:\/\/latam.ptcbio.com\/pt\/entre-em-contato\/#breadcrumb\"},\"inLanguage\":\"pt-BR\",\"potentialAction\":[{\"@type\":\"ReadAction\",\"target\":[\"https:\/\/latam.ptcbio.com\/pt\/entre-em-contato\/\"]}]},{\"@type\":\"BreadcrumbList\",\"@id\":\"https:\/\/latam.ptcbio.com\/pt\/entre-em-contato\/#breadcrumb\",\"itemListElement\":[{\"@type\":\"ListItem\",\"position\":1,\"name\":\"Home\",\"item\":\"https:\/\/latam.ptcbio.com\/pt\/\"},{\"@type\":\"ListItem\",\"position\":2,\"name\":\"Entre em Contato\"}]},{\"@type\":\"WebSite\",\"@id\":\"https:\/\/latam.ptcbio.com\/pt\/#website\",\"url\":\"https:\/\/latam.ptcbio.com\/pt\/\",\"name\":\"PTC Therapeutics, Inc.\",\"description\":\"\",\"publisher\":{\"@id\":\"https:\/\/latam.ptcbio.com\/pt\/#organization\"},\"potentialAction\":[{\"@type\":\"SearchAction\",\"target\":{\"@type\":\"EntryPoint\",\"urlTemplate\":\"https:\/\/latam.ptcbio.com\/pt\/?s={search_term_string}\"},\"query-input\":{\"@type\":\"PropertyValueSpecification\",\"valueRequired\":true,\"valueName\":\"search_term_string\"}}],\"inLanguage\":\"pt-BR\"},{\"@type\":\"Organization\",\"@id\":\"https:\/\/latam.ptcbio.com\/pt\/#organization\",\"name\":\"PTC Therapeutics, Inc.\",\"url\":\"https:\/\/latam.ptcbio.com\/pt\/\",\"logo\":{\"@type\":\"ImageObject\",\"inLanguage\":\"pt-BR\",\"@id\":\"https:\/\/latam.ptcbio.com\/pt\/#\/schema\/logo\/image\/\",\"url\":null,\"contentUrl\":null,\"width\":null,\"height\":null,\"caption\":\"PTC Therapeutics, Inc.\"},\"image\":{\"@id\":\"https:\/\/latam.ptcbio.com\/pt\/#\/schema\/logo\/image\/\"},\"sameAs\":[\"https:\/\/www.facebook.com\/PTCTherapeutics\",\"https:\/\/x.com\/PTCBio\"]}]}<\/script>\n<!-- \/ Yoast SEO Premium plugin. -->","yoast_head_json":{"title":"Entre em Contato - PTC Therapeutics (LATAM-Portuguese)","robots":{"index":"index","follow":"follow","max-snippet":"max-snippet:-1","max-image-preview":"max-image-preview:large","max-video-preview":"max-video-preview:-1"},"canonical":"https:\/\/latam.ptcbio.com\/pt\/entre-em-contato\/","og_locale":"pt_BR","og_type":"article","og_title":"Entre em Contato","og_description":"Sede Corporativa PTC Therapeutics, Inc.500 Warren Corporate Center Drive&nbsp;Warren, NJ 07059&nbsp;Telefone: +1 908 222 7000 Para consultas sobre outros pa\u00edses da Am\u00e9rica Latina (falantes de espanhol):&nbsp; infolatam@ptcbio.com&nbsp;&nbsp;Para consultas sobre Brasil: infobrasil@ptcbio.com&nbsp;Para consultas gerais: info@ptcbio.com&nbsp;Para pacientes e fam\u00edlias: PatientInfo@ptcbio.comPara investidores: Formul\u00e1rio de ContatoPara consultas de desenvolvimento de neg\u00f3cios: Partnering@ptcbio.com&nbsp; Para m\u00e9dicos baseados em:Am\u00e9rica Latina (falantes de&hellip;","og_url":"https:\/\/latam.ptcbio.com\/pt\/entre-em-contato\/","og_site_name":"PTC Therapeutics (LATAM-Portuguese)","article_publisher":"https:\/\/www.facebook.com\/PTCTherapeutics","article_modified_time":"2026-02-18T14:40:28+00:00","twitter_card":"summary_large_image","twitter_site":"@PTCBio","twitter_misc":{"Est. tempo de leitura":"1 minuto"},"schema":{"@context":"https:\/\/schema.org","@graph":[{"@type":"WebPage","@id":"https:\/\/latam.ptcbio.com\/pt\/entre-em-contato\/","url":"https:\/\/latam.ptcbio.com\/pt\/entre-em-contato\/","name":"Entre em Contato - PTC Therapeutics (LATAM-Portuguese)","isPartOf":{"@id":"https:\/\/latam.ptcbio.com\/pt\/#website"},"datePublished":"2022-12-16T23:43:34+00:00","dateModified":"2026-02-18T14:40:28+00:00","breadcrumb":{"@id":"https:\/\/latam.ptcbio.com\/pt\/entre-em-contato\/#breadcrumb"},"inLanguage":"pt-BR","potentialAction":[{"@type":"ReadAction","target":["https:\/\/latam.ptcbio.com\/pt\/entre-em-contato\/"]}]},{"@type":"BreadcrumbList","@id":"https:\/\/latam.ptcbio.com\/pt\/entre-em-contato\/#breadcrumb","itemListElement":[{"@type":"ListItem","position":1,"name":"Home","item":"https:\/\/latam.ptcbio.com\/pt\/"},{"@type":"ListItem","position":2,"name":"Entre em Contato"}]},{"@type":"WebSite","@id":"https:\/\/latam.ptcbio.com\/pt\/#website","url":"https:\/\/latam.ptcbio.com\/pt\/","name":"PTC Therapeutics, Inc.","description":"","publisher":{"@id":"https:\/\/latam.ptcbio.com\/pt\/#organization"},"potentialAction":[{"@type":"SearchAction","target":{"@type":"EntryPoint","urlTemplate":"https:\/\/latam.ptcbio.com\/pt\/?s={search_term_string}"},"query-input":{"@type":"PropertyValueSpecification","valueRequired":true,"valueName":"search_term_string"}}],"inLanguage":"pt-BR"},{"@type":"Organization","@id":"https:\/\/latam.ptcbio.com\/pt\/#organization","name":"PTC Therapeutics, Inc.","url":"https:\/\/latam.ptcbio.com\/pt\/","logo":{"@type":"ImageObject","inLanguage":"pt-BR","@id":"https:\/\/latam.ptcbio.com\/pt\/#\/schema\/logo\/image\/","url":null,"contentUrl":null,"width":null,"height":null,"caption":"PTC Therapeutics, Inc."},"image":{"@id":"https:\/\/latam.ptcbio.com\/pt\/#\/schema\/logo\/image\/"},"sameAs":["https:\/\/www.facebook.com\/PTCTherapeutics","https:\/\/x.com\/PTCBio"]}]}},"_links":{"self":[{"href":"https:\/\/latam.ptcbio.com\/pt\/wp-json\/wp\/v2\/pages\/9010","targetHints":{"allow":["GET"]}}],"collection":[{"href":"https:\/\/latam.ptcbio.com\/pt\/wp-json\/wp\/v2\/pages"}],"about":[{"href":"https:\/\/latam.ptcbio.com\/pt\/wp-json\/wp\/v2\/types\/page"}],"author":[{"embeddable":true,"href":"https:\/\/latam.ptcbio.com\/pt\/wp-json\/wp\/v2\/users\/14"}],"replies":[{"embeddable":true,"href":"https:\/\/latam.ptcbio.com\/pt\/wp-json\/wp\/v2\/comments?post=9010"}],"version-history":[{"count":3,"href":"https:\/\/latam.ptcbio.com\/pt\/wp-json\/wp\/v2\/pages\/9010\/revisions"}],"predecessor-version":[{"id":16972,"href":"https:\/\/latam.ptcbio.com\/pt\/wp-json\/wp\/v2\/pages\/9010\/revisions\/16972"}],"wp:attachment":[{"href":"https:\/\/latam.ptcbio.com\/pt\/wp-json\/wp\/v2\/media?parent=9010"}],"curies":[{"name":"wp","href":"https:\/\/api.w.org\/{rel}","templated":true}]}}