{"id":9006,"date":"2022-12-16T23:18:20","date_gmt":"2022-12-16T23:18:20","guid":{"rendered":"https:\/\/latam.ptcbio.com\/pt\/?page_id=9006"},"modified":"2025-10-14T20:15:26","modified_gmt":"2025-10-15T00:15:26","slug":"nossa-responsabilidade","status":"publish","type":"page","link":"https:\/\/latam.ptcbio.com\/pt\/sobre-a-ptc\/nossa-responsabilidade\/","title":{"rendered":"Nossa Responsabilidade"},"content":{"rendered":"<div class=\"hero-header__outer-container\">\n\n\t<div class=\"hero hero--styled color-theme--light-blue hero--no-image hero--normal-spacing\">\n\t\t\t\t\t\t\t\t\t\t<div class=\"hero__inner hero__inner--center\">\n\t\t\t<div class=\"hero__content hero__content--center hero__content--no-image\">\n\t\t\t\t\t\t\t\t\t\t\t\t<div class=\"hero__eyebrow\">Responsabilidade Corporativa<\/div>\n\t\t\t\t\t\t\t\t\t\t\t\t<div class=\"u-mt-1 u-my-2\"><h1 class=\"hero__title hero__title--standard\" data-ptc-fitty=\"\">Ambiental, Social e Governan\u00e7a<\/h1><\/div>\n\t\t\t\t\t\t\t\t\t\t\t\t<div class=\"hero__subtitle\">Levamos a s\u00e9rio nossas obriga\u00e7\u00f5es relacionadas \u00e0 gest\u00e3o ambiental, responsabilidade social e governan\u00e7a corporativa. O compromisso da PTC com a responsabilidade corporativa est\u00e1 focado em cinco pilares principais: nossos pacientes, nossas pessoas, nossa comunidade, nosso meio ambiente e nossos valores.<\/div>\n\t\t\t\t\t\t\t\t\t<div class=\"dual-cta__ctas dual-cta__ctas--center\">\n\n\t\t\t\t\t<a href=\"https:\/\/ir.ptcbio.com\/static-files\/414c4ba6-ab6a-49a1-8438-f4e544fe2b8d?_gl=1*1da4lmh*_ga*MTYyMTI3MTg2Mi4xNzM2NDMwOTAx*_ga_11JP67NH9Z*czE3NTY1MjEyNTAkbzU1JGcxJHQxNzU2NTIyODE5JGo2MCRsMCRoMA\" target=\"_blank\" class=\"dual-cta__button text-cta text-cta--primary-2\">Leia mais em nosso relat\u00f3rio de 2024 (PDF)<\/a>\n\t\t\n\t\t\n\t\t\n\t<\/div>\n\t\t\t<\/div>\n\t\t\t\t\t<\/div>\n\t\t\t<\/div>\n\t\t\t<div class=\"hero__breadcrumbs\"><nav\n\tclass=\"breadcrumbs breadcrumbs--deep\"\n\taria-label=\"Breadcrumb\"\n>\n\t<ol class=\"breadcrumbs__list\" itemscope itemtype=\"https:\/\/schema.org\/BreadcrumbList\">\n\t\t\t\t\t\t\t\t\t<li class=\"breadcrumbs__crumb breadcrumbs__crumb--dark\" itemscope itemprop=\"itemListElement\" itemtype=\"https:\/\/schema.org\/ListItem\">\n\t\t\t\t\t\t\t\t\t\t\t<a class=\"breadcrumbs__link breadcrumbs__link--home breadcrumbs__link--dark\" itemprop=\"item\" href=\"https:\/\/latam.ptcbio.com\/pt\/\">\n\t\t\t\t\t\t\t<span class=\"sr-only\" itemprop=\"name\">P\u00e1gina Inicial<\/span>\n\t\t\t\t\t\t<\/a>\n\t\t\t\t\t\t\t\t\t\t<meta itemprop=\"position\" content=\"1\" \/>\n\t\t\t\t<\/li>\n\t\t\t\t\t\t\t\t\t\t\t\t<li class=\"breadcrumbs__crumb breadcrumbs__crumb--dark\" itemscope itemprop=\"itemListElement\" itemtype=\"https:\/\/schema.org\/ListItem\">\n\t\t\t\t\t\t\t\t\t\t\t\t\t\t\t\t\t\t<a\n\t\t\t\t\t\t\t\tclass=\"breadcrumbs__link\" itemprop=\"item\"\n\t\t\t\t\t\t\t\thref=\"https:\/\/latam.ptcbio.com\/pt\/sobre-a-ptc\/\"\n\t\t\t\t\t\t\t\t\t\t\t\t\t\t\t>\n\t\t\t\t\t\t\t\t\t\t\t\t\t\t\t<span itemprop=\"name\">Sobre a PTC<\/span>\n\t\t\t\t\t\t\t\t\t\t\t\t\t\t<\/a>\n\t\t\t\t\t\t\t\t\t\t\t\t\t\t\t\t<meta itemprop=\"position\" content=\"2\" \/>\n\t\t\t\t<\/li>\n\t\t\t\t\t\t\t\t\t\t\t\t<li class=\"breadcrumbs__crumb breadcrumbs__crumb--dark\" itemscope itemprop=\"itemListElement\" itemtype=\"https:\/\/schema.org\/ListItem\">\n\t\t\t\t\t\t\t\t\t\t\t\t\t\t\t\t\t\t<span\n\t\t\t\t\t\t\t\tclass=\"breadcrumbs__current\" itemprop=\"item\"\n\t\t\t\t\t\t\t\taria-current=\"page\"\t\t\t\t\t\t\t>\n\t\t\t\t\t\t\t\t<span itemprop=\"name\">Nossa Responsabilidade<\/span>\n\t\t\t\t\t\t\t<\/span>\n\t\t\t\t\t\t\t\t\t\t\t\t\t\t\t\t<meta itemprop=\"position\" content=\"3\" \/>\n\t\t\t\t<\/li>\n\t\t\t\t\t\t<\/ol>\n<\/nav>\n<\/div>\n\t<\/div>\n\n\n\n<div style=\"--mg-spacer-desktop: 100px; --mg-spacer-mobile: 50px; height: var(--mg-spacer-desktop);\" aria-hidden=\"true\" class=\"mg-spacer--responsive wp-block-spacer\"><\/div>\n\n\n<div class=\"alignfull wp-block-acf-seven-five-split\">\t<div class=\"seven-five__inner container container--padded container--max-width seven-five__inner--center seven-five__inner--left\">\n\t\t<div class=\"seven-five__wrapper\">\n\t\t\t\t\t\t\t<div class=\"seven-five__subheading heading--6\">Nossos pacientes<\/div>\n\t\t\t\n\t\t\t\t\t\t\t<h2 class=\"seven-five__heading heading--3\">Somos profundamente comprometidos com crian\u00e7as e adultos que vivem com doen\u00e7as raras e que t\u00eam poucas ou nenhuma op\u00e7\u00e3o de tratamento<\/h2>\n\t\t\t\n\t\t\t\t\t\t\t<div class=\"seven-five__description wysiwyg wysiwyg--pure body-copy--1\"><p><span class=\"NormalTextRun SCXW140253042 BCX0\">Trabalhamos arduamente para fornecer apoio aos pacientes e suas fam\u00edlias <\/span><span class=\"NormalTextRun SCXW140253042 BCX0\">por meio<\/span><span class=\"NormalTextRun SCXW140253042 BCX0\"> de<\/span> <span class=\"NormalTextRun SCXW140253042 BCX0\">uma colabora\u00e7\u00e3o <\/span><span class=\"NormalTextRun SCXW140253042 BCX0\">emp\u00e1tica<\/span><span class=\"NormalTextRun SCXW140253042 BCX0\">, ao longo de todo o processo de desenvolvimento de medicamentos. Nos esfor\u00e7amos para garantir que compreendamos profundamente a jornada do paciente e os envolvamos em cada etapa do caminho \u2013 desde as pesquisas e desenvolvimento iniciais, at\u00e9 os estudos cl\u00ednicos, passando pela comercializa\u00e7\u00e3o e programas de apoio.<\/span><\/p>\n<\/div>\n\t\t\t\n\t\t\t\t\t<\/div>\n\n\t\t\t\t\t<div class=\"seven-five__image-outer\" >\n\t\t\t<img loading=\"lazy\" decoding=\"async\" width=\"478\" height=\"340\" src=\"https:\/\/latam.ptcbio.com\/pt\/wp-content\/uploads\/sites\/10\/2022\/12\/our-patients-responsibility.png\" class=\"seven-five__image\" alt=\"Child smiling at camera\" sizes=\"auto, (min-width: 1920px) 576px, (min-width: 1440px) 552px, (min-width: 1200px) 456px, (min-width: 900px) 344px, (min-width: 768px) 720px, (min-width: 600px) 540px, 100vw\" srcset=\"https:\/\/latam.ptcbio.com\/pt\/wp-content\/uploads\/sites\/10\/2022\/12\/our-patients-responsibility.png 478w, https:\/\/latam.ptcbio.com\/pt\/wp-content\/uploads\/sites\/10\/2022\/12\/our-patients-responsibility-300x213.png 300w, https:\/\/latam.ptcbio.com\/pt\/wp-content\/uploads\/sites\/10\/2022\/12\/our-patients-responsibility-400x285.png 400w\" \/>\t\t\t<\/div>\n\t\t\n\t<\/div>\n<\/div>\n\n\n<div style=\"--mg-spacer-desktop: 100px; --mg-spacer-mobile: 50px; height: var(--mg-spacer-desktop);\" aria-hidden=\"true\" class=\"mg-spacer--responsive wp-block-spacer\"><\/div>\n\n\n\n\n<div  class=\"image-text color-theme--purple-steel\">\n\n\t\t\t<div class=\"image-text__background image-text__background--fixed\" style=\"background-image: url('https:\/\/latam.ptcbio.com\/pt\/wp-content\/uploads\/sites\/10\/2022\/12\/our-responsibility-trees.png') !important;\"><\/div>\n\t\n\t<div class=\"image-text__inner\" data-aos=\"\">\n\t\t<div class=\"image-text__content\">\n\n\t\t\t\t\t\t\t<div class=\"image-text__subheading heading--6\">\n\t\t\t\t\tNOSSO MEIO AMBIENTE\t\t\t\t<\/div>\n\t\t\t\n\t\t\t\t\t\t\t<div class=\"image-text__heading heading--2\">\n\t\t\t\t\tCuidar de nossas comunidades tamb\u00e9m inclui cuidar do meio ambiente\t\t\t\t<\/div>\n\t\t\t\n\t\t\t\t\t\t\t<div class=\"wysiwyg wysiwyg--pure\">\n\t\t\t\t\t<p><span class=\"TextRun SCXW135847471 BCX0\" lang=\"PT-BR\" xml:lang=\"PT-BR\" data-contrast=\"auto\"><span class=\"NormalTextRun SCXW135847471 BCX0\">Como uma empresa baseada em ci\u00eancia, entendemos o impacto que temos no meio ambiente.<\/span><\/span><\/p>\n<p><span class=\"TextRun SCXW135847471 BCX0\" lang=\"PT-BR\" xml:lang=\"PT-BR\" data-contrast=\"auto\"><span class=\"NormalTextRun SCXW135847471 BCX0\">Nos esfor\u00e7amos para ser bons cidad\u00e3os do mundo e fazer mudan\u00e7as para tornar o planeta melhor.<\/span><\/span><\/p>\n\t\t\t\t<\/div>\n\t\t\t\t\t<\/div>\n\t<\/div>\n<\/div>\n\n\n\n<div style=\"--mg-spacer-desktop: 100px; --mg-spacer-mobile: 50px; height: var(--mg-spacer-desktop);\" aria-hidden=\"true\" class=\"mg-spacer--responsive wp-block-spacer\"><\/div>\n\n\n<div class=\"alignfull wp-block-acf-seven-five-split\">\t<div class=\"seven-five__inner container container--padded container--max-width seven-five__inner--center seven-five__inner--left\">\n\t\t<div class=\"seven-five__wrapper\">\n\t\t\t\t\t\t\t<div class=\"seven-five__subheading heading--6\">Nossas Pessoas<\/div>\n\t\t\t\n\t\t\t\t\t\t\t<h2 class=\"seven-five__heading heading--3\">Nossa profunda paix\u00e3o pelos pacientes nos impulsiona a pensar de maneira diferente sobre solu\u00e7\u00f5es e a trabalhar colaborativamente como uma \u00fanica PTC ou OnePTC<\/h2>\n\t\t\t\n\t\t\t\t\t\t\t<div class=\"seven-five__description wysiwyg wysiwyg--pure body-copy--1\"><p><span class=\"TextRun SCXW206049439 BCX0\" lang=\"PT-BR\" xml:lang=\"PT-BR\" data-contrast=\"auto\"><span class=\"NormalTextRun SCXW206049439 BCX0\">Na PTC, investimos em nossas pessoas e dedicamos recursos para desenvolvimento e aprendizado, garantindo que nossos funcion\u00e1rios sejam apoiados e em suas carreiras. Nos esfor\u00e7amos para cultivar um grupo diversificado de l\u00edderes e focamos no desenvolvimento cont\u00ednuo de lideran\u00e7a.<\/span><\/span><\/p>\n<\/div>\n\t\t\t\n\t\t\t\t\t<\/div>\n\n\t\t\t\t\t<div class=\"seven-five__image-outer\" >\n\t\t\t<img loading=\"lazy\" decoding=\"async\" width=\"478\" height=\"372\" src=\"https:\/\/latam.ptcbio.com\/pt\/wp-content\/uploads\/sites\/10\/2022\/12\/responsibility-leadership-callout.png\" class=\"seven-five__image\" alt=\"Working in the lab\" sizes=\"auto, (min-width: 1920px) 576px, (min-width: 1440px) 552px, (min-width: 1200px) 456px, (min-width: 900px) 344px, (min-width: 768px) 720px, (min-width: 600px) 540px, 100vw\" srcset=\"https:\/\/latam.ptcbio.com\/pt\/wp-content\/uploads\/sites\/10\/2022\/12\/responsibility-leadership-callout.png 478w, https:\/\/latam.ptcbio.com\/pt\/wp-content\/uploads\/sites\/10\/2022\/12\/responsibility-leadership-callout-300x233.png 300w, https:\/\/latam.ptcbio.com\/pt\/wp-content\/uploads\/sites\/10\/2022\/12\/responsibility-leadership-callout-400x311.png 400w\" \/>\t\t\t<\/div>\n\t\t\n\t<\/div>\n<\/div>\n\n\n\n<div  class=\"image-text color-theme--white\">\n\n\t\t\t<div class=\"image-text__background image-text__background--fixed\" style=\"background-image: url('https:\/\/latam.ptcbio.com\/pt\/wp-content\/uploads\/sites\/10\/2024\/05\/ourCommunity.png') !important;\"><\/div>\n\t\n\t<div class=\"image-text__inner\" data-aos=\"\">\n\t\t<div class=\"image-text__content\">\n\n\t\t\t\t\t\t\t<div class=\"image-text__subheading heading--6\">\n\t\t\t\t\tNOSSA COMUNIDADE\t\t\t\t<\/div>\n\t\t\t\n\t\t\t\t\t\t\t<div class=\"image-text__heading heading--2\">\n\t\t\t\t\tNos esfor\u00e7amos para atender \u00e0s necessidades das pessoas em nossas comunidades\t\t\t\t<\/div>\n\t\t\t\n\t\t\t\t\t\t\t<div class=\"wysiwyg wysiwyg--pure\">\n\t\t\t\t\t<p><span class=\"TextRun SCXW4374199 BCX0\" lang=\"PT-BR\" xml:lang=\"PT-BR\" data-contrast=\"auto\"><span class=\"NormalTextRun SCXW4374199 BCX0\">Incentivamos os funcion\u00e1rios a fazer a diferen\u00e7a tanto internamente quanto externamente \u2013 isso inclui retribuir \u00e0s nossas comunidades locais e globais.<\/span><\/span><span class=\"EOP SCXW4374199 BCX0\" data-ccp-props=\"{}\">\u00a0<\/span><\/p>\n\t\t\t\t<\/div>\n\t\t\t\t\t<\/div>\n\t<\/div>\n<\/div>\n\n\n\n<div style=\"--mg-spacer-desktop: 100px; --mg-spacer-mobile: 50px; height: var(--mg-spacer-desktop);\" aria-hidden=\"true\" class=\"mg-spacer--responsive wp-block-spacer\"><\/div>\n\n\n\n<div  class=\"quote-block  color-theme--white\">\n\n\t\n\t<div class=\"quote-block__content\">\n\t\t<blockquote class=\"quote-block__text color-theme-border--white\">\n\t\t\t<div class=\"quote-block__heading heading--4\">\n\t\t\t\t\u00c9 uma sensa\u00e7\u00e3o incr\u00edvel quando seu trabalho tem um prop\u00f3sito que, eventualmente, torna melhor a vida de outros seres humanos. N\u00e3o h\u00e1 nada que supere isso.&quot;\t\t\t<\/div>\n\t\t<\/blockquote>\n\n\t\t\t\t\t<cite class=\"quote-block__author quote-block__author--name\">\n\t\t\t\tMorteza Hosseynhi\t\t\t<\/cite>\n\t\t\n\t\t\t\t\t<cite class=\"quote-block__author quote-block__author--title\">\n\t\t\t\tQu\u00edmico Molecular\t\t\t<\/cite>\n\t\t\t<\/div>\n\n<\/div>\n\n\n\n<svg  class=\"wave-transition\" xmlns=\"http:\/\/www.w3.org\/2000\/svg\" viewBox=\"0 0 2560 168\" style=\"color:var(--wp--preset--color--white);\">\n\t<path fill=\"var(--wp--preset--color--denim-blue)\" d=\"M2560,168.25V.25C1941.9-6.65,1329.6,131.45,726,95.25S0,.25,0,.25V168.25H2560Z\"\/>\n<\/svg>\n\n\n<div class=\"alignfull wp-block-acf-five-seven-split\">\t<div class=\"five-seven__inner container container--padded container--max-width five-seven__inner--bottom five-seven__inner--right\">\n\t\t<div class=\"five-seven__wrapper\" data-aos=\"\">\n\n\t\t\t\t\t\t\t<div>\n\t\t\t\t\t\t\t\t\t\t\t<div class=\"five-seven__subheading heading--6\">Junte-se \u00e0 nossa equipe<\/div>\n\t\t\t\t\t\n\t\t\t\t\t\t\t\t\t\t\t\t\t\t\t\t\t\t<h3 class=\"five-seven__heading heading--2\">Amamos o que fazemos<\/h3>\n\t\t\t\t\t\t\t\t\t\t\t\t\t\t\t<\/div>\n\t\t\t\n\t\t\t\t\t\t\t<div class=\"five-seven__description\"><p><span data-contrast=\"auto\">Os profissionais da PTC est\u00e3o trabalhando para mudar a vida dos pacientes todos os dias.<\/span><span data-ccp-props=\"{}\">\u00a0<\/span><\/p>\n<p><span data-contrast=\"auto\">Somos motivados por nossos pacientes e pelo desejo de que eles tenham mais momentos com suas fam\u00edlias, possibilitados em parte por nossas pesquisas e terapias.<\/span><span data-ccp-props=\"{}\">\u00a0<\/span><\/p>\n<p><span data-contrast=\"auto\">Se voc\u00ea est\u00e1 procurando um trabalho gratificante com colegas inspiradores, venha crescer conosco.<\/span><span data-ccp-props=\"{}\">\u00a0<\/span><\/p>\n<\/div>\n\t\t\t\n\t\t\t\n\t\t\t\t<div class=\"dual-cta__ctas dual-cta__ctas--same dual-cta__ctas--left\">\n\n\t\t\t\t\t<a href=\"https:\/\/www.ptcbio.com\/careers\" target=\"\" class=\"dual-cta__button btn btn--dark-primary\">Conhe\u00e7a as oportunidades na PTC<\/a>\n\t\t\n\t\t\n\t\t\n\t<\/div>\n\t\t<\/div>\n\n\t\t\t\t\t<div class=\"five-seven__image-outer\" >\n\t\t\t<img loading=\"lazy\" decoding=\"async\" width=\"768\" height=\"384\" src=\"https:\/\/latam.ptcbio.com\/pt\/wp-content\/uploads\/sites\/10\/2024\/07\/Lab_Employees2024-768x384.png\" class=\"five-seven__image\" alt=\"PTC Lab Employees\" sizes=\"auto, (min-width: 1920px) 836px, (min-width: 1440px) 801px, (min-width: 1200px) 662px, (min-width: 900px) 499px, (min-width: 768px) 720px, (min-width: 600px) 540px, 100vw\" srcset=\"https:\/\/latam.ptcbio.com\/pt\/wp-content\/uploads\/sites\/10\/2024\/07\/Lab_Employees2024-768x384.png 768w, https:\/\/latam.ptcbio.com\/pt\/wp-content\/uploads\/sites\/10\/2024\/07\/Lab_Employees2024-300x150.png 300w, https:\/\/latam.ptcbio.com\/pt\/wp-content\/uploads\/sites\/10\/2024\/07\/Lab_Employees2024-1024x512.png 1024w, https:\/\/latam.ptcbio.com\/pt\/wp-content\/uploads\/sites\/10\/2024\/07\/Lab_Employees2024-1536x769.png 1536w, https:\/\/latam.ptcbio.com\/pt\/wp-content\/uploads\/sites\/10\/2024\/07\/Lab_Employees2024-2048x1025.png 2048w, https:\/\/latam.ptcbio.com\/pt\/wp-content\/uploads\/sites\/10\/2024\/07\/Lab_Employees2024-400x200.png 400w, https:\/\/latam.ptcbio.com\/pt\/wp-content\/uploads\/sites\/10\/2024\/07\/Lab_Employees2024-1920x960.png 1920w\" \/>\t\t\t<\/div>\n\t\t\t<\/div>\n\n\t<\/div>","protected":false},"excerpt":{"rendered":"","protected":false},"author":14,"featured_media":0,"parent":8994,"menu_order":3,"comment_status":"closed","ping_status":"closed","template":"","meta":{"_acf_changed":true,"footnotes":""},"class_list":["post-9006","page","type-page","status-publish","hentry"],"acf":[],"yoast_head":"<!-- This site is optimized with the Yoast SEO Premium plugin v27.2 (Yoast SEO v27.2) - https:\/\/yoast.com\/product\/yoast-seo-premium-wordpress\/ -->\n<title>PTC Therapeutics - Responsibilities and Global Initiatives<\/title>\n<meta name=\"description\" content=\"PTC is deeply committed to changing lives through rare disease treatment and development of novel treatment options for patients around the world.\" \/>\n<meta name=\"robots\" content=\"index, follow, max-snippet:-1, max-image-preview:large, max-video-preview:-1\" \/>\n<link rel=\"canonical\" href=\"https:\/\/latam.ptcbio.com\/pt\/sobre-a-ptc\/nossa-responsabilidade\/\" \/>\n<meta property=\"og:locale\" content=\"pt_BR\" \/>\n<meta property=\"og:type\" content=\"article\" \/>\n<meta property=\"og:title\" content=\"Nossa Responsabilidade\" \/>\n<meta property=\"og:description\" content=\"PTC is deeply committed to changing lives through rare disease treatment and development of novel treatment options for patients around the world.\" \/>\n<meta property=\"og:url\" content=\"https:\/\/latam.ptcbio.com\/pt\/sobre-a-ptc\/nossa-responsabilidade\/\" \/>\n<meta property=\"og:site_name\" content=\"PTC Therapeutics (LATAM-Portuguese)\" \/>\n<meta property=\"article:publisher\" content=\"https:\/\/www.facebook.com\/PTCTherapeutics\" \/>\n<meta property=\"article:modified_time\" content=\"2025-10-15T00:15:26+00:00\" \/>\n<meta name=\"twitter:card\" content=\"summary_large_image\" \/>\n<meta name=\"twitter:site\" content=\"@PTCBio\" \/>\n<script type=\"application\/ld+json\" class=\"yoast-schema-graph\">{\"@context\":\"https:\/\/schema.org\",\"@graph\":[{\"@type\":\"WebPage\",\"@id\":\"https:\/\/latam.ptcbio.com\/pt\/sobre-a-ptc\/nossa-responsabilidade\/\",\"url\":\"https:\/\/latam.ptcbio.com\/pt\/sobre-a-ptc\/nossa-responsabilidade\/\",\"name\":\"PTC Therapeutics - Responsibilities and Global Initiatives\",\"isPartOf\":{\"@id\":\"https:\/\/latam.ptcbio.com\/pt\/#website\"},\"datePublished\":\"2022-12-16T23:18:20+00:00\",\"dateModified\":\"2025-10-15T00:15:26+00:00\",\"description\":\"PTC is deeply committed to changing lives through rare disease treatment and development of novel treatment options for patients around the world.\",\"breadcrumb\":{\"@id\":\"https:\/\/latam.ptcbio.com\/pt\/sobre-a-ptc\/nossa-responsabilidade\/#breadcrumb\"},\"inLanguage\":\"pt-BR\",\"potentialAction\":[{\"@type\":\"ReadAction\",\"target\":[\"https:\/\/latam.ptcbio.com\/pt\/sobre-a-ptc\/nossa-responsabilidade\/\"]}]},{\"@type\":\"BreadcrumbList\",\"@id\":\"https:\/\/latam.ptcbio.com\/pt\/sobre-a-ptc\/nossa-responsabilidade\/#breadcrumb\",\"itemListElement\":[{\"@type\":\"ListItem\",\"position\":1,\"name\":\"Home\",\"item\":\"https:\/\/latam.ptcbio.com\/pt\/\"},{\"@type\":\"ListItem\",\"position\":2,\"name\":\"Sobre a PTC\",\"item\":\"https:\/\/latam.ptcbio.com\/pt\/sobre-a-ptc\/\"},{\"@type\":\"ListItem\",\"position\":3,\"name\":\"Nossa Responsabilidade\"}]},{\"@type\":\"WebSite\",\"@id\":\"https:\/\/latam.ptcbio.com\/pt\/#website\",\"url\":\"https:\/\/latam.ptcbio.com\/pt\/\",\"name\":\"PTC Therapeutics, Inc.\",\"description\":\"\",\"publisher\":{\"@id\":\"https:\/\/latam.ptcbio.com\/pt\/#organization\"},\"potentialAction\":[{\"@type\":\"SearchAction\",\"target\":{\"@type\":\"EntryPoint\",\"urlTemplate\":\"https:\/\/latam.ptcbio.com\/pt\/?s={search_term_string}\"},\"query-input\":{\"@type\":\"PropertyValueSpecification\",\"valueRequired\":true,\"valueName\":\"search_term_string\"}}],\"inLanguage\":\"pt-BR\"},{\"@type\":\"Organization\",\"@id\":\"https:\/\/latam.ptcbio.com\/pt\/#organization\",\"name\":\"PTC Therapeutics, Inc.\",\"url\":\"https:\/\/latam.ptcbio.com\/pt\/\",\"logo\":{\"@type\":\"ImageObject\",\"inLanguage\":\"pt-BR\",\"@id\":\"https:\/\/latam.ptcbio.com\/pt\/#\/schema\/logo\/image\/\",\"url\":null,\"contentUrl\":null,\"width\":null,\"height\":null,\"caption\":\"PTC Therapeutics, Inc.\"},\"image\":{\"@id\":\"https:\/\/latam.ptcbio.com\/pt\/#\/schema\/logo\/image\/\"},\"sameAs\":[\"https:\/\/www.facebook.com\/PTCTherapeutics\",\"https:\/\/x.com\/PTCBio\"]}]}<\/script>\n<!-- \/ Yoast SEO Premium plugin. -->","yoast_head_json":{"title":"PTC Therapeutics - Responsibilities and Global Initiatives","description":"PTC is deeply committed to changing lives through rare disease treatment and development of novel treatment options for patients around the world.","robots":{"index":"index","follow":"follow","max-snippet":"max-snippet:-1","max-image-preview":"max-image-preview:large","max-video-preview":"max-video-preview:-1"},"canonical":"https:\/\/latam.ptcbio.com\/pt\/sobre-a-ptc\/nossa-responsabilidade\/","og_locale":"pt_BR","og_type":"article","og_title":"Nossa Responsabilidade","og_description":"PTC is deeply committed to changing lives through rare disease treatment and development of novel treatment options for patients around the world.","og_url":"https:\/\/latam.ptcbio.com\/pt\/sobre-a-ptc\/nossa-responsabilidade\/","og_site_name":"PTC Therapeutics (LATAM-Portuguese)","article_publisher":"https:\/\/www.facebook.com\/PTCTherapeutics","article_modified_time":"2025-10-15T00:15:26+00:00","twitter_card":"summary_large_image","twitter_site":"@PTCBio","schema":{"@context":"https:\/\/schema.org","@graph":[{"@type":"WebPage","@id":"https:\/\/latam.ptcbio.com\/pt\/sobre-a-ptc\/nossa-responsabilidade\/","url":"https:\/\/latam.ptcbio.com\/pt\/sobre-a-ptc\/nossa-responsabilidade\/","name":"PTC Therapeutics - Responsibilities and Global Initiatives","isPartOf":{"@id":"https:\/\/latam.ptcbio.com\/pt\/#website"},"datePublished":"2022-12-16T23:18:20+00:00","dateModified":"2025-10-15T00:15:26+00:00","description":"PTC is deeply committed to changing lives through rare disease treatment and development of novel treatment options for patients around the world.","breadcrumb":{"@id":"https:\/\/latam.ptcbio.com\/pt\/sobre-a-ptc\/nossa-responsabilidade\/#breadcrumb"},"inLanguage":"pt-BR","potentialAction":[{"@type":"ReadAction","target":["https:\/\/latam.ptcbio.com\/pt\/sobre-a-ptc\/nossa-responsabilidade\/"]}]},{"@type":"BreadcrumbList","@id":"https:\/\/latam.ptcbio.com\/pt\/sobre-a-ptc\/nossa-responsabilidade\/#breadcrumb","itemListElement":[{"@type":"ListItem","position":1,"name":"Home","item":"https:\/\/latam.ptcbio.com\/pt\/"},{"@type":"ListItem","position":2,"name":"Sobre a PTC","item":"https:\/\/latam.ptcbio.com\/pt\/sobre-a-ptc\/"},{"@type":"ListItem","position":3,"name":"Nossa Responsabilidade"}]},{"@type":"WebSite","@id":"https:\/\/latam.ptcbio.com\/pt\/#website","url":"https:\/\/latam.ptcbio.com\/pt\/","name":"PTC Therapeutics, Inc.","description":"","publisher":{"@id":"https:\/\/latam.ptcbio.com\/pt\/#organization"},"potentialAction":[{"@type":"SearchAction","target":{"@type":"EntryPoint","urlTemplate":"https:\/\/latam.ptcbio.com\/pt\/?s={search_term_string}"},"query-input":{"@type":"PropertyValueSpecification","valueRequired":true,"valueName":"search_term_string"}}],"inLanguage":"pt-BR"},{"@type":"Organization","@id":"https:\/\/latam.ptcbio.com\/pt\/#organization","name":"PTC Therapeutics, Inc.","url":"https:\/\/latam.ptcbio.com\/pt\/","logo":{"@type":"ImageObject","inLanguage":"pt-BR","@id":"https:\/\/latam.ptcbio.com\/pt\/#\/schema\/logo\/image\/","url":null,"contentUrl":null,"width":null,"height":null,"caption":"PTC Therapeutics, Inc."},"image":{"@id":"https:\/\/latam.ptcbio.com\/pt\/#\/schema\/logo\/image\/"},"sameAs":["https:\/\/www.facebook.com\/PTCTherapeutics","https:\/\/x.com\/PTCBio"]}]}},"_links":{"self":[{"href":"https:\/\/latam.ptcbio.com\/pt\/wp-json\/wp\/v2\/pages\/9006","targetHints":{"allow":["GET"]}}],"collection":[{"href":"https:\/\/latam.ptcbio.com\/pt\/wp-json\/wp\/v2\/pages"}],"about":[{"href":"https:\/\/latam.ptcbio.com\/pt\/wp-json\/wp\/v2\/types\/page"}],"author":[{"embeddable":true,"href":"https:\/\/latam.ptcbio.com\/pt\/wp-json\/wp\/v2\/users\/14"}],"replies":[{"embeddable":true,"href":"https:\/\/latam.ptcbio.com\/pt\/wp-json\/wp\/v2\/comments?post=9006"}],"version-history":[{"count":3,"href":"https:\/\/latam.ptcbio.com\/pt\/wp-json\/wp\/v2\/pages\/9006\/revisions"}],"predecessor-version":[{"id":16946,"href":"https:\/\/latam.ptcbio.com\/pt\/wp-json\/wp\/v2\/pages\/9006\/revisions\/16946"}],"up":[{"embeddable":true,"href":"https:\/\/latam.ptcbio.com\/pt\/wp-json\/wp\/v2\/pages\/8994"}],"wp:attachment":[{"href":"https:\/\/latam.ptcbio.com\/pt\/wp-json\/wp\/v2\/media?parent=9006"}],"curies":[{"name":"wp","href":"https:\/\/api.w.org\/{rel}","templated":true}]}}