{"id":8994,"date":"2022-12-16T22:01:24","date_gmt":"2022-12-16T22:01:24","guid":{"rendered":"https:\/\/latam.ptcbio.com\/pt\/?page_id=8994"},"modified":"2025-10-10T16:13:45","modified_gmt":"2025-10-10T20:13:45","slug":"sobre-a-ptc","status":"publish","type":"page","link":"https:\/\/latam.ptcbio.com\/pt\/sobre-a-ptc\/","title":{"rendered":"Sobre a PTC"},"content":{"rendered":"<div class=\"hero-header__outer-container\">\n\n\t<div class=\"hero hero--styled color-theme--light-blue hero--has-image hero--normal-spacing\">\n\t\t\t\t\t\t\t\t\t\t<div class=\"hero__inner hero__inner--left\">\n\t\t\t<div class=\"hero__content hero__content--left hero__content--has-image\">\n\t\t\t\t\t\t\t\t\t\t\t\t<div class=\"hero__eyebrow\">Sobre a PTC<\/div>\n\t\t\t\t\t\t\t\t\t\t\t\t<div class=\"u-mt-1 u-my-2\"><h1 class=\"hero__title hero__title--standard\" data-ptc-fitty=\"\">Os pacientes s\u00e3o a nossa prioridade<\/h1><\/div>\n\t\t\t\t\t\t\t\t\t\t\t\t<div class=\"hero__subtitle\">Tudo o que fizemos, cada estudo, cada experimento, cada investimento foi feito, antes de tudo, para mudar o curso das doen\u00e7as raras na vida dos pacientes.<\/div>\n\t\t\t\t\t\t\t\t\t\t\t<\/div>\n\t\t\t\t\t\t\t<figure class=\"hero__image-wrapper hero__image-wrapper--left\">\n\t\t\t\t\t\t\t\t\t<img loading=\"lazy\" decoding=\"async\" width=\"472\" height=\"494\" src=\"https:\/\/latam.ptcbio.com\/pt\/wp-content\/uploads\/sites\/10\/2022\/12\/about-hero.png\" class=\"hero__image\" alt=\"Medical professional examining a young female patient\" srcset=\"https:\/\/latam.ptcbio.com\/pt\/wp-content\/uploads\/sites\/10\/2022\/12\/about-hero.png 472w, https:\/\/latam.ptcbio.com\/pt\/wp-content\/uploads\/sites\/10\/2022\/12\/about-hero-287x300.png 287w, https:\/\/latam.ptcbio.com\/pt\/wp-content\/uploads\/sites\/10\/2022\/12\/about-hero-400x419.png 400w\" sizes=\"auto, (max-width: 472px) 100vw, 472px\" \/>\t\t\t\t\t\t\t\t<\/figure>\n\t\t\t\t\t<\/div>\n\t\t\t<\/div>\n\t\t\t<div class=\"hero__breadcrumbs\"><nav\n\tclass=\"breadcrumbs breadcrumbs--shallow\"\n\taria-label=\"Breadcrumb\"\n>\n\t<ol class=\"breadcrumbs__list\" itemscope itemtype=\"https:\/\/schema.org\/BreadcrumbList\">\n\t\t\t\t\t\t\t\t\t<li class=\"breadcrumbs__crumb breadcrumbs__crumb--dark\" itemscope itemprop=\"itemListElement\" itemtype=\"https:\/\/schema.org\/ListItem\">\n\t\t\t\t\t\t\t\t\t\t\t<a class=\"breadcrumbs__link breadcrumbs__link--home breadcrumbs__link--dark\" itemprop=\"item\" href=\"https:\/\/latam.ptcbio.com\/pt\/\">\n\t\t\t\t\t\t\t<span class=\"sr-only\" itemprop=\"name\">P\u00e1gina Inicial<\/span>\n\t\t\t\t\t\t<\/a>\n\t\t\t\t\t\t\t\t\t\t<meta itemprop=\"position\" content=\"1\" \/>\n\t\t\t\t<\/li>\n\t\t\t\t\t\t\t\t\t\t\t<\/ol>\n<\/nav>\n<\/div>\n\t<\/div>\n\n\n\n<section  class=\"featured-copy container container--padded container--max-width\">\n\t\t<div class=\"featured-copy__bg\">\n\t\t<div id=\"particles-js-top\" class=\"featured-copy__constellation featured-copy__constellation--top\"><\/div>\n\t\t<div id=\"particles-js-bottom\" class=\"featured-copy__constellation featured-copy__constellation--bottom\"><\/div>\n\t<\/div>\n\t\n\t<div class=\"featured-copy__inner\">\n\t\t<div class=\"featured-copy__background-mask\">\n\t\t\t<div class=\"featured-copy__title heading--5\">\n\t\t\t\tMiss\u00e3o e vis\u00e3o\t\t\t<\/div>\n\t\t\t<hr class=\"featured-copy__separator featured-copy__separator--violet\">\n\t\t\t<div class=\"featured-copy__subheading heading--5\">\n\t\t\t\tNa PTC, nossas maiores realiza\u00e7\u00f5es s\u00e3o\t\t\t<\/div>\n\t\t\t\t\t\t\t<h2 class=\"featured-copy__heading heading--2\">\n\t\t\t\t\t<i>medidas por momentos<\/i>\t\t\t\t<\/h2>\n\t\t\t\t\t\t<div class=\"featured-copy__text wysiwyg wysiwyg--pure body-copy--2\">\n\t\t\t\t<p>A PTC est\u00e1 comprometida em fornecer acesso aos melhores tratamentos para pacientes com poucas ou nenhuma op\u00e7\u00e3o de tratamento.<\/p>\n<p>Esta miss\u00e3o sustenta nosso foco na descoberta, desenvolvimento e comercializa\u00e7\u00e3o global de medicamentos clinicamente diferenciados para pessoas com doen\u00e7as raras.<\/p>\n<p>Como uma empresa farmac\u00eautica global centrada no paciente, combinamos expertise cl\u00ednica e cient\u00edfica com ci\u00eancia e tecnologia inovadoras, sempre com o paciente em mente. Trabalhamos arduamente para oferecer amplo acesso aos nossos tratamentos transformadores. O que nos move \u00e9 a nossa paix\u00e3o por proporcionar aos pacientes mais momentos com suas fam\u00edlias.<\/p>\n\t\t\t<\/div>\n\t\t<\/div>\n\t<\/div>\n<\/section>\n\n\n<div  class=\"two-up container--max-width color-theme--light-blue\">\n\t\t\t<div class=\"two-up__heading\" style=\"--ptc--heading--bg: var(--wp--preset--color--purple-steel );\" >\n\t\t\t<span>\n\t\t\t\t<h2 class=\"two-up__heading-text heading--2\" data-ptc-fitty=\"\">Um olhar mais aprofundado sobre a PTC<\/h2>\n\t\t\t<\/span>\n\t\t<\/div>\n\t\n\t<div class=\"two-up__blocks two-up__blocks--2 two-up__blocks--top\" style=\"--ptc--2up-cols:2\" >\n\t\t\t\t\t\n\t\t\t<div class=\"two-up__block two-up__block--dashicons \">\n\t\t\t\t\t\t\t\t\t\t\t\t\t<img decoding=\"async\" src=\"https:\/\/latam.ptcbio.com\/pt\/wp-content\/themes\/ptc-redesign\/images\/bean-people.svg\" alt=\"\" class=\"two-up__block__icon two-up__block__icon--static\">\t\t\t\t\t\t\t\t<div class=\"two-up__block-wrapper\">\n\t\t\t\t\t\t\t\t\t\t<div class=\"two-up__block__title\">\n\t\t\t\t\t\t<span class=\"heading--4\" data-ptc-fitty=\"\">Nossa equipe<\/span>\n\t\t\t\t\t<\/div>\n\t\t\t\t\t\t\t\t\t\t<div class=\"two-up__block__text body-copy--2\">\n\t\t\t\t\t\tMentes brilhantes e paix\u00e3o pelos pacientes se re\u00fanem aqui\t\t\t\t\t<\/div>\n\t\t\t\t\t\t\t\t\t\t\t<a href=\"https:\/\/latam.ptcbio.com\/pt\/sobre-a-ptc\/lideranca\/\" target=\"_self\" class=\"two-up__block__link text-cta text-cta--primary-2\">Conhe\u00e7a a equipe de lideran\u00e7a <\/a>\n\t\t\t\t\t\t\t\t\t<\/div>\n\t\t\t<\/div>\n\t\t\t\t\t\n\t\t\t<div class=\"two-up__block two-up__block--dashicons \">\n\t\t\t\t\t\t\t\t\t\t\t\t\t<img decoding=\"async\" src=\"https:\/\/latam.ptcbio.com\/pt\/wp-content\/themes\/ptc-redesign\/images\/resp-citizen-icon.svg\" alt=\"\" class=\"two-up__block__icon two-up__block__icon--static\">\t\t\t\t\t\t\t\t<div class=\"two-up__block-wrapper\">\n\t\t\t\t\t\t\t\t\t\t<div class=\"two-up__block__title\">\n\t\t\t\t\t\t<span class=\"heading--4\" data-ptc-fitty=\"\">Impacto global<\/span>\n\t\t\t\t\t<\/div>\n\t\t\t\t\t\t\t\t\t\t<div class=\"two-up__block__text body-copy--2\">\n\t\t\t\t\t\tCuidar do nosso meio ambiente, das nossas pessoas e da nossa comunidade faz parte da ess\u00eancia da PTC desde a sua funda\u00e7\u00e3o.\t\t\t\t\t<\/div>\n\t\t\t\t\t\t\t\t\t\t\t<a href=\"https:\/\/latam.ptcbio.com\/pt\/sobre-a-ptc\/nossa-responsabilidade\/\" target=\"_self\" class=\"two-up__block__link text-cta text-cta--primary-2\">Responsabilidade na PTC<\/a>\n\t\t\t\t\t\t\t\t\t<\/div>\n\t\t\t<\/div>\n\t\t\t<\/div>\n<\/div>\n\n\n<div class=\"alignfull wp-block-acf-seven-five-split\">\t<div class=\"seven-five__inner container container--padded container--max-width seven-five__inner--center seven-five__inner--right\">\n\t\t<div class=\"seven-five__wrapper\">\n\t\t\t\t\t\t\t<div class=\"seven-five__subheading heading--6\">JUNTE-SE \u00c0 NOSSA EQUIPE<\/div>\n\t\t\t\n\t\t\t\t\t\t\t<h2 class=\"seven-five__heading heading--3\">Seja extraordin\u00e1rio conosco<\/h2>\n\t\t\t\n\t\t\t\t\t\t\t<div class=\"seven-five__description wysiwyg wysiwyg--pure body-copy--1\"><p>A PTC busca pessoas determinadas e gentis para oferecer tratamentos transformadores. Junte-se a n\u00f3s em nossa miss\u00e3o de ajudar pessoas com doen\u00e7as raras. Elas contam conosco.<\/p>\n<\/div>\n\t\t\t\n\t\t\t<ul class=\"im-cta__list\">\n\t\t\t<li class=\"im-cta__item\">\n\t\t\t<a href=\"https:\/\/www.ptcbio.com\/careers\" target=\"\" class=\"im-cta__link\">\n\t\t\t\t<span class=\"im-cta__text\">Junte-se \u00e0 nossa equipe<\/span>\n\t\t\t\t<span class=\"im-cta__icon\" aria-hidden=\"true\"><\/span>\n\t\t\t<\/a>\n\t\t<\/li>\n\t<\/ul>\n\t\t<\/div>\n\n\t\t\n\t<\/div>\n<\/div>\n\n\n<div style=\"--mg-spacer-desktop: 34px; --mg-spacer-mobile: 17px; height: var(--mg-spacer-desktop);\" aria-hidden=\"true\" class=\"mg-spacer--responsive wp-block-spacer\"><\/div>\n\n\n\n<div style=\"--mg-spacer-desktop: 34px; --mg-spacer-mobile: 17px; height: var(--mg-spacer-desktop);\" aria-hidden=\"true\" class=\"mg-spacer--responsive wp-block-spacer\"><\/div>\n\n\n<div  class=\"text-block text-block--standard color-theme--sky-blue-partial\">\n\t\t<div class=\"text-block__wrapper\" >\n\n\t\t\n\t\t\t\t\t<h2 class=\"text-block__heading\">\n\t\t\t\t<span class=\"heading--2\"  data-ptc-fitty=\"\">Adorar\u00edamos ouvir voc\u00ea<\/span>\n\t\t\t<\/h2>\n\t\t\n\t\t<div class=\"text-block__content wysiwyg--decoration wysiwyg--color\">\n\t\t\t<p><br data-mce-bogus=\"1\"><\/p>\n\t\t<\/div>\n\n\t\t\n\t\t\t<div class=\"dual-cta__ctas dual-cta__ctas--same dual-cta__ctas--center\">\n\n\t\t\t\t\t<a href=\"https:\/\/latam.ptcbio.com\/pt\/entre-em-contato\/\" target=\"\" class=\"dual-cta__button btn btn--primary\">Entre em contato<\/a>\n\t\t\n\t\t\n\t\t\n\t<\/div>\n\n\t<\/div>\n<\/div>\n\n","protected":false},"excerpt":{"rendered":"","protected":false},"author":14,"featured_media":0,"parent":0,"menu_order":0,"comment_status":"closed","ping_status":"closed","template":"","meta":{"_acf_changed":true,"footnotes":""},"class_list":["post-8994","page","type-page","status-publish","hentry"],"acf":[],"yoast_head":"<!-- This site is optimized with the Yoast SEO Premium plugin v27.2 (Yoast SEO v27.2) - https:\/\/yoast.com\/product\/yoast-seo-premium-wordpress\/ -->\n<title>About PTC Therapeutics - Treatments for Rare Diseases<\/title>\n<meta name=\"description\" content=\"Learn about PTC Therapeutics, a global biopharmaceutical company. We are fueled by science, and committed to transforming the lives of patients with rare diseases.\" \/>\n<meta name=\"robots\" content=\"index, follow, max-snippet:-1, max-image-preview:large, max-video-preview:-1\" \/>\n<link rel=\"canonical\" href=\"https:\/\/latam.ptcbio.com\/pt\/sobre-a-ptc\/\" \/>\n<meta property=\"og:locale\" content=\"pt_BR\" \/>\n<meta property=\"og:type\" content=\"article\" \/>\n<meta property=\"og:title\" content=\"Sobre a PTC\" \/>\n<meta property=\"og:description\" content=\"Learn about PTC Therapeutics, a global biopharmaceutical company. We are fueled by science, and committed to transforming the lives of patients with rare diseases.\" \/>\n<meta property=\"og:url\" content=\"https:\/\/latam.ptcbio.com\/pt\/sobre-a-ptc\/\" \/>\n<meta property=\"og:site_name\" content=\"PTC Therapeutics (LATAM-Portuguese)\" \/>\n<meta property=\"article:publisher\" content=\"https:\/\/www.facebook.com\/PTCTherapeutics\" \/>\n<meta property=\"article:modified_time\" content=\"2025-10-10T20:13:45+00:00\" \/>\n<meta name=\"twitter:card\" content=\"summary_large_image\" \/>\n<meta name=\"twitter:site\" content=\"@PTCBio\" \/>\n<script type=\"application\/ld+json\" class=\"yoast-schema-graph\">{\"@context\":\"https:\/\/schema.org\",\"@graph\":[{\"@type\":\"WebPage\",\"@id\":\"https:\/\/latam.ptcbio.com\/pt\/sobre-a-ptc\/\",\"url\":\"https:\/\/latam.ptcbio.com\/pt\/sobre-a-ptc\/\",\"name\":\"About PTC Therapeutics - Treatments for Rare Diseases\",\"isPartOf\":{\"@id\":\"https:\/\/latam.ptcbio.com\/pt\/#website\"},\"datePublished\":\"2022-12-16T22:01:24+00:00\",\"dateModified\":\"2025-10-10T20:13:45+00:00\",\"description\":\"Learn about PTC Therapeutics, a global biopharmaceutical company. We are fueled by science, and committed to transforming the lives of patients with rare diseases.\",\"breadcrumb\":{\"@id\":\"https:\/\/latam.ptcbio.com\/pt\/sobre-a-ptc\/#breadcrumb\"},\"inLanguage\":\"pt-BR\",\"potentialAction\":[{\"@type\":\"ReadAction\",\"target\":[\"https:\/\/latam.ptcbio.com\/pt\/sobre-a-ptc\/\"]}]},{\"@type\":\"BreadcrumbList\",\"@id\":\"https:\/\/latam.ptcbio.com\/pt\/sobre-a-ptc\/#breadcrumb\",\"itemListElement\":[{\"@type\":\"ListItem\",\"position\":1,\"name\":\"Home\",\"item\":\"https:\/\/latam.ptcbio.com\/pt\/\"},{\"@type\":\"ListItem\",\"position\":2,\"name\":\"Sobre a PTC\"}]},{\"@type\":\"WebSite\",\"@id\":\"https:\/\/latam.ptcbio.com\/pt\/#website\",\"url\":\"https:\/\/latam.ptcbio.com\/pt\/\",\"name\":\"PTC Therapeutics, Inc.\",\"description\":\"\",\"publisher\":{\"@id\":\"https:\/\/latam.ptcbio.com\/pt\/#organization\"},\"potentialAction\":[{\"@type\":\"SearchAction\",\"target\":{\"@type\":\"EntryPoint\",\"urlTemplate\":\"https:\/\/latam.ptcbio.com\/pt\/?s={search_term_string}\"},\"query-input\":{\"@type\":\"PropertyValueSpecification\",\"valueRequired\":true,\"valueName\":\"search_term_string\"}}],\"inLanguage\":\"pt-BR\"},{\"@type\":\"Organization\",\"@id\":\"https:\/\/latam.ptcbio.com\/pt\/#organization\",\"name\":\"PTC Therapeutics, Inc.\",\"url\":\"https:\/\/latam.ptcbio.com\/pt\/\",\"logo\":{\"@type\":\"ImageObject\",\"inLanguage\":\"pt-BR\",\"@id\":\"https:\/\/latam.ptcbio.com\/pt\/#\/schema\/logo\/image\/\",\"url\":null,\"contentUrl\":null,\"width\":null,\"height\":null,\"caption\":\"PTC Therapeutics, Inc.\"},\"image\":{\"@id\":\"https:\/\/latam.ptcbio.com\/pt\/#\/schema\/logo\/image\/\"},\"sameAs\":[\"https:\/\/www.facebook.com\/PTCTherapeutics\",\"https:\/\/x.com\/PTCBio\"]}]}<\/script>\n<!-- \/ Yoast SEO Premium plugin. -->","yoast_head_json":{"title":"About PTC Therapeutics - Treatments for Rare Diseases","description":"Learn about PTC Therapeutics, a global biopharmaceutical company. We are fueled by science, and committed to transforming the lives of patients with rare diseases.","robots":{"index":"index","follow":"follow","max-snippet":"max-snippet:-1","max-image-preview":"max-image-preview:large","max-video-preview":"max-video-preview:-1"},"canonical":"https:\/\/latam.ptcbio.com\/pt\/sobre-a-ptc\/","og_locale":"pt_BR","og_type":"article","og_title":"Sobre a PTC","og_description":"Learn about PTC Therapeutics, a global biopharmaceutical company. We are fueled by science, and committed to transforming the lives of patients with rare diseases.","og_url":"https:\/\/latam.ptcbio.com\/pt\/sobre-a-ptc\/","og_site_name":"PTC Therapeutics (LATAM-Portuguese)","article_publisher":"https:\/\/www.facebook.com\/PTCTherapeutics","article_modified_time":"2025-10-10T20:13:45+00:00","twitter_card":"summary_large_image","twitter_site":"@PTCBio","schema":{"@context":"https:\/\/schema.org","@graph":[{"@type":"WebPage","@id":"https:\/\/latam.ptcbio.com\/pt\/sobre-a-ptc\/","url":"https:\/\/latam.ptcbio.com\/pt\/sobre-a-ptc\/","name":"About PTC Therapeutics - Treatments for Rare Diseases","isPartOf":{"@id":"https:\/\/latam.ptcbio.com\/pt\/#website"},"datePublished":"2022-12-16T22:01:24+00:00","dateModified":"2025-10-10T20:13:45+00:00","description":"Learn about PTC Therapeutics, a global biopharmaceutical company. We are fueled by science, and committed to transforming the lives of patients with rare diseases.","breadcrumb":{"@id":"https:\/\/latam.ptcbio.com\/pt\/sobre-a-ptc\/#breadcrumb"},"inLanguage":"pt-BR","potentialAction":[{"@type":"ReadAction","target":["https:\/\/latam.ptcbio.com\/pt\/sobre-a-ptc\/"]}]},{"@type":"BreadcrumbList","@id":"https:\/\/latam.ptcbio.com\/pt\/sobre-a-ptc\/#breadcrumb","itemListElement":[{"@type":"ListItem","position":1,"name":"Home","item":"https:\/\/latam.ptcbio.com\/pt\/"},{"@type":"ListItem","position":2,"name":"Sobre a PTC"}]},{"@type":"WebSite","@id":"https:\/\/latam.ptcbio.com\/pt\/#website","url":"https:\/\/latam.ptcbio.com\/pt\/","name":"PTC Therapeutics, Inc.","description":"","publisher":{"@id":"https:\/\/latam.ptcbio.com\/pt\/#organization"},"potentialAction":[{"@type":"SearchAction","target":{"@type":"EntryPoint","urlTemplate":"https:\/\/latam.ptcbio.com\/pt\/?s={search_term_string}"},"query-input":{"@type":"PropertyValueSpecification","valueRequired":true,"valueName":"search_term_string"}}],"inLanguage":"pt-BR"},{"@type":"Organization","@id":"https:\/\/latam.ptcbio.com\/pt\/#organization","name":"PTC Therapeutics, Inc.","url":"https:\/\/latam.ptcbio.com\/pt\/","logo":{"@type":"ImageObject","inLanguage":"pt-BR","@id":"https:\/\/latam.ptcbio.com\/pt\/#\/schema\/logo\/image\/","url":null,"contentUrl":null,"width":null,"height":null,"caption":"PTC Therapeutics, Inc."},"image":{"@id":"https:\/\/latam.ptcbio.com\/pt\/#\/schema\/logo\/image\/"},"sameAs":["https:\/\/www.facebook.com\/PTCTherapeutics","https:\/\/x.com\/PTCBio"]}]}},"_links":{"self":[{"href":"https:\/\/latam.ptcbio.com\/pt\/wp-json\/wp\/v2\/pages\/8994","targetHints":{"allow":["GET"]}}],"collection":[{"href":"https:\/\/latam.ptcbio.com\/pt\/wp-json\/wp\/v2\/pages"}],"about":[{"href":"https:\/\/latam.ptcbio.com\/pt\/wp-json\/wp\/v2\/types\/page"}],"author":[{"embeddable":true,"href":"https:\/\/latam.ptcbio.com\/pt\/wp-json\/wp\/v2\/users\/14"}],"replies":[{"embeddable":true,"href":"https:\/\/latam.ptcbio.com\/pt\/wp-json\/wp\/v2\/comments?post=8994"}],"version-history":[{"count":4,"href":"https:\/\/latam.ptcbio.com\/pt\/wp-json\/wp\/v2\/pages\/8994\/revisions"}],"predecessor-version":[{"id":16994,"href":"https:\/\/latam.ptcbio.com\/pt\/wp-json\/wp\/v2\/pages\/8994\/revisions\/16994"}],"wp:attachment":[{"href":"https:\/\/latam.ptcbio.com\/pt\/wp-json\/wp\/v2\/media?parent=8994"}],"curies":[{"name":"wp","href":"https:\/\/api.w.org\/{rel}","templated":true}]}}