{"id":9951,"date":"2022-12-27T17:55:41","date_gmt":"2022-12-27T17:55:41","guid":{"rendered":"https:\/\/latam.ptcbio.com\/es\/?page_id=9951"},"modified":"2025-12-15T17:17:13","modified_gmt":"2025-12-15T21:17:13","slug":"areas-terapeuticas","status":"publish","type":"page","link":"https:\/\/latam.ptcbio.com\/es\/areas-terapeuticas\/","title":{"rendered":"\u00c1reas terap\u00e9uticas"},"content":{"rendered":"<div class=\"hero-header__outer-container\">\n\n\t<div class=\"hero hero--styled color-theme--denim-blue hero--has-image hero--reduced-spacing\">\n\t\t\t\t\t\t\t\t\t\t<div class=\"hero__inner hero__inner--left\">\n\t\t\t<div class=\"hero__content hero__content--left hero__content--has-image\">\n\t\t\t\t\t\t\t\t\t\t\t\t<div class=\"hero__eyebrow\">\u00c1reas terap\u00e9uticas<\/div>\n\t\t\t\t\t\t\t\t\t\t\t\t<div class=\"u-mt-1 u-my-2\"><h1 class=\"hero__title hero__title--standard\" data-ptc-fitty=\"\">Enfermedades que tenemos la misi\u00f3n de transformar<\/h1><\/div>\n\t\t\t\t\t\t\t\t\t\t\t\t\t\t\t<\/div>\n\t\t\t\t\t\t\t<figure class=\"hero__image-wrapper hero__image-wrapper--left\">\n\t\t\t\t\t\t\t\t\t<img loading=\"lazy\" decoding=\"async\" width=\"548\" height=\"540\" src=\"https:\/\/latam.ptcbio.com\/es\/wp-content\/uploads\/sites\/24\/2024\/05\/fcs600.png\" class=\"hero__image\" alt=\"Patient living with FCS\" srcset=\"https:\/\/latam.ptcbio.com\/es\/wp-content\/uploads\/sites\/24\/2024\/05\/fcs600.png 548w, https:\/\/latam.ptcbio.com\/es\/wp-content\/uploads\/sites\/24\/2024\/05\/fcs600-300x296.png 300w, https:\/\/latam.ptcbio.com\/es\/wp-content\/uploads\/sites\/24\/2024\/05\/fcs600-400x394.png 400w\" sizes=\"auto, (max-width: 548px) 100vw, 548px\" \/>\t\t\t\t\t\t\t\t<\/figure>\n\t\t\t\t\t<\/div>\n\t\t\t<\/div>\n\t\t\t<div class=\"hero__breadcrumbs\"><nav\n\tclass=\"breadcrumbs breadcrumbs--shallow\"\n\taria-label=\"Breadcrumb\"\n>\n\t<ol class=\"breadcrumbs__list\" itemscope itemtype=\"https:\/\/schema.org\/BreadcrumbList\">\n\t\t\t\t\t\t\t\t\t<li class=\"breadcrumbs__crumb breadcrumbs__crumb--light\" itemscope itemprop=\"itemListElement\" itemtype=\"https:\/\/schema.org\/ListItem\">\n\t\t\t\t\t\t\t\t\t\t\t<a class=\"breadcrumbs__link breadcrumbs__link--home breadcrumbs__link--light\" itemprop=\"item\" href=\"https:\/\/latam.ptcbio.com\/es\/\">\n\t\t\t\t\t\t\t<span class=\"sr-only\" itemprop=\"name\">P\u00e1gina principal<\/span>\n\t\t\t\t\t\t<\/a>\n\t\t\t\t\t\t\t\t\t\t<meta itemprop=\"position\" content=\"1\" \/>\n\t\t\t\t<\/li>\n\t\t\t\t\t\t\t\t\t\t\t<\/ol>\n<\/nav>\n<\/div>\n\t<\/div>\n\n\n\n<p class=\"core-block core-paragraph\">Estamos profundamente comprometidos con personas que viven con enfermedades poco frecuentes y que tienen pocas o ninguna opci\u00f3n de tratamiento. Esta pasi\u00f3n es lo que nos motiva e inspira.Nuestros esfuerzos comerciales y de desarrollo est\u00e1n enfocados en dos \u00e1reas terap\u00e9uticas \u2014 neurolog\u00eda y condiciones metab\u00f3licas \u2014 donde tenemos amplia experiencia y un historial probado de impacto<\/p>\n\n\n\n<div  class=\"light-grid\">\n\n\t\t\t<div class=\"title-text\">\n\t\t\t<h2 class=\"title-text__heading \">\n\t<span class=\"title-text__pseudo title-text__pseudo--before\" style=\"background-color: var( --wp--preset--color--violet );\"><\/span>\n\t<span class=\"title-text__text\">Metabolismo<\/span>\n\t<span class=\"title-text__pseudo title-text__pseudo--after\" style=\"background-color: var( --wp--preset--color--violet );\"><\/span>\n<\/h2>\n\t\t<\/div>\n\t\n\t\n\t<div class=\"light-grid__grid\">\n\t\t\t\t\t\t\t\t<div class=\"light-grid__item has-tag\">\n\t\t\t\t<a href=\"\" class=\"light-grid__info\">\n\t\t\t\t\t<div class=\"light-grid__main\">\n\t\t\t\t\t\t\t\t\t\t\t\t\t<span class=\"light-grid__name heading--6\">\n\t\t\t\t\t\t\t\tS\u00edndrome de Quilomicronemia Familiar (FCS)\t\t\t\t\t\t\t<\/span>\n\t\t\t\t\t\t\t\t\t\t\t\t\t\t\t\t\t\t\t<span class=\"light-grid__title body-copy--1\">\n\t\t\t\t\t\t\t\tEnfermedad grave que impide que el cuerpo descomponga las grasas adecuadamente.\t\t\t\t\t\t\t<\/span>\n\t\t\t\t\t\t\t\t\t\t\t<\/div>\n\t\t\t\t\t\t\t\t\t<\/a>\n\t\t\t<\/div>\n\t\t\t\t\t\t\t\t<div class=\"light-grid__item has-tag\">\n\t\t\t\t<a href=\"\" class=\"light-grid__info\">\n\t\t\t\t\t<div class=\"light-grid__main\">\n\t\t\t\t\t\t\t\t\t\t\t\t\t<span class=\"light-grid__name heading--6\">\n\t\t\t\t\t\t\t\tLipodistrofia Parcial Familiar (LPF)\t\t\t\t\t\t\t<\/span>\n\t\t\t\t\t\t\t\t\t\t\t\t\t\t\t\t\t\t\t<span class=\"light-grid__title body-copy--1\">\n\t\t\t\t\t\t\t\tGrupo de enfermedades caracterizadas por una distribuci\u00f3n anormal de grasa en el cuerpo.\t\t\t\t\t\t\t<\/span>\n\t\t\t\t\t\t\t\t\t\t\t<\/div>\n\t\t\t\t\t\t\t\t\t<\/a>\n\t\t\t<\/div>\n\t\t\t\t\t\t\t\t<div class=\"light-grid__item has-tag\">\n\t\t\t\t<a href=\"https:\/\/latam.ptcbio.com\/es\/areas-terapeuticas\/fenilcetonuria\/\" class=\"light-grid__info\">\n\t\t\t\t\t<div class=\"light-grid__main\">\n\t\t\t\t\t\t\t\t\t\t\t\t\t<span class=\"light-grid__name heading--6\">\n\t\t\t\t\t\t\t\tFenilcetonuria (PKU)\t\t\t\t\t\t\t<\/span>\n\t\t\t\t\t\t\t\t\t\t\t\t\t\t\t\t\t\t\t<span class=\"light-grid__title body-copy--1\">\n\t\t\t\t\t\t\t\tCondici\u00f3n metab\u00f3lica causada por mutaciones en la enzima fenilalanina hidroxilasa, que puede provocar discapacidades cognitivas y convulsiones si no se trata correctamente.\t\t\t\t\t\t\t<\/span>\n\t\t\t\t\t\t\t\t\t\t\t<\/div>\n\t\t\t\t\t\t\t\t\t<\/a>\n\t\t\t<\/div>\n\t\t\t<\/div>\n\n<\/div>\n\n\n\n\n<div  class=\"light-grid\">\n\n\t\t\t<div class=\"title-text\">\n\t\t\t<h2 class=\"title-text__heading \">\n\t<span class=\"title-text__pseudo title-text__pseudo--before\" style=\"background-color: var( --wp--preset--color--violet );\"><\/span>\n\t<span class=\"title-text__text\">Neurolog\u00eda<\/span>\n\t<span class=\"title-text__pseudo title-text__pseudo--after\" style=\"background-color: var( --wp--preset--color--violet );\"><\/span>\n<\/h2>\n\t\t<\/div>\n\t\n\t\n\t<div class=\"light-grid__grid\">\n\t\t\t\t\t\t\t\t<div class=\"light-grid__item has-tag\">\n\t\t\t\t<a href=\"\" class=\"light-grid__info\">\n\t\t\t\t\t<div class=\"light-grid__main\">\n\t\t\t\t\t\t\t\t\t\t\t\t\t<span class=\"light-grid__name heading--6\">\n\t\t\t\t\t\t\t\tAmiloidosis Hereditaria por Transtiretina (hATTR)\t\t\t\t\t\t\t<\/span>\n\t\t\t\t\t\t\t\t\t\t\t\t\t\t\t\t\t\t\t<span class=\"light-grid__title body-copy--1\">\n\t\t\t\t\t\t\t\tEnfermedad gen\u00e9tica, progresiva y potencialmente fatal en la que los dep\u00f3sitos de amiloide causan da\u00f1os en m\u00faltiples \u00f3rganos.\t\t\t\t\t\t\t<\/span>\n\t\t\t\t\t\t\t\t\t\t\t<\/div>\n\t\t\t\t\t\t\t\t\t<\/a>\n\t\t\t<\/div>\n\t\t\t\t\t\t\t\t<div class=\"light-grid__item has-tag\">\n\t\t\t\t<a href=\"\" class=\"light-grid__info\">\n\t\t\t\t\t<div class=\"light-grid__main\">\n\t\t\t\t\t\t\t\t\t\t\t\t\t<span class=\"light-grid__name heading--6\">\n\t\t\t\t\t\t\t\tDistrofia Muscular de Duchenne (DMD)\t\t\t\t\t\t\t<\/span>\n\t\t\t\t\t\t\t\t\t\t\t\t\t\t\t\t\t\t\t<span class=\"light-grid__title body-copy--1\">\n\t\t\t\t\t\t\t\tEnfermedad gen\u00e9tica, progresiva y poco frecuente que causa debilidad muscular desde la infancia y puede ser fatal.\t\t\t\t\t\t\t<\/span>\n\t\t\t\t\t\t\t\t\t\t\t<\/div>\n\t\t\t\t\t\t\t\t\t<\/a>\n\t\t\t<\/div>\n\t\t\t\t\t\t\t\t<div class=\"light-grid__item has-tag\">\n\t\t\t\t<a href=\"\" class=\"light-grid__info\">\n\t\t\t\t\t<div class=\"light-grid__main\">\n\t\t\t\t\t\t\t\t\t\t\t\t\t<span class=\"light-grid__name heading--6\">\n\t\t\t\t\t\t\t\tAtaxia de Friedreich (AF)\t\t\t\t\t\t\t<\/span>\n\t\t\t\t\t\t\t\t\t\t\t\t\t\t\t\t\t\t\t<span class=\"light-grid__title body-copy--1\">\n\t\t\t\t\t\t\t\tEnfermedad poco frecuente, hereditaria y progresiva causada por disfunci\u00f3n mitocondrial.\t\t\t\t\t\t\t<\/span>\n\t\t\t\t\t\t\t\t\t\t\t<\/div>\n\t\t\t\t\t\t\t\t\t<\/a>\n\t\t\t<\/div>\n\t\t\t\t\t\t\t\t<div class=\"light-grid__item has-tag\">\n\t\t\t\t<a href=\"\" class=\"light-grid__info\">\n\t\t\t\t\t<div class=\"light-grid__main\">\n\t\t\t\t\t\t\t\t\t\t\t\t\t<span class=\"light-grid__name heading--6\">\n\t\t\t\t\t\t\t\tDeficiencia de Descarboxilasa de L-Amino\u00e1cidos Arom\u00e1ticos (AADC)\t\t\t\t\t\t\t<\/span>\n\t\t\t\t\t\t\t\t\t\t\t\t\t\t\t\t\t\t\t<span class=\"light-grid__title body-copy--1\">\n\t\t\t\t\t\t\t\tLos pacientes con esta deficiencia no producen dopamina, un neurotransmisor esencial para el control del movimiento.\t\t\t\t\t\t\t<\/span>\n\t\t\t\t\t\t\t\t\t\t\t<\/div>\n\t\t\t\t\t\t\t\t\t<\/a>\n\t\t\t<\/div>\n\t\t\t\t\t\t\t\t<div class=\"light-grid__item has-tag\">\n\t\t\t\t<a href=\"\" class=\"light-grid__info\">\n\t\t\t\t\t<div class=\"light-grid__main\">\n\t\t\t\t\t\t\t\t\t\t\t\t\t<span class=\"light-grid__name heading--6\">\n\t\t\t\t\t\t\t\tEnfermedad de Huntington (EH)\t\t\t\t\t\t\t<\/span>\n\t\t\t\t\t\t\t\t\t\t\t\t\t\t\t\t\t\t\t<span class=\"light-grid__title body-copy--1\">\n\t\t\t\t\t\t\t\tTrastorno cerebral progresivo que provoca movimientos incontrolables y deterioro cognitivo.\t\t\t\t\t\t\t<\/span>\n\t\t\t\t\t\t\t\t\t\t\t<\/div>\n\t\t\t\t\t\t\t\t\t<\/a>\n\t\t\t<\/div>\n\t\t\t\t\t\t\t\t<div class=\"light-grid__item has-tag\">\n\t\t\t\t<a href=\"\" class=\"light-grid__info\">\n\t\t\t\t\t<div class=\"light-grid__main\">\n\t\t\t\t\t\t\t\t\t\t\t\t\t<span class=\"light-grid__name heading--6\">\n\t\t\t\t\t\t\t\tAtrofia Muscular Espinal (AME)\t\t\t\t\t\t\t<\/span>\n\t\t\t\t\t\t\t\t\t\t\t\t\t\t\t\t\t\t\t<span class=\"light-grid__title body-copy--1\">\n\t\t\t\t\t\t\t\tEnfermedad hereditaria que destruye progresivamente las neuronas motoras.\t\t\t\t\t\t\t<\/span>\n\t\t\t\t\t\t\t\t\t\t\t<\/div>\n\t\t\t\t\t\t\t\t\t<\/a>\n\t\t\t<\/div>\n\t\t\t<\/div>\n\n<\/div>\n\n","protected":false},"excerpt":{"rendered":"<p>Estamos profundamente comprometidos con personas que viven con enfermedades poco frecuentes y que tienen pocas o ninguna opci\u00f3n de tratamiento. Esta pasi\u00f3n es lo que nos motiva e inspira.Nuestros esfuerzos comerciales y de desarrollo est\u00e1n enfocados en dos \u00e1reas terap\u00e9uticas \u2014 neurolog\u00eda y condiciones metab\u00f3licas \u2014 donde tenemos amplia experiencia y un historial probado de&hellip;<\/p>\n","protected":false},"author":14,"featured_media":0,"parent":0,"menu_order":0,"comment_status":"closed","ping_status":"closed","template":"","meta":{"_acf_changed":false,"footnotes":""},"class_list":["post-9951","page","type-page","status-publish","hentry"],"acf":[],"yoast_head":"<!-- This site is optimized with the Yoast SEO Premium plugin v27.2 (Yoast SEO v27.2) - https:\/\/yoast.com\/product\/yoast-seo-premium-wordpress\/ -->\n<title>\u00c1reas terap\u00e9uticas - PTC Therapeutics (LATAM-Spanish)<\/title>\n<meta name=\"robots\" content=\"index, follow, max-snippet:-1, max-image-preview:large, max-video-preview:-1\" \/>\n<link rel=\"canonical\" href=\"https:\/\/latam.ptcbio.com\/es\/areas-terapeuticas\/\" \/>\n<meta property=\"og:locale\" content=\"es_ES\" \/>\n<meta property=\"og:type\" content=\"article\" \/>\n<meta property=\"og:title\" content=\"\u00c1reas terap\u00e9uticas\" \/>\n<meta property=\"og:description\" content=\"Estamos profundamente comprometidos con personas que viven con enfermedades poco frecuentes y que tienen pocas o ninguna opci\u00f3n de tratamiento. Esta pasi\u00f3n es lo que nos motiva e inspira.Nuestros esfuerzos comerciales y de desarrollo est\u00e1n enfocados en dos \u00e1reas terap\u00e9uticas \u2014 neurolog\u00eda y condiciones metab\u00f3licas \u2014 donde tenemos amplia experiencia y un historial probado de&hellip;\" \/>\n<meta property=\"og:url\" content=\"https:\/\/latam.ptcbio.com\/es\/areas-terapeuticas\/\" \/>\n<meta property=\"og:site_name\" content=\"PTC Therapeutics (LATAM-Spanish)\" \/>\n<meta property=\"article:publisher\" content=\"https:\/\/www.facebook.com\/PTCTherapeutics\" \/>\n<meta property=\"article:modified_time\" content=\"2025-12-15T21:17:13+00:00\" \/>\n<meta name=\"twitter:card\" content=\"summary_large_image\" \/>\n<meta name=\"twitter:site\" content=\"@PTCBio\" \/>\n<meta name=\"twitter:label1\" content=\"Tiempo de lectura\" \/>\n\t<meta name=\"twitter:data1\" content=\"1 minuto\" \/>\n<script type=\"application\/ld+json\" class=\"yoast-schema-graph\">{\"@context\":\"https:\/\/schema.org\",\"@graph\":[{\"@type\":\"WebPage\",\"@id\":\"https:\/\/latam.ptcbio.com\/es\/areas-terapeuticas\/\",\"url\":\"https:\/\/latam.ptcbio.com\/es\/areas-terapeuticas\/\",\"name\":\"\u00c1reas terap\u00e9uticas - PTC Therapeutics (LATAM-Spanish)\",\"isPartOf\":{\"@id\":\"https:\/\/latam.ptcbio.com\/es\/#website\"},\"datePublished\":\"2022-12-27T17:55:41+00:00\",\"dateModified\":\"2025-12-15T21:17:13+00:00\",\"breadcrumb\":{\"@id\":\"https:\/\/latam.ptcbio.com\/es\/areas-terapeuticas\/#breadcrumb\"},\"inLanguage\":\"es\",\"potentialAction\":[{\"@type\":\"ReadAction\",\"target\":[\"https:\/\/latam.ptcbio.com\/es\/areas-terapeuticas\/\"]}]},{\"@type\":\"BreadcrumbList\",\"@id\":\"https:\/\/latam.ptcbio.com\/es\/areas-terapeuticas\/#breadcrumb\",\"itemListElement\":[{\"@type\":\"ListItem\",\"position\":1,\"name\":\"Home\",\"item\":\"https:\/\/latam.ptcbio.com\/es\/\"},{\"@type\":\"ListItem\",\"position\":2,\"name\":\"\u00c1reas terap\u00e9uticas\"}]},{\"@type\":\"WebSite\",\"@id\":\"https:\/\/latam.ptcbio.com\/es\/#website\",\"url\":\"https:\/\/latam.ptcbio.com\/es\/\",\"name\":\"PTC Therapeutics, Inc.\",\"description\":\"\",\"publisher\":{\"@id\":\"https:\/\/latam.ptcbio.com\/es\/#organization\"},\"potentialAction\":[{\"@type\":\"SearchAction\",\"target\":{\"@type\":\"EntryPoint\",\"urlTemplate\":\"https:\/\/latam.ptcbio.com\/es\/?s={search_term_string}\"},\"query-input\":{\"@type\":\"PropertyValueSpecification\",\"valueRequired\":true,\"valueName\":\"search_term_string\"}}],\"inLanguage\":\"es\"},{\"@type\":\"Organization\",\"@id\":\"https:\/\/latam.ptcbio.com\/es\/#organization\",\"name\":\"PTC Therapeutics, Inc.\",\"url\":\"https:\/\/latam.ptcbio.com\/es\/\",\"logo\":{\"@type\":\"ImageObject\",\"inLanguage\":\"es\",\"@id\":\"https:\/\/latam.ptcbio.com\/es\/#\/schema\/logo\/image\/\",\"url\":null,\"contentUrl\":null,\"width\":null,\"height\":null,\"caption\":\"PTC Therapeutics, Inc.\"},\"image\":{\"@id\":\"https:\/\/latam.ptcbio.com\/es\/#\/schema\/logo\/image\/\"},\"sameAs\":[\"https:\/\/www.facebook.com\/PTCTherapeutics\",\"https:\/\/x.com\/PTCBio\"]}]}<\/script>\n<!-- \/ Yoast SEO Premium plugin. -->","yoast_head_json":{"title":"\u00c1reas terap\u00e9uticas - PTC Therapeutics (LATAM-Spanish)","robots":{"index":"index","follow":"follow","max-snippet":"max-snippet:-1","max-image-preview":"max-image-preview:large","max-video-preview":"max-video-preview:-1"},"canonical":"https:\/\/latam.ptcbio.com\/es\/areas-terapeuticas\/","og_locale":"es_ES","og_type":"article","og_title":"\u00c1reas terap\u00e9uticas","og_description":"Estamos profundamente comprometidos con personas que viven con enfermedades poco frecuentes y que tienen pocas o ninguna opci\u00f3n de tratamiento. Esta pasi\u00f3n es lo que nos motiva e inspira.Nuestros esfuerzos comerciales y de desarrollo est\u00e1n enfocados en dos \u00e1reas terap\u00e9uticas \u2014 neurolog\u00eda y condiciones metab\u00f3licas \u2014 donde tenemos amplia experiencia y un historial probado de&hellip;","og_url":"https:\/\/latam.ptcbio.com\/es\/areas-terapeuticas\/","og_site_name":"PTC Therapeutics (LATAM-Spanish)","article_publisher":"https:\/\/www.facebook.com\/PTCTherapeutics","article_modified_time":"2025-12-15T21:17:13+00:00","twitter_card":"summary_large_image","twitter_site":"@PTCBio","twitter_misc":{"Tiempo de lectura":"1 minuto"},"schema":{"@context":"https:\/\/schema.org","@graph":[{"@type":"WebPage","@id":"https:\/\/latam.ptcbio.com\/es\/areas-terapeuticas\/","url":"https:\/\/latam.ptcbio.com\/es\/areas-terapeuticas\/","name":"\u00c1reas terap\u00e9uticas - PTC Therapeutics (LATAM-Spanish)","isPartOf":{"@id":"https:\/\/latam.ptcbio.com\/es\/#website"},"datePublished":"2022-12-27T17:55:41+00:00","dateModified":"2025-12-15T21:17:13+00:00","breadcrumb":{"@id":"https:\/\/latam.ptcbio.com\/es\/areas-terapeuticas\/#breadcrumb"},"inLanguage":"es","potentialAction":[{"@type":"ReadAction","target":["https:\/\/latam.ptcbio.com\/es\/areas-terapeuticas\/"]}]},{"@type":"BreadcrumbList","@id":"https:\/\/latam.ptcbio.com\/es\/areas-terapeuticas\/#breadcrumb","itemListElement":[{"@type":"ListItem","position":1,"name":"Home","item":"https:\/\/latam.ptcbio.com\/es\/"},{"@type":"ListItem","position":2,"name":"\u00c1reas terap\u00e9uticas"}]},{"@type":"WebSite","@id":"https:\/\/latam.ptcbio.com\/es\/#website","url":"https:\/\/latam.ptcbio.com\/es\/","name":"PTC Therapeutics, Inc.","description":"","publisher":{"@id":"https:\/\/latam.ptcbio.com\/es\/#organization"},"potentialAction":[{"@type":"SearchAction","target":{"@type":"EntryPoint","urlTemplate":"https:\/\/latam.ptcbio.com\/es\/?s={search_term_string}"},"query-input":{"@type":"PropertyValueSpecification","valueRequired":true,"valueName":"search_term_string"}}],"inLanguage":"es"},{"@type":"Organization","@id":"https:\/\/latam.ptcbio.com\/es\/#organization","name":"PTC Therapeutics, Inc.","url":"https:\/\/latam.ptcbio.com\/es\/","logo":{"@type":"ImageObject","inLanguage":"es","@id":"https:\/\/latam.ptcbio.com\/es\/#\/schema\/logo\/image\/","url":null,"contentUrl":null,"width":null,"height":null,"caption":"PTC Therapeutics, Inc."},"image":{"@id":"https:\/\/latam.ptcbio.com\/es\/#\/schema\/logo\/image\/"},"sameAs":["https:\/\/www.facebook.com\/PTCTherapeutics","https:\/\/x.com\/PTCBio"]}]}},"_links":{"self":[{"href":"https:\/\/latam.ptcbio.com\/es\/wp-json\/wp\/v2\/pages\/9951","targetHints":{"allow":["GET"]}}],"collection":[{"href":"https:\/\/latam.ptcbio.com\/es\/wp-json\/wp\/v2\/pages"}],"about":[{"href":"https:\/\/latam.ptcbio.com\/es\/wp-json\/wp\/v2\/types\/page"}],"author":[{"embeddable":true,"href":"https:\/\/latam.ptcbio.com\/es\/wp-json\/wp\/v2\/users\/14"}],"replies":[{"embeddable":true,"href":"https:\/\/latam.ptcbio.com\/es\/wp-json\/wp\/v2\/comments?post=9951"}],"version-history":[{"count":8,"href":"https:\/\/latam.ptcbio.com\/es\/wp-json\/wp\/v2\/pages\/9951\/revisions"}],"predecessor-version":[{"id":17036,"href":"https:\/\/latam.ptcbio.com\/es\/wp-json\/wp\/v2\/pages\/9951\/revisions\/17036"}],"wp:attachment":[{"href":"https:\/\/latam.ptcbio.com\/es\/wp-json\/wp\/v2\/media?parent=9951"}],"curies":[{"name":"wp","href":"https:\/\/api.w.org\/{rel}","templated":true}]}}