{"id":9803,"date":"2022-12-23T19:41:10","date_gmt":"2022-12-23T19:41:10","guid":{"rendered":"https:\/\/latam.ptcbio.com\/es\/?page_id=9803"},"modified":"2025-12-01T15:59:30","modified_gmt":"2025-12-01T19:59:30","slug":"terms-of-use","status":"publish","type":"page","link":"https:\/\/latam.ptcbio.com\/es\/terms-of-use\/","title":{"rendered":"T\u00e9rminos De Uso Del Sitio Web"},"content":{"rendered":"<div class=\"hero-header__outer-container\">\n\n\t<div class=\"hero hero--normal color-theme--light-blue hero--no-image hero--normal-spacing\">\n\t\t\t\t\t\t\t\t\t\t<div class=\"hero__inner hero__inner--center\">\n\t\t\t<div class=\"hero__content hero__content--center hero__content--no-image\">\n\t\t\t\t\t\t\t\t\t\t\t\t\t\t\t\t<div class=\"u-mt-1 u-my-2\"><h1 class=\"hero__title hero__title--standard\" data-ptc-fitty=\"\">T\u00e9rminos De Uso Del Sitio Web<\/h1><\/div>\n\t\t\t\t\t\t\t\t\t\t\t\t<div class=\"hero__subtitle\">\u00daltima actualizaci\u00f3n: noviembre de 2025<\/div>\n\t\t\t\t\t\t\t\t\t\t\t<\/div>\n\t\t\t\t\t<\/div>\n\t\t\t<\/div>\n\t\t\t<div class=\"hero__breadcrumbs\"><nav\n\tclass=\"breadcrumbs breadcrumbs--shallow\"\n\taria-label=\"Breadcrumb\"\n>\n\t<ol class=\"breadcrumbs__list\" itemscope itemtype=\"https:\/\/schema.org\/BreadcrumbList\">\n\t\t\t\t\t\t\t\t\t<li class=\"breadcrumbs__crumb breadcrumbs__crumb--dark\" itemscope itemprop=\"itemListElement\" itemtype=\"https:\/\/schema.org\/ListItem\">\n\t\t\t\t\t\t\t\t\t\t\t<a class=\"breadcrumbs__link breadcrumbs__link--home breadcrumbs__link--dark\" itemprop=\"item\" href=\"https:\/\/latam.ptcbio.com\/es\/\">\n\t\t\t\t\t\t\t<span class=\"sr-only\" itemprop=\"name\">P\u00e1gina principal<\/span>\n\t\t\t\t\t\t<\/a>\n\t\t\t\t\t\t\t\t\t\t<meta itemprop=\"position\" content=\"1\" \/>\n\t\t\t\t<\/li>\n\t\t\t\t\t\t\t\t\t\t\t<\/ol>\n<\/nav>\n<\/div>\n\t<\/div>\n\n\n\n<p class=\"core-block core-paragraph\">Gracias por visitar el Sitio (el \u2018Sitio\u2019) de PTC Therapeutics y sus subsidiarias (la \u2018Empresa\u2019). La Empresa le concede el derecho de usar este Sitio, sujeto a los t\u00e9rminos y condiciones de uso establecidos a continuaci\u00f3n (este \u2018Acuerdo de T\u00e9rminos de Uso\u2019).<\/p>\n\n\n\n<p class=\"core-block core-paragraph\"><strong>AVISO IMPORTANTE<\/strong><\/p>\n\n\n\n<p class=\"core-block core-paragraph\">Toda la informaci\u00f3n proporcionada en este Sitio est\u00e1 destinada exclusivamente a fines informativos y educativos generales y no constituye asesoramiento profesional ni sustituye la consulta con profesionales de salud calificados. Este Sitio puede incluir informaci\u00f3n sobre condiciones m\u00e9dicas y sus tratamientos; sin embargo, PTC Therapeutics no ofrece garant\u00edas, representaciones ni declaraciones, expresas o impl\u00edcitas, sobre la exactitud, integridad, confiabilidad o idoneidad de dicha informaci\u00f3n para cualquier prop\u00f3sito. Los usuarios reconocen y aceptan que confiar en cualquier informaci\u00f3n proporcionada en este Sitio es exclusivamente bajo su cuenta y riesgo. PTC Therapeutics se exime expresamente de toda responsabilidad derivada de la confianza en la informaci\u00f3n aqu\u00ed proporcionada. Al acceder a este Sitio, usted reconoce y acepta que PTC Therapeutics no asume responsabilidad por errores, omisiones, inexactitudes o equivocaciones tipogr\u00e1ficas en el contenido y no ser\u00e1 responsable por da\u00f1os directos o indirectos derivados del uso o la imposibilidad de uso de este Sitio. Se recomienda encarecidamente a los usuarios consultar con profesionales adecuados antes de tomar decisiones o realizar acciones basadas en la informaci\u00f3n contenida en este Sitio.<\/p>\n\n\n\n<p class=\"core-block core-paragraph\">PTC Therapeutics tampoco garantiza que los materiales de este Sitio sean apropiados o est\u00e9n disponibles para uso fuera de Brasil. Los usuarios que opten por acceder a este Sitio desde otras ubicaciones lo hacen por iniciativa propia y son totalmente responsables de garantizar el cumplimiento de todas las leyes, regulaciones y restricciones locales aplicables. PTC Therapeutics se exime expresamente de cualquier responsabilidad por el uso de este Sitio en jurisdicciones donde su contenido pueda considerarse ilegal o restringido.<\/p>\n\n\n\n<p class=\"core-block core-paragraph\"><strong>ACEPTACI\u00d3N<\/strong><\/p>\n\n\n\n<p class=\"core-block core-paragraph\">Lea atentamente este Acuerdo de T\u00e9rminos de Uso antes de acceder o usar este Sitio. Su acceso y uso de este Sitio est\u00e1n regidos por estos T\u00e9rminos y Condiciones, todas las leyes aplicables y el Aviso de Privacidad. El Aviso de Privacidad se incorpora a este Acuerdo de T\u00e9rminos de Uso como si estuviera aqu\u00ed \u00edntegramente establecido. Al acceder, navegar o usar este Sitio, usted reconoce y acepta, sin limitaciones ni reservas, estar sujeto a estos T\u00e9rminos y Condiciones. Si no est\u00e1 de acuerdo con este Acuerdo de T\u00e9rminos de Uso, no podr\u00e1 acceder ni usar este Sitio.<\/p>\n\n\n\n<p class=\"core-block core-paragraph\"><strong>DECLARACI\u00d3N DE EXENCI\u00d3N DE GARANT\u00cdAS<\/strong><\/p>\n\n\n\n<p class=\"core-block core-paragraph\">Toda la informaci\u00f3n en este Sitio se proporciona \u2018TAL COMO EST\u00c1\u2019, sin representaciones ni garant\u00edas de ning\u00fan tipo, expresas o impl\u00edcitas, incluyendo, entre otras, las garant\u00edas impl\u00edcitas de comercializaci\u00f3n, idoneidad para un prop\u00f3sito espec\u00edfico, no infracci\u00f3n o exactitud. La Empresa y sus afiliadas emplear\u00e1n cuidados razonables para garantizar que la informaci\u00f3n proporcionada en este Sitio sea precisa y est\u00e9 actualizada en el momento de su publicaci\u00f3n; sin embargo, la Empresa no garantiza la exactitud, integridad ni actualidad de dicha informaci\u00f3n.<\/p>\n\n\n\n<p class=\"core-block core-paragraph\"><strong>INFORMACI\u00d3N HIST\u00d3RICA<\/strong><\/p>\n\n\n\n<p class=\"core-block core-paragraph\">Algunas informaciones en este Sitio pueden ser hist\u00f3ricas. Estas deben interpretarse como relacionadas con eventos y circunstancias existentes en la fecha original de su publicaci\u00f3n.<\/p>\n\n\n\n<p class=\"core-block core-paragraph\"><strong>INFORMACI\u00d3N M\u00c9DICA Y PROFESIONAL<\/strong><\/p>\n\n\n\n<p class=\"core-block core-paragraph\">Este Sitio puede contener informaci\u00f3n general sobre condiciones m\u00e9dicas, tratamientos y referencias a productos de la Empresa. Estas informaciones son estrictamente informativas y no deben interpretarse como sustitutos del asesoramiento profesional de un proveedor de salud calificado.<\/p>\n\n\n\n<p class=\"core-block core-paragraph\"><strong>CONTENIDO DEL SITIO<\/strong><\/p>\n\n\n\n<p class=\"core-block core-paragraph\">Todo el contenido disponible en este Sitio es propiedad exclusiva de la Empresa o de sus licenciantes y est\u00e1 protegido por leyes de derechos de autor, marcas registradas y otras leyes de propiedad intelectual.<\/p>\n","protected":false},"excerpt":{"rendered":"<p>Gracias por visitar el Sitio (el \u2018Sitio\u2019) de PTC Therapeutics y sus subsidiarias (la \u2018Empresa\u2019). La Empresa le concede el derecho de usar este Sitio, sujeto a los t\u00e9rminos y condiciones de uso establecidos a continuaci\u00f3n (este \u2018Acuerdo de T\u00e9rminos de Uso\u2019). AVISO IMPORTANTE Toda la informaci\u00f3n proporcionada en este Sitio est\u00e1 destinada exclusivamente a&hellip;<\/p>\n","protected":false},"author":14,"featured_media":0,"parent":0,"menu_order":0,"comment_status":"closed","ping_status":"closed","template":"","meta":{"_acf_changed":false,"footnotes":""},"class_list":["post-9803","page","type-page","status-publish","hentry"],"acf":[],"yoast_head":"<!-- This site is optimized with the Yoast SEO Premium plugin v27.2 (Yoast SEO v27.2) - https:\/\/yoast.com\/product\/yoast-seo-premium-wordpress\/ -->\n<title>T\u00e9rminos De Uso Del Sitio Web - PTC Therapeutics (LATAM-Spanish)<\/title>\n<meta name=\"robots\" content=\"index, follow, max-snippet:-1, max-image-preview:large, max-video-preview:-1\" \/>\n<link rel=\"canonical\" href=\"https:\/\/latam.ptcbio.com\/es\/terms-of-use\/\" \/>\n<meta property=\"og:locale\" content=\"es_ES\" \/>\n<meta property=\"og:type\" content=\"article\" \/>\n<meta property=\"og:title\" content=\"T\u00e9rminos De Uso Del Sitio Web\" \/>\n<meta property=\"og:description\" content=\"Gracias por visitar el Sitio (el \u2018Sitio\u2019) de PTC Therapeutics y sus subsidiarias (la \u2018Empresa\u2019). La Empresa le concede el derecho de usar este Sitio, sujeto a los t\u00e9rminos y condiciones de uso establecidos a continuaci\u00f3n (este \u2018Acuerdo de T\u00e9rminos de Uso\u2019). AVISO IMPORTANTE Toda la informaci\u00f3n proporcionada en este Sitio est\u00e1 destinada exclusivamente a&hellip;\" \/>\n<meta property=\"og:url\" content=\"https:\/\/latam.ptcbio.com\/es\/terms-of-use\/\" \/>\n<meta property=\"og:site_name\" content=\"PTC Therapeutics (LATAM-Spanish)\" \/>\n<meta property=\"article:publisher\" content=\"https:\/\/www.facebook.com\/PTCTherapeutics\" \/>\n<meta property=\"article:modified_time\" content=\"2025-12-01T19:59:30+00:00\" \/>\n<meta name=\"twitter:card\" content=\"summary_large_image\" \/>\n<meta name=\"twitter:site\" content=\"@PTCBio\" \/>\n<meta name=\"twitter:label1\" content=\"Tiempo de lectura\" \/>\n\t<meta name=\"twitter:data1\" content=\"3 minutos\" \/>\n<script type=\"application\/ld+json\" class=\"yoast-schema-graph\">{\"@context\":\"https:\/\/schema.org\",\"@graph\":[{\"@type\":\"WebPage\",\"@id\":\"https:\/\/latam.ptcbio.com\/es\/terms-of-use\/\",\"url\":\"https:\/\/latam.ptcbio.com\/es\/terms-of-use\/\",\"name\":\"T\u00e9rminos De Uso Del Sitio Web - PTC Therapeutics (LATAM-Spanish)\",\"isPartOf\":{\"@id\":\"https:\/\/latam.ptcbio.com\/es\/#website\"},\"datePublished\":\"2022-12-23T19:41:10+00:00\",\"dateModified\":\"2025-12-01T19:59:30+00:00\",\"breadcrumb\":{\"@id\":\"https:\/\/latam.ptcbio.com\/es\/terms-of-use\/#breadcrumb\"},\"inLanguage\":\"es\",\"potentialAction\":[{\"@type\":\"ReadAction\",\"target\":[\"https:\/\/latam.ptcbio.com\/es\/terms-of-use\/\"]}]},{\"@type\":\"BreadcrumbList\",\"@id\":\"https:\/\/latam.ptcbio.com\/es\/terms-of-use\/#breadcrumb\",\"itemListElement\":[{\"@type\":\"ListItem\",\"position\":1,\"name\":\"Home\",\"item\":\"https:\/\/latam.ptcbio.com\/es\/\"},{\"@type\":\"ListItem\",\"position\":2,\"name\":\"T\u00e9rminos De Uso Del Sitio Web\"}]},{\"@type\":\"WebSite\",\"@id\":\"https:\/\/latam.ptcbio.com\/es\/#website\",\"url\":\"https:\/\/latam.ptcbio.com\/es\/\",\"name\":\"PTC Therapeutics, Inc.\",\"description\":\"\",\"publisher\":{\"@id\":\"https:\/\/latam.ptcbio.com\/es\/#organization\"},\"potentialAction\":[{\"@type\":\"SearchAction\",\"target\":{\"@type\":\"EntryPoint\",\"urlTemplate\":\"https:\/\/latam.ptcbio.com\/es\/?s={search_term_string}\"},\"query-input\":{\"@type\":\"PropertyValueSpecification\",\"valueRequired\":true,\"valueName\":\"search_term_string\"}}],\"inLanguage\":\"es\"},{\"@type\":\"Organization\",\"@id\":\"https:\/\/latam.ptcbio.com\/es\/#organization\",\"name\":\"PTC Therapeutics, Inc.\",\"url\":\"https:\/\/latam.ptcbio.com\/es\/\",\"logo\":{\"@type\":\"ImageObject\",\"inLanguage\":\"es\",\"@id\":\"https:\/\/latam.ptcbio.com\/es\/#\/schema\/logo\/image\/\",\"url\":null,\"contentUrl\":null,\"width\":null,\"height\":null,\"caption\":\"PTC Therapeutics, Inc.\"},\"image\":{\"@id\":\"https:\/\/latam.ptcbio.com\/es\/#\/schema\/logo\/image\/\"},\"sameAs\":[\"https:\/\/www.facebook.com\/PTCTherapeutics\",\"https:\/\/x.com\/PTCBio\"]}]}<\/script>\n<!-- \/ Yoast SEO Premium plugin. -->","yoast_head_json":{"title":"T\u00e9rminos De Uso Del Sitio Web - PTC Therapeutics (LATAM-Spanish)","robots":{"index":"index","follow":"follow","max-snippet":"max-snippet:-1","max-image-preview":"max-image-preview:large","max-video-preview":"max-video-preview:-1"},"canonical":"https:\/\/latam.ptcbio.com\/es\/terms-of-use\/","og_locale":"es_ES","og_type":"article","og_title":"T\u00e9rminos De Uso Del Sitio Web","og_description":"Gracias por visitar el Sitio (el \u2018Sitio\u2019) de PTC Therapeutics y sus subsidiarias (la \u2018Empresa\u2019). La Empresa le concede el derecho de usar este Sitio, sujeto a los t\u00e9rminos y condiciones de uso establecidos a continuaci\u00f3n (este \u2018Acuerdo de T\u00e9rminos de Uso\u2019). AVISO IMPORTANTE Toda la informaci\u00f3n proporcionada en este Sitio est\u00e1 destinada exclusivamente a&hellip;","og_url":"https:\/\/latam.ptcbio.com\/es\/terms-of-use\/","og_site_name":"PTC Therapeutics (LATAM-Spanish)","article_publisher":"https:\/\/www.facebook.com\/PTCTherapeutics","article_modified_time":"2025-12-01T19:59:30+00:00","twitter_card":"summary_large_image","twitter_site":"@PTCBio","twitter_misc":{"Tiempo de lectura":"3 minutos"},"schema":{"@context":"https:\/\/schema.org","@graph":[{"@type":"WebPage","@id":"https:\/\/latam.ptcbio.com\/es\/terms-of-use\/","url":"https:\/\/latam.ptcbio.com\/es\/terms-of-use\/","name":"T\u00e9rminos De Uso Del Sitio Web - PTC Therapeutics (LATAM-Spanish)","isPartOf":{"@id":"https:\/\/latam.ptcbio.com\/es\/#website"},"datePublished":"2022-12-23T19:41:10+00:00","dateModified":"2025-12-01T19:59:30+00:00","breadcrumb":{"@id":"https:\/\/latam.ptcbio.com\/es\/terms-of-use\/#breadcrumb"},"inLanguage":"es","potentialAction":[{"@type":"ReadAction","target":["https:\/\/latam.ptcbio.com\/es\/terms-of-use\/"]}]},{"@type":"BreadcrumbList","@id":"https:\/\/latam.ptcbio.com\/es\/terms-of-use\/#breadcrumb","itemListElement":[{"@type":"ListItem","position":1,"name":"Home","item":"https:\/\/latam.ptcbio.com\/es\/"},{"@type":"ListItem","position":2,"name":"T\u00e9rminos De Uso Del Sitio Web"}]},{"@type":"WebSite","@id":"https:\/\/latam.ptcbio.com\/es\/#website","url":"https:\/\/latam.ptcbio.com\/es\/","name":"PTC Therapeutics, Inc.","description":"","publisher":{"@id":"https:\/\/latam.ptcbio.com\/es\/#organization"},"potentialAction":[{"@type":"SearchAction","target":{"@type":"EntryPoint","urlTemplate":"https:\/\/latam.ptcbio.com\/es\/?s={search_term_string}"},"query-input":{"@type":"PropertyValueSpecification","valueRequired":true,"valueName":"search_term_string"}}],"inLanguage":"es"},{"@type":"Organization","@id":"https:\/\/latam.ptcbio.com\/es\/#organization","name":"PTC Therapeutics, Inc.","url":"https:\/\/latam.ptcbio.com\/es\/","logo":{"@type":"ImageObject","inLanguage":"es","@id":"https:\/\/latam.ptcbio.com\/es\/#\/schema\/logo\/image\/","url":null,"contentUrl":null,"width":null,"height":null,"caption":"PTC Therapeutics, Inc."},"image":{"@id":"https:\/\/latam.ptcbio.com\/es\/#\/schema\/logo\/image\/"},"sameAs":["https:\/\/www.facebook.com\/PTCTherapeutics","https:\/\/x.com\/PTCBio"]}]}},"_links":{"self":[{"href":"https:\/\/latam.ptcbio.com\/es\/wp-json\/wp\/v2\/pages\/9803","targetHints":{"allow":["GET"]}}],"collection":[{"href":"https:\/\/latam.ptcbio.com\/es\/wp-json\/wp\/v2\/pages"}],"about":[{"href":"https:\/\/latam.ptcbio.com\/es\/wp-json\/wp\/v2\/types\/page"}],"author":[{"embeddable":true,"href":"https:\/\/latam.ptcbio.com\/es\/wp-json\/wp\/v2\/users\/14"}],"replies":[{"embeddable":true,"href":"https:\/\/latam.ptcbio.com\/es\/wp-json\/wp\/v2\/comments?post=9803"}],"version-history":[{"count":1,"href":"https:\/\/latam.ptcbio.com\/es\/wp-json\/wp\/v2\/pages\/9803\/revisions"}],"predecessor-version":[{"id":17006,"href":"https:\/\/latam.ptcbio.com\/es\/wp-json\/wp\/v2\/pages\/9803\/revisions\/17006"}],"wp:attachment":[{"href":"https:\/\/latam.ptcbio.com\/es\/wp-json\/wp\/v2\/media?parent=9803"}],"curies":[{"name":"wp","href":"https:\/\/api.w.org\/{rel}","templated":true}]}}