{"id":9249,"date":"2022-12-21T13:55:27","date_gmt":"2022-12-21T13:55:27","guid":{"rendered":"https:\/\/latam.ptcbio.com\/es\/?page_id=9249"},"modified":"2025-12-15T17:32:00","modified_gmt":"2025-12-15T21:32:00","slug":"inflamacion-y-ferroptosis","status":"publish","type":"page","link":"https:\/\/latam.ptcbio.com\/es\/nuestra-ciencia\/inflamacion-y-ferroptosis\/","title":{"rendered":"Inflamaci\u00f3n y Ferroptosis"},"content":{"rendered":"<div class=\"hero-header__outer-container\">\n\n\t<div class=\"hero hero--styled color-theme--denim-blue hero--no-image hero--normal-spacing\">\n\t\t\t\t\t\t<div class=\"hero__bg\">\n\t\t\t<div id=\"particles-js\" class=\"hero__constellation hero__constellation--center\"><\/div>\n\t\t<\/div>\n\t\t\t\t\t\t\t\t<div class=\"hero__inner hero__inner--center\">\n\t\t\t<div class=\"hero__content hero__content--center hero__content--no-image\">\n\t\t\t\t\t\t\t\t\t\t\t\t<div class=\"hero__eyebrow\">Nuestra ciencia<\/div>\n\t\t\t\t\t\t\t\t\t\t\t\t<div class=\"u-mt-1 u-my-2\"><h1 class=\"hero__title hero__title--standard\" data-ptc-fitty=\"\">Plataforma de Inflamaci\u00f3n y Ferroptosis<\/h1><\/div>\n\t\t\t\t\t\t\t\t\t\t\t\t<div class=\"hero__subtitle\">Aprovechando la experiencia en la ciencia del estr\u00e9s oxidativo y la inflamaci\u00f3n para desarrollar terapias innovadoras para enfermedades con grandes necesidades no cubiertas.<\/div>\n\t\t\t\t\t\t\t\t\t\t\t<\/div>\n\t\t\t\t\t<\/div>\n\t\t\t<\/div>\n\t\t\t<div class=\"hero__breadcrumbs\"><nav\n\tclass=\"breadcrumbs breadcrumbs--deep\"\n\taria-label=\"Breadcrumb\"\n>\n\t<ol class=\"breadcrumbs__list\" itemscope itemtype=\"https:\/\/schema.org\/BreadcrumbList\">\n\t\t\t\t\t\t\t\t\t<li class=\"breadcrumbs__crumb breadcrumbs__crumb--light\" itemscope itemprop=\"itemListElement\" itemtype=\"https:\/\/schema.org\/ListItem\">\n\t\t\t\t\t\t\t\t\t\t\t<a class=\"breadcrumbs__link breadcrumbs__link--home breadcrumbs__link--light\" itemprop=\"item\" href=\"https:\/\/latam.ptcbio.com\/es\/\">\n\t\t\t\t\t\t\t<span class=\"sr-only\" itemprop=\"name\">P\u00e1gina principal<\/span>\n\t\t\t\t\t\t<\/a>\n\t\t\t\t\t\t\t\t\t\t<meta itemprop=\"position\" content=\"1\" \/>\n\t\t\t\t<\/li>\n\t\t\t\t\t\t\t\t\t\t\t\t<li class=\"breadcrumbs__crumb breadcrumbs__crumb--light\" itemscope itemprop=\"itemListElement\" itemtype=\"https:\/\/schema.org\/ListItem\">\n\t\t\t\t\t\t\t\t\t\t\t\t\t\t\t\t\t\t<a\n\t\t\t\t\t\t\t\tclass=\"breadcrumbs__link\" itemprop=\"item\"\n\t\t\t\t\t\t\t\thref=\"https:\/\/latam.ptcbio.com\/es\/nuestra-ciencia\/\"\n\t\t\t\t\t\t\t\t\t\t\t\t\t\t\t>\n\t\t\t\t\t\t\t\t\t\t\t\t\t\t\t<span itemprop=\"name\">Nuestra ciencia<\/span>\n\t\t\t\t\t\t\t\t\t\t\t\t\t\t<\/a>\n\t\t\t\t\t\t\t\t\t\t\t\t\t\t\t\t<meta itemprop=\"position\" content=\"2\" \/>\n\t\t\t\t<\/li>\n\t\t\t\t\t\t\t\t\t\t\t\t<li class=\"breadcrumbs__crumb breadcrumbs__crumb--light\" itemscope itemprop=\"itemListElement\" itemtype=\"https:\/\/schema.org\/ListItem\">\n\t\t\t\t\t\t\t\t\t\t\t\t\t\t\t\t\t\t<span\n\t\t\t\t\t\t\t\tclass=\"breadcrumbs__current\" itemprop=\"item\"\n\t\t\t\t\t\t\t\taria-current=\"page\"\t\t\t\t\t\t\t>\n\t\t\t\t\t\t\t\t<span itemprop=\"name\">Inflamaci\u00f3n y Ferroptosis<\/span>\n\t\t\t\t\t\t\t<\/span>\n\t\t\t\t\t\t\t\t\t\t\t\t\t\t\t\t<meta itemprop=\"position\" content=\"3\" \/>\n\t\t\t\t<\/li>\n\t\t\t\t\t\t<\/ol>\n<\/nav>\n<\/div>\n\t<\/div>\n\n\n\n<figure class=\"wp-block-image alignright size-full\"><img loading=\"lazy\" decoding=\"async\" width=\"238\" height=\"146\" src=\"https:\/\/latam.ptcbio.com\/es\/wp-content\/uploads\/sites\/24\/2025\/10\/i_and_f.png\" alt=\"I&amp;F Icon\" class=\"wp-image-16988\"\/><\/figure>\n\n\n\n<p class=\"core-block core-paragraph\">PTC ha sido pionera en el desarrollo de f\u00e1rmacos que act\u00faan directamente sobre la ferroptosis, un tipo de muerte celular programada causada por la oxidaci\u00f3n de los l\u00edpidos de la membrana celular dependiente del hierro y la activaci\u00f3n de v\u00edas inflamatorias perjudiciales.<\/p>\n\n\n\n<p class=\"core-block core-paragraph\">La plataforma de Inflamaci\u00f3n y Ferroptosisincluye programas en diversas etapas de desarrollo precl\u00ednico y cl\u00ednico, enfocados en traducir esta experiencia en terapias potencialmente transformadoras para pacientes con enfermedades neurol\u00f3gicas y otras enfermedades con grandes necesidades no cubiertas.<\/p>\n\n\n\n<h4 class=\"wp-block-heading\" id=\"h-ferroptosis-muerte-celular-programada-que-tiene-un-rol-importante-en-multiples-enfermedades\">Ferroptosis: muerte celular programada que tiene un rol importante en m\u00faltiples enfermedades<\/h4>\n\n\n\n<p class=\"core-block core-paragraph\">En la ferroptosis, identificada por primera vez en 2012, los iones de hierro desencadenan la formaci\u00f3n de especies reactivas de ox\u00edgeno (ERO), compuestos de ox\u00edgeno que contienen electrones desapareados que los hacen altamente inestables y reactivos.<\/p>\n\n\n\n<p class=\"core-block core-paragraph\">Normalmente, los niveles de ERO dentro de la c\u00e9lula se mantienen en equilibrio gracias a los antioxidantes intracelulares. Sin embargo, cuando los niveles de hierro son altos, la producci\u00f3n de ERO puede superar la capacidad del sistema antioxidante para neutralizarlos. Este desequilibrio, denominado estr\u00e9s oxidativo, da\u00f1a la membrana lip\u00eddica que proporciona integridad estructural a la c\u00e9lula, provocando inflamaci\u00f3n celular, lesiones y, finalmente, la muerte. La ferroptosis se ha relacionado con la patolog\u00eda de m\u00faltiples enfermedades, incluyendo trastornos neurodegenerativos.<\/p>\n\n\n\n<h4 class=\"wp-block-heading\" id=\"h-ferroptosis-e-inflamacion-factores-que-se-retroalimentan-de-la-enfermedad\">Ferroptosis e inflamaci\u00f3n: factores que se retroalimentan de la enfermedad<\/h4>\n\n\n\n<p class=\"core-block core-paragraph\">La ferroptosis y la inflamaci\u00f3n tienen una relaci\u00f3n compleja y bidireccional: por un lado, la ferroptosis puede estimular la respuesta inmunitaria innata y amplificar la inflamaci\u00f3n, mientras que, por otro lado, la inflamaci\u00f3n tambi\u00e9n puede activar las v\u00edas de se\u00f1alizaci\u00f3n que conducen a la ferroptosis. Esto crea un feedforward loop (ciclo de retroalimentaci\u00f3n) patog\u00e9nica que se retroalimenta, en el que la desregulaci\u00f3n conduce a una mayor desregulaci\u00f3n, lo que impulsa la enfermedad.<\/p>\n\n\n\n<h4 class=\"wp-block-heading\" id=\"h-nuestra-innovadora-plataforma-se-enfoca-en-el-ciclo-ferroptosis-inflamatorio\">Nuestra innovadora plataforma se enfoca en el ciclo ferroptosis-inflamatorio<\/h4>\n\n\n\n<p class=\"core-block core-paragraph\">La Plataforma de Inflamaci\u00f3n y Ferroptosis de PTC aprovecha este conocimiento con compuestos que act\u00faan sobre una familia de enzimas que regulan la ferroptosis, conocidas como oxidorreductasas. Las oxidorreductasas facilitan la transferencia de electrones entre mol\u00e9culas durante las reacciones de oxidaci\u00f3n y, por lo tanto, desempe\u00f1an un papel clave en la peroxidaci\u00f3n de l\u00edpidos en la membrana celular y la activaci\u00f3n de otras v\u00edas proinflamatorias perjudiciales. Actuar sobre las oxidorreductasas suprime la peroxidaci\u00f3n de los l\u00edpidos de la membrana celular que causa la ferroptosis y disminuye la inflamaci\u00f3n celular, lo que favorece la supervivencia celular y potencialmente ralentiza la progresi\u00f3n de la enfermedad.<\/p>\n\n\n\n<h4 class=\"wp-block-heading\" id=\"h-vatiquinona-para-el-tratamiento-de-la-ataxia-de-friedreich\">Vatiquinona para el tratamiento de la ataxia de Friedreich<\/h4>\n\n\n\n<p class=\"core-block core-paragraph\">La vatiquinona se est\u00e1 desarrollando para el tratamiento de la ataxia de Friedreich (AF), un trastorno neurodegenerativo poco com\u00fan, hereditario, grave y que acorta la vida, con un alto nivel de necesidades m\u00e9dicas no satisfechas.<\/p>\n\n\n\n<p class=\"core-block core-paragraph\">En la AF, una mutaci\u00f3n en el gen de la frataxina (FXN) reduce la producci\u00f3n de frataxina, una prote\u00edna que ayuda a regular el metabolismo celular del hierro. La falta de frataxina provoca una acumulaci\u00f3n de hierro, lo que resulta en un aumento del estr\u00e9s oxidativo y ferroptosis. Esto provoca da\u00f1o al tejido nervioso y muscular, y, por consiguiente, debilidad muscular progresiva, as\u00ed como p\u00e9rdida del equilibrio y la coordinaci\u00f3n.<\/p>\n\n\n\n<p class=\"core-block core-paragraph\">La vatiquinona inhibe la oxidorreductasa 15-lipoxigenasa (15-LO), lo que previene la peroxidaci\u00f3n lip\u00eddica de la membrana celular y, por lo tanto, suprime el feedforward loop (ciclo de retroalimentaci\u00f3n) de la inflamaci\u00f3n celular y la ferroptosis. Al promover la supervivencia de las c\u00e9lulas nerviosas y musculares, la vatiquinona tiene el potencial de ralentizar la progresi\u00f3n de la AF.<\/p>\n\n\n\n<p class=\"core-block core-paragraph\">La l\u00ednea de programas de la Plataforma de Inflamaci\u00f3n y Ferroptosis: La l\u00ednea de programas de la Plataforma de Inflamaci\u00f3n y Ferroptosis de PTC dirigidos a enzimas que regulan las v\u00edas de inflamaci\u00f3n y ferroptosis abarca todo el espectro del desarrollo. Entre los programas en fase precl\u00ednica se incluyen nuestro programa de alfa-sinucle\u00edna, dirigido a un aspecto clave de la patolog\u00eda de la enfermedad de Parkinson, y nuestros programas de activaci\u00f3n de NRF-2, dirigidos a trastornos del SNC y perif\u00e9ricos relacionados con la inflamaci\u00f3n y el estr\u00e9s oxidativo.<\/p>\n\n\n\n<p class=\"core-block core-paragraph\">El programa PTC844, dirigido a la oxidorreductasa DHODH para el tratamiento de trastornos neuroinflamatorios, se encuentra en fase cl\u00ednica inicial, y un programa dirigido a NLRP3, un potente regulador de la inflamaci\u00f3n, se encuentra en fase precl\u00ednica avanzada, dirigido a trastornos pulmonares y de otros sistemas org\u00e1nicos en los que el inflamasoma NLRP3 desempe\u00f1a un papel importante.<\/p>\n","protected":false},"excerpt":{"rendered":"<p>PTC ha sido pionera en el desarrollo de f\u00e1rmacos que act\u00faan directamente sobre la ferroptosis, un tipo de muerte celular programada causada por la oxidaci\u00f3n de los l\u00edpidos de la membrana celular dependiente del hierro y la activaci\u00f3n de v\u00edas inflamatorias perjudiciales. La plataforma de Inflamaci\u00f3n y Ferroptosisincluye programas en diversas etapas de desarrollo precl\u00ednico&hellip;<\/p>\n","protected":false},"author":14,"featured_media":0,"parent":9220,"menu_order":1,"comment_status":"closed","ping_status":"closed","template":"","meta":{"_acf_changed":false,"footnotes":""},"class_list":["post-9249","page","type-page","status-publish","hentry"],"acf":[],"yoast_head":"<!-- This site is optimized with the Yoast SEO Premium plugin v27.2 (Yoast SEO v27.2) - https:\/\/yoast.com\/product\/yoast-seo-premium-wordpress\/ -->\n<title>Inflamaci\u00f3n y Ferroptosis - PTC Therapeutics (LATAM-Spanish)<\/title>\n<meta name=\"robots\" content=\"index, follow, max-snippet:-1, max-image-preview:large, max-video-preview:-1\" \/>\n<link rel=\"canonical\" href=\"https:\/\/latam.ptcbio.com\/es\/nuestra-ciencia\/inflamacion-y-ferroptosis\/\" \/>\n<meta property=\"og:locale\" content=\"es_ES\" \/>\n<meta property=\"og:type\" content=\"article\" \/>\n<meta property=\"og:title\" content=\"Inflamaci\u00f3n y Ferroptosis\" \/>\n<meta property=\"og:description\" content=\"PTC ha sido pionera en el desarrollo de f\u00e1rmacos que act\u00faan directamente sobre la ferroptosis, un tipo de muerte celular programada causada por la oxidaci\u00f3n de los l\u00edpidos de la membrana celular dependiente del hierro y la activaci\u00f3n de v\u00edas inflamatorias perjudiciales. La plataforma de Inflamaci\u00f3n y Ferroptosisincluye programas en diversas etapas de desarrollo precl\u00ednico&hellip;\" \/>\n<meta property=\"og:url\" content=\"https:\/\/latam.ptcbio.com\/es\/nuestra-ciencia\/inflamacion-y-ferroptosis\/\" \/>\n<meta property=\"og:site_name\" content=\"PTC Therapeutics (LATAM-Spanish)\" \/>\n<meta property=\"article:publisher\" content=\"https:\/\/www.facebook.com\/PTCTherapeutics\" \/>\n<meta property=\"article:modified_time\" content=\"2025-12-15T21:32:00+00:00\" \/>\n<meta property=\"og:image\" content=\"https:\/\/latam.ptcbio.com\/es\/wp-content\/uploads\/sites\/24\/2025\/10\/i_and_f.png\" \/>\n\t<meta property=\"og:image:width\" content=\"238\" \/>\n\t<meta property=\"og:image:height\" content=\"146\" \/>\n\t<meta property=\"og:image:type\" content=\"image\/png\" \/>\n<meta name=\"twitter:card\" content=\"summary_large_image\" \/>\n<meta name=\"twitter:site\" content=\"@PTCBio\" \/>\n<meta name=\"twitter:label1\" content=\"Tiempo de lectura\" \/>\n\t<meta name=\"twitter:data1\" content=\"4 minutos\" \/>\n<script type=\"application\/ld+json\" class=\"yoast-schema-graph\">{\"@context\":\"https:\/\/schema.org\",\"@graph\":[{\"@type\":\"WebPage\",\"@id\":\"https:\/\/latam.ptcbio.com\/es\/nuestra-ciencia\/inflamacion-y-ferroptosis\/\",\"url\":\"https:\/\/latam.ptcbio.com\/es\/nuestra-ciencia\/inflamacion-y-ferroptosis\/\",\"name\":\"Inflamaci\u00f3n y Ferroptosis - PTC Therapeutics (LATAM-Spanish)\",\"isPartOf\":{\"@id\":\"https:\/\/latam.ptcbio.com\/es\/#website\"},\"primaryImageOfPage\":{\"@id\":\"https:\/\/latam.ptcbio.com\/es\/nuestra-ciencia\/inflamacion-y-ferroptosis\/#primaryimage\"},\"image\":{\"@id\":\"https:\/\/latam.ptcbio.com\/es\/nuestra-ciencia\/inflamacion-y-ferroptosis\/#primaryimage\"},\"thumbnailUrl\":\"https:\/\/latam.ptcbio.com\/es\/wp-content\/uploads\/sites\/24\/2025\/10\/i_and_f.png\",\"datePublished\":\"2022-12-21T13:55:27+00:00\",\"dateModified\":\"2025-12-15T21:32:00+00:00\",\"breadcrumb\":{\"@id\":\"https:\/\/latam.ptcbio.com\/es\/nuestra-ciencia\/inflamacion-y-ferroptosis\/#breadcrumb\"},\"inLanguage\":\"es\",\"potentialAction\":[{\"@type\":\"ReadAction\",\"target\":[\"https:\/\/latam.ptcbio.com\/es\/nuestra-ciencia\/inflamacion-y-ferroptosis\/\"]}]},{\"@type\":\"ImageObject\",\"inLanguage\":\"es\",\"@id\":\"https:\/\/latam.ptcbio.com\/es\/nuestra-ciencia\/inflamacion-y-ferroptosis\/#primaryimage\",\"url\":\"https:\/\/latam.ptcbio.com\/es\/wp-content\/uploads\/sites\/24\/2025\/10\/i_and_f.png\",\"contentUrl\":\"https:\/\/latam.ptcbio.com\/es\/wp-content\/uploads\/sites\/24\/2025\/10\/i_and_f.png\",\"width\":238,\"height\":146,\"caption\":\"I&F Icon\"},{\"@type\":\"BreadcrumbList\",\"@id\":\"https:\/\/latam.ptcbio.com\/es\/nuestra-ciencia\/inflamacion-y-ferroptosis\/#breadcrumb\",\"itemListElement\":[{\"@type\":\"ListItem\",\"position\":1,\"name\":\"Home\",\"item\":\"https:\/\/latam.ptcbio.com\/es\/\"},{\"@type\":\"ListItem\",\"position\":2,\"name\":\"Nuestra ciencia\",\"item\":\"https:\/\/latam.ptcbio.com\/es\/nuestra-ciencia\/\"},{\"@type\":\"ListItem\",\"position\":3,\"name\":\"Inflamaci\u00f3n y Ferroptosis\"}]},{\"@type\":\"WebSite\",\"@id\":\"https:\/\/latam.ptcbio.com\/es\/#website\",\"url\":\"https:\/\/latam.ptcbio.com\/es\/\",\"name\":\"PTC Therapeutics, Inc.\",\"description\":\"\",\"publisher\":{\"@id\":\"https:\/\/latam.ptcbio.com\/es\/#organization\"},\"potentialAction\":[{\"@type\":\"SearchAction\",\"target\":{\"@type\":\"EntryPoint\",\"urlTemplate\":\"https:\/\/latam.ptcbio.com\/es\/?s={search_term_string}\"},\"query-input\":{\"@type\":\"PropertyValueSpecification\",\"valueRequired\":true,\"valueName\":\"search_term_string\"}}],\"inLanguage\":\"es\"},{\"@type\":\"Organization\",\"@id\":\"https:\/\/latam.ptcbio.com\/es\/#organization\",\"name\":\"PTC Therapeutics, Inc.\",\"url\":\"https:\/\/latam.ptcbio.com\/es\/\",\"logo\":{\"@type\":\"ImageObject\",\"inLanguage\":\"es\",\"@id\":\"https:\/\/latam.ptcbio.com\/es\/#\/schema\/logo\/image\/\",\"url\":null,\"contentUrl\":null,\"width\":null,\"height\":null,\"caption\":\"PTC Therapeutics, Inc.\"},\"image\":{\"@id\":\"https:\/\/latam.ptcbio.com\/es\/#\/schema\/logo\/image\/\"},\"sameAs\":[\"https:\/\/www.facebook.com\/PTCTherapeutics\",\"https:\/\/x.com\/PTCBio\"]}]}<\/script>\n<!-- \/ Yoast SEO Premium plugin. -->","yoast_head_json":{"title":"Inflamaci\u00f3n y Ferroptosis - PTC Therapeutics (LATAM-Spanish)","robots":{"index":"index","follow":"follow","max-snippet":"max-snippet:-1","max-image-preview":"max-image-preview:large","max-video-preview":"max-video-preview:-1"},"canonical":"https:\/\/latam.ptcbio.com\/es\/nuestra-ciencia\/inflamacion-y-ferroptosis\/","og_locale":"es_ES","og_type":"article","og_title":"Inflamaci\u00f3n y Ferroptosis","og_description":"PTC ha sido pionera en el desarrollo de f\u00e1rmacos que act\u00faan directamente sobre la ferroptosis, un tipo de muerte celular programada causada por la oxidaci\u00f3n de los l\u00edpidos de la membrana celular dependiente del hierro y la activaci\u00f3n de v\u00edas inflamatorias perjudiciales. La plataforma de Inflamaci\u00f3n y Ferroptosisincluye programas en diversas etapas de desarrollo precl\u00ednico&hellip;","og_url":"https:\/\/latam.ptcbio.com\/es\/nuestra-ciencia\/inflamacion-y-ferroptosis\/","og_site_name":"PTC Therapeutics (LATAM-Spanish)","article_publisher":"https:\/\/www.facebook.com\/PTCTherapeutics","article_modified_time":"2025-12-15T21:32:00+00:00","og_image":[{"width":238,"height":146,"url":"https:\/\/latam.ptcbio.com\/es\/wp-content\/uploads\/sites\/24\/2025\/10\/i_and_f.png","type":"image\/png"}],"twitter_card":"summary_large_image","twitter_site":"@PTCBio","twitter_misc":{"Tiempo de lectura":"4 minutos"},"schema":{"@context":"https:\/\/schema.org","@graph":[{"@type":"WebPage","@id":"https:\/\/latam.ptcbio.com\/es\/nuestra-ciencia\/inflamacion-y-ferroptosis\/","url":"https:\/\/latam.ptcbio.com\/es\/nuestra-ciencia\/inflamacion-y-ferroptosis\/","name":"Inflamaci\u00f3n y Ferroptosis - PTC Therapeutics (LATAM-Spanish)","isPartOf":{"@id":"https:\/\/latam.ptcbio.com\/es\/#website"},"primaryImageOfPage":{"@id":"https:\/\/latam.ptcbio.com\/es\/nuestra-ciencia\/inflamacion-y-ferroptosis\/#primaryimage"},"image":{"@id":"https:\/\/latam.ptcbio.com\/es\/nuestra-ciencia\/inflamacion-y-ferroptosis\/#primaryimage"},"thumbnailUrl":"https:\/\/latam.ptcbio.com\/es\/wp-content\/uploads\/sites\/24\/2025\/10\/i_and_f.png","datePublished":"2022-12-21T13:55:27+00:00","dateModified":"2025-12-15T21:32:00+00:00","breadcrumb":{"@id":"https:\/\/latam.ptcbio.com\/es\/nuestra-ciencia\/inflamacion-y-ferroptosis\/#breadcrumb"},"inLanguage":"es","potentialAction":[{"@type":"ReadAction","target":["https:\/\/latam.ptcbio.com\/es\/nuestra-ciencia\/inflamacion-y-ferroptosis\/"]}]},{"@type":"ImageObject","inLanguage":"es","@id":"https:\/\/latam.ptcbio.com\/es\/nuestra-ciencia\/inflamacion-y-ferroptosis\/#primaryimage","url":"https:\/\/latam.ptcbio.com\/es\/wp-content\/uploads\/sites\/24\/2025\/10\/i_and_f.png","contentUrl":"https:\/\/latam.ptcbio.com\/es\/wp-content\/uploads\/sites\/24\/2025\/10\/i_and_f.png","width":238,"height":146,"caption":"I&F Icon"},{"@type":"BreadcrumbList","@id":"https:\/\/latam.ptcbio.com\/es\/nuestra-ciencia\/inflamacion-y-ferroptosis\/#breadcrumb","itemListElement":[{"@type":"ListItem","position":1,"name":"Home","item":"https:\/\/latam.ptcbio.com\/es\/"},{"@type":"ListItem","position":2,"name":"Nuestra ciencia","item":"https:\/\/latam.ptcbio.com\/es\/nuestra-ciencia\/"},{"@type":"ListItem","position":3,"name":"Inflamaci\u00f3n y Ferroptosis"}]},{"@type":"WebSite","@id":"https:\/\/latam.ptcbio.com\/es\/#website","url":"https:\/\/latam.ptcbio.com\/es\/","name":"PTC Therapeutics, Inc.","description":"","publisher":{"@id":"https:\/\/latam.ptcbio.com\/es\/#organization"},"potentialAction":[{"@type":"SearchAction","target":{"@type":"EntryPoint","urlTemplate":"https:\/\/latam.ptcbio.com\/es\/?s={search_term_string}"},"query-input":{"@type":"PropertyValueSpecification","valueRequired":true,"valueName":"search_term_string"}}],"inLanguage":"es"},{"@type":"Organization","@id":"https:\/\/latam.ptcbio.com\/es\/#organization","name":"PTC Therapeutics, Inc.","url":"https:\/\/latam.ptcbio.com\/es\/","logo":{"@type":"ImageObject","inLanguage":"es","@id":"https:\/\/latam.ptcbio.com\/es\/#\/schema\/logo\/image\/","url":null,"contentUrl":null,"width":null,"height":null,"caption":"PTC Therapeutics, Inc."},"image":{"@id":"https:\/\/latam.ptcbio.com\/es\/#\/schema\/logo\/image\/"},"sameAs":["https:\/\/www.facebook.com\/PTCTherapeutics","https:\/\/x.com\/PTCBio"]}]}},"_links":{"self":[{"href":"https:\/\/latam.ptcbio.com\/es\/wp-json\/wp\/v2\/pages\/9249","targetHints":{"allow":["GET"]}}],"collection":[{"href":"https:\/\/latam.ptcbio.com\/es\/wp-json\/wp\/v2\/pages"}],"about":[{"href":"https:\/\/latam.ptcbio.com\/es\/wp-json\/wp\/v2\/types\/page"}],"author":[{"embeddable":true,"href":"https:\/\/latam.ptcbio.com\/es\/wp-json\/wp\/v2\/users\/14"}],"replies":[{"embeddable":true,"href":"https:\/\/latam.ptcbio.com\/es\/wp-json\/wp\/v2\/comments?post=9249"}],"version-history":[{"count":6,"href":"https:\/\/latam.ptcbio.com\/es\/wp-json\/wp\/v2\/pages\/9249\/revisions"}],"predecessor-version":[{"id":17038,"href":"https:\/\/latam.ptcbio.com\/es\/wp-json\/wp\/v2\/pages\/9249\/revisions\/17038"}],"up":[{"embeddable":true,"href":"https:\/\/latam.ptcbio.com\/es\/wp-json\/wp\/v2\/pages\/9220"}],"wp:attachment":[{"href":"https:\/\/latam.ptcbio.com\/es\/wp-json\/wp\/v2\/media?parent=9249"}],"curies":[{"name":"wp","href":"https:\/\/api.w.org\/{rel}","templated":true}]}}