{"id":9247,"date":"2022-12-21T13:54:50","date_gmt":"2022-12-21T13:54:50","guid":{"rendered":"https:\/\/latam.ptcbio.com\/es\/?page_id=9247"},"modified":"2025-10-30T14:43:30","modified_gmt":"2025-10-30T18:43:30","slug":"splicing","status":"publish","type":"page","link":"https:\/\/latam.ptcbio.com\/es\/nuestra-ciencia\/splicing\/","title":{"rendered":"Splicing"},"content":{"rendered":"<div class=\"hero-header__outer-container\">\n\n\t<div class=\"hero hero--styled color-theme--denim-blue hero--no-image hero--normal-spacing\">\n\t\t\t\t\t\t<div class=\"hero__bg\">\n\t\t\t<div id=\"particles-js\" class=\"hero__constellation hero__constellation--center\"><\/div>\n\t\t<\/div>\n\t\t\t\t\t\t\t\t<div class=\"hero__inner hero__inner--center\">\n\t\t\t<div class=\"hero__content hero__content--center hero__content--no-image\">\n\t\t\t\t\t\t\t\t\t\t\t\t<div class=\"hero__eyebrow\">Nuestra ciencia<\/div>\n\t\t\t\t\t\t\t\t\t\t\t\t<div class=\"u-mt-1 u-my-2\"><h1 class=\"hero__title hero__title--standard\" data-ptc-fitty=\"\">Splicing<\/h1><\/div>\n\t\t\t\t\t\t\t\t\t\t\t\t<div class=\"hero__subtitle\">Modulaci\u00f3n del splicing para controlar la producci\u00f3n de prote\u00ednas<\/div>\n\t\t\t\t\t\t\t\t\t\t\t<\/div>\n\t\t\t\t\t<\/div>\n\t\t\t<\/div>\n\t\t\t<div class=\"hero__breadcrumbs\"><nav\n\tclass=\"breadcrumbs breadcrumbs--deep\"\n\taria-label=\"Breadcrumb\"\n>\n\t<ol class=\"breadcrumbs__list\" itemscope itemtype=\"https:\/\/schema.org\/BreadcrumbList\">\n\t\t\t\t\t\t\t\t\t<li class=\"breadcrumbs__crumb breadcrumbs__crumb--light\" itemscope itemprop=\"itemListElement\" itemtype=\"https:\/\/schema.org\/ListItem\">\n\t\t\t\t\t\t\t\t\t\t\t<a class=\"breadcrumbs__link breadcrumbs__link--home breadcrumbs__link--light\" itemprop=\"item\" href=\"https:\/\/latam.ptcbio.com\/es\/\">\n\t\t\t\t\t\t\t<span class=\"sr-only\" itemprop=\"name\">P\u00e1gina principal<\/span>\n\t\t\t\t\t\t<\/a>\n\t\t\t\t\t\t\t\t\t\t<meta itemprop=\"position\" content=\"1\" \/>\n\t\t\t\t<\/li>\n\t\t\t\t\t\t\t\t\t\t\t\t<li class=\"breadcrumbs__crumb breadcrumbs__crumb--light\" itemscope itemprop=\"itemListElement\" itemtype=\"https:\/\/schema.org\/ListItem\">\n\t\t\t\t\t\t\t\t\t\t\t\t\t\t\t\t\t\t<a\n\t\t\t\t\t\t\t\tclass=\"breadcrumbs__link\" itemprop=\"item\"\n\t\t\t\t\t\t\t\thref=\"https:\/\/latam.ptcbio.com\/es\/nuestra-ciencia\/\"\n\t\t\t\t\t\t\t\t\t\t\t\t\t\t\t>\n\t\t\t\t\t\t\t\t\t\t\t\t\t\t\t<span itemprop=\"name\">Nuestra ciencia<\/span>\n\t\t\t\t\t\t\t\t\t\t\t\t\t\t<\/a>\n\t\t\t\t\t\t\t\t\t\t\t\t\t\t\t\t<meta itemprop=\"position\" content=\"2\" \/>\n\t\t\t\t<\/li>\n\t\t\t\t\t\t\t\t\t\t\t\t<li class=\"breadcrumbs__crumb breadcrumbs__crumb--light\" itemscope itemprop=\"itemListElement\" itemtype=\"https:\/\/schema.org\/ListItem\">\n\t\t\t\t\t\t\t\t\t\t\t\t\t\t\t\t\t\t<span\n\t\t\t\t\t\t\t\tclass=\"breadcrumbs__current\" itemprop=\"item\"\n\t\t\t\t\t\t\t\taria-current=\"page\"\t\t\t\t\t\t\t>\n\t\t\t\t\t\t\t\t<span itemprop=\"name\">Splicing<\/span>\n\t\t\t\t\t\t\t<\/span>\n\t\t\t\t\t\t\t\t\t\t\t\t\t\t\t\t<meta itemprop=\"position\" content=\"3\" \/>\n\t\t\t\t<\/li>\n\t\t\t\t\t\t<\/ol>\n<\/nav>\n<\/div>\n\t<\/div>\n\n\n\n<figure class=\"wp-block-image alignright size-full is-resized\"><img loading=\"lazy\" decoding=\"async\" width=\"1020\" height=\"594\" src=\"https:\/\/latam.ptcbio.com\/es\/wp-content\/uploads\/sites\/24\/2025\/10\/Splicing_2.png\" alt=\"Splicing Icon\" class=\"wp-image-16986\" style=\"width:261px;height:auto\" srcset=\"https:\/\/latam.ptcbio.com\/es\/wp-content\/uploads\/sites\/24\/2025\/10\/Splicing_2.png 1020w, https:\/\/latam.ptcbio.com\/es\/wp-content\/uploads\/sites\/24\/2025\/10\/Splicing_2-300x175.png 300w, https:\/\/latam.ptcbio.com\/es\/wp-content\/uploads\/sites\/24\/2025\/10\/Splicing_2-768x447.png 768w, https:\/\/latam.ptcbio.com\/es\/wp-content\/uploads\/sites\/24\/2025\/10\/Splicing_2-400x233.png 400w\" sizes=\"auto, (max-width: 1020px) 100vw, 1020px\" \/><\/figure>\n\n\n\n<h4 class=\"wp-block-heading\" id=\"h-expresion-genica\">Expresi\u00f3n g\u00e9nica<\/h4>\n\n\n\n<p class=\"core-block core-paragraph\">Los genes est\u00e1n compuestos por ADN y contienen toda la informaci\u00f3n necesaria para fabricar o ensamblar las prote\u00ednas que el cuerpo necesita para funcionar. El ADN es el repositorio central de la informaci\u00f3n gen\u00e9tica y no se utiliza directamente para producir prote\u00ednas. La expresi\u00f3n g\u00e9nica comienza con la transcripci\u00f3n, cuando se hace una copia del ADN del gen, generando un ARN mensajero precursor (pre-ARNm). El pre-ARNm est\u00e1 compuesto por exones y regiones no codificantes llamadas intrones. Los intrones son eliminados \u2014o \u201cempalmados\u201d\u2014 y los exones se unen en un orden espec\u00edfico. Este ARN mensajero maduro contiene toda la informaci\u00f3n necesaria para producir prote\u00ednas funcionales.<\/p>\n\n\n\n<h4 class=\"wp-block-heading\" id=\"h-splicing-alternativo\">Splicing alternativo<\/h4>\n\n\n\n<p class=\"core-block core-paragraph\">Un solo gen puede codificar m\u00e1s de un tipo de prote\u00edna. Esto ocurre mediante un proceso llamado splicing alternativo, en el que diferentes combinaciones de exones pueden unirse a partir de un mismo gen, creando m\u00faltiples secuencias codificantes. Estas secuencias generan diversos productos de ARN mensajero que codifican prote\u00ednas distintas y relacionadas.<\/p>\n\n\n\n<p class=\"core-block core-paragraph\">Aproximadamente el 94% de todos los genes humanos experimentan splicing alternativo como parte de la producci\u00f3n de prote\u00ednas funcionales.<\/p>\n\n\n\n<p class=\"core-block core-paragraph\">Una m\u00e1quina molecular compleja llamada espliceosoma es la responsable principal del splicing. Est\u00e1 compuesto por cinco peque\u00f1as ribonucleoprote\u00ednas nucleares (snRNPs), que se organizan alrededor de los sitios de splicing, los cuales sirven como l\u00edmites entre exones e intrones. El primer paso en la formaci\u00f3n del espliceosoma es mediado por las snRNPs U1 y U2. La interacci\u00f3n U1\u2013pre-ARNm es la m\u00e1s extensa y selectiva de la v\u00eda de splicing. Una vez ensamblado, el espliceosoma cataliza la eliminaci\u00f3n de los intrones y la uni\u00f3n de los exones como sea necesario.<\/p>\n\n\n\n<h4 class=\"wp-block-heading\" id=\"h-mutaciones-en-el-splicing\">Mutaciones en el splicing<\/h4>\n\n\n\n<p class=\"core-block core-paragraph\">Mutaciones o variaciones de secuencia que interrumpen, debilitan o activan de forma incorrecta los sitios de splicing pueden afectar la capacidad del espliceosoma para reconocer con precisi\u00f3n el pre-ARNm. Estas mutaciones son la causa directa de m\u00e1s de 200 enfermedades humanas, incluidos muchos tipos de c\u00e1ncer y enfermedades gen\u00e9ticas como la atrofia muscular espinal y la enfermedad de Huntington.<\/p>\n\n\n\n<p class=\"core-block core-paragraph\">En muchos casos, los errores de splicing resultan en una interacci\u00f3n defectuosa entre la snRNP U1 y el pre-ARNm, debido a la diversidad estructural en el sitio de splicing, alterando as\u00ed la eficiencia del proceso.<\/p>\n\n\n\n<h4 class=\"wp-block-heading\" id=\"h-modificadores-de-splicing\">Modificadores de splicing<\/h4>\n\n\n\n<p class=\"core-block core-paragraph\">PTC desarroll\u00f3 una tecnolog\u00eda poderosa que permite identificar peque\u00f1as mol\u00e9culas conocidas como modificadores de splicing, dise\u00f1adas para mejorar la interacci\u00f3n U1\u2013pre-ARNm. Estas mol\u00e9culas act\u00faan como un \u201cadhesivo\u201d molecular que fortalece esa uni\u00f3n y mejora la eficiencia del splicing. PTC fue pionera en la idea de que el splicing puede ser modulado con peque\u00f1as mol\u00e9culas. Durante los \u00faltimos 20 a\u00f1os, perfeccionamos nuestra tecnolog\u00eda de splicing de ARN. Gracias a ella, identificamos una mol\u00e9cula oral para el tratamiento de la atrofia muscular espinal, que fue la primera prote\u00edna de mol\u00e9cula peque\u00f1a aprobada para influir en el splicing y permitir la producci\u00f3n de una prote\u00edna SMN estable y funcional. Adem\u00e1s, tenemos m\u00faltiples programas en fases de descubrimiento y desarrollo usando nuestra plataforma de splicing. Nuestro compuesto m\u00e1s avanzado actualmente est\u00e1 en desarrollo para tratar la enfermedad de Huntington, una enfermedad poco frecuente causada por un gen defectuoso que produce una prote\u00edna mutada llamada HTT.<\/p>\n\n\n\n<p class=\"core-block core-paragraph\">La tecnolog\u00eda de splicing alternativo del ARN tiene un gran potencial para identificar nuevos tratamientos para muchas enfermedades. Creemos que podemos descubrir otras peque\u00f1as mol\u00e9culas capaces de modificar el splicing alternativo de genes, promoviendo la inclusi\u00f3n de exones espec\u00edficos o forzando la exclusi\u00f3n de exones no deseados en el ARNm maduro. Seguimos ampliando nuestra plataforma de splicing de ARN para desarrollar terapias innovadoras que aborden las causas subyacentes de enfermedades que limitan la vida.<\/p>\n","protected":false},"excerpt":{"rendered":"<p>Expresi\u00f3n g\u00e9nica Los genes est\u00e1n compuestos por ADN y contienen toda la informaci\u00f3n necesaria para fabricar o ensamblar las prote\u00ednas que el cuerpo necesita para funcionar. El ADN es el repositorio central de la informaci\u00f3n gen\u00e9tica y no se utiliza directamente para producir prote\u00ednas. La expresi\u00f3n g\u00e9nica comienza con la transcripci\u00f3n, cuando se hace una&hellip;<\/p>\n","protected":false},"author":14,"featured_media":0,"parent":9220,"menu_order":0,"comment_status":"closed","ping_status":"closed","template":"","meta":{"_acf_changed":false,"footnotes":""},"class_list":["post-9247","page","type-page","status-publish","hentry"],"acf":[],"yoast_head":"<!-- This site is optimized with the Yoast SEO Premium plugin v27.2 (Yoast SEO v27.2) - https:\/\/yoast.com\/product\/yoast-seo-premium-wordpress\/ -->\n<title>Splicing - PTC Therapeutics (LATAM-Spanish)<\/title>\n<meta name=\"robots\" content=\"index, follow, max-snippet:-1, max-image-preview:large, max-video-preview:-1\" \/>\n<link rel=\"canonical\" href=\"https:\/\/latam.ptcbio.com\/es\/nuestra-ciencia\/splicing\/\" \/>\n<meta property=\"og:locale\" content=\"es_ES\" \/>\n<meta property=\"og:type\" content=\"article\" \/>\n<meta property=\"og:title\" content=\"Splicing\" \/>\n<meta property=\"og:description\" content=\"Expresi\u00f3n g\u00e9nica Los genes est\u00e1n compuestos por ADN y contienen toda la informaci\u00f3n necesaria para fabricar o ensamblar las prote\u00ednas que el cuerpo necesita para funcionar. El ADN es el repositorio central de la informaci\u00f3n gen\u00e9tica y no se utiliza directamente para producir prote\u00ednas. La expresi\u00f3n g\u00e9nica comienza con la transcripci\u00f3n, cuando se hace una&hellip;\" \/>\n<meta property=\"og:url\" content=\"https:\/\/latam.ptcbio.com\/es\/nuestra-ciencia\/splicing\/\" \/>\n<meta property=\"og:site_name\" content=\"PTC Therapeutics (LATAM-Spanish)\" \/>\n<meta property=\"article:publisher\" content=\"https:\/\/www.facebook.com\/PTCTherapeutics\" \/>\n<meta property=\"article:modified_time\" content=\"2025-10-30T18:43:30+00:00\" \/>\n<meta property=\"og:image\" content=\"https:\/\/latam.ptcbio.com\/es\/wp-content\/uploads\/sites\/24\/2025\/10\/Splicing_2.png\" \/>\n\t<meta property=\"og:image:width\" content=\"1020\" \/>\n\t<meta property=\"og:image:height\" content=\"594\" \/>\n\t<meta property=\"og:image:type\" content=\"image\/png\" \/>\n<meta name=\"twitter:card\" content=\"summary_large_image\" \/>\n<meta name=\"twitter:site\" content=\"@PTCBio\" \/>\n<meta name=\"twitter:label1\" content=\"Tiempo de lectura\" \/>\n\t<meta name=\"twitter:data1\" content=\"3 minutos\" \/>\n<script type=\"application\/ld+json\" class=\"yoast-schema-graph\">{\"@context\":\"https:\/\/schema.org\",\"@graph\":[{\"@type\":\"WebPage\",\"@id\":\"https:\/\/latam.ptcbio.com\/es\/nuestra-ciencia\/splicing\/\",\"url\":\"https:\/\/latam.ptcbio.com\/es\/nuestra-ciencia\/splicing\/\",\"name\":\"Splicing - PTC Therapeutics (LATAM-Spanish)\",\"isPartOf\":{\"@id\":\"https:\/\/latam.ptcbio.com\/es\/#website\"},\"primaryImageOfPage\":{\"@id\":\"https:\/\/latam.ptcbio.com\/es\/nuestra-ciencia\/splicing\/#primaryimage\"},\"image\":{\"@id\":\"https:\/\/latam.ptcbio.com\/es\/nuestra-ciencia\/splicing\/#primaryimage\"},\"thumbnailUrl\":\"https:\/\/latam.ptcbio.com\/es\/wp-content\/uploads\/sites\/24\/2025\/10\/Splicing_2.png\",\"datePublished\":\"2022-12-21T13:54:50+00:00\",\"dateModified\":\"2025-10-30T18:43:30+00:00\",\"breadcrumb\":{\"@id\":\"https:\/\/latam.ptcbio.com\/es\/nuestra-ciencia\/splicing\/#breadcrumb\"},\"inLanguage\":\"es\",\"potentialAction\":[{\"@type\":\"ReadAction\",\"target\":[\"https:\/\/latam.ptcbio.com\/es\/nuestra-ciencia\/splicing\/\"]}]},{\"@type\":\"ImageObject\",\"inLanguage\":\"es\",\"@id\":\"https:\/\/latam.ptcbio.com\/es\/nuestra-ciencia\/splicing\/#primaryimage\",\"url\":\"https:\/\/latam.ptcbio.com\/es\/wp-content\/uploads\/sites\/24\/2025\/10\/Splicing_2.png\",\"contentUrl\":\"https:\/\/latam.ptcbio.com\/es\/wp-content\/uploads\/sites\/24\/2025\/10\/Splicing_2.png\",\"width\":1020,\"height\":594,\"caption\":\"Splicing Icon\"},{\"@type\":\"BreadcrumbList\",\"@id\":\"https:\/\/latam.ptcbio.com\/es\/nuestra-ciencia\/splicing\/#breadcrumb\",\"itemListElement\":[{\"@type\":\"ListItem\",\"position\":1,\"name\":\"Home\",\"item\":\"https:\/\/latam.ptcbio.com\/es\/\"},{\"@type\":\"ListItem\",\"position\":2,\"name\":\"Nuestra ciencia\",\"item\":\"https:\/\/latam.ptcbio.com\/es\/nuestra-ciencia\/\"},{\"@type\":\"ListItem\",\"position\":3,\"name\":\"Splicing\"}]},{\"@type\":\"WebSite\",\"@id\":\"https:\/\/latam.ptcbio.com\/es\/#website\",\"url\":\"https:\/\/latam.ptcbio.com\/es\/\",\"name\":\"PTC Therapeutics, Inc.\",\"description\":\"\",\"publisher\":{\"@id\":\"https:\/\/latam.ptcbio.com\/es\/#organization\"},\"potentialAction\":[{\"@type\":\"SearchAction\",\"target\":{\"@type\":\"EntryPoint\",\"urlTemplate\":\"https:\/\/latam.ptcbio.com\/es\/?s={search_term_string}\"},\"query-input\":{\"@type\":\"PropertyValueSpecification\",\"valueRequired\":true,\"valueName\":\"search_term_string\"}}],\"inLanguage\":\"es\"},{\"@type\":\"Organization\",\"@id\":\"https:\/\/latam.ptcbio.com\/es\/#organization\",\"name\":\"PTC Therapeutics, Inc.\",\"url\":\"https:\/\/latam.ptcbio.com\/es\/\",\"logo\":{\"@type\":\"ImageObject\",\"inLanguage\":\"es\",\"@id\":\"https:\/\/latam.ptcbio.com\/es\/#\/schema\/logo\/image\/\",\"url\":null,\"contentUrl\":null,\"width\":null,\"height\":null,\"caption\":\"PTC Therapeutics, Inc.\"},\"image\":{\"@id\":\"https:\/\/latam.ptcbio.com\/es\/#\/schema\/logo\/image\/\"},\"sameAs\":[\"https:\/\/www.facebook.com\/PTCTherapeutics\",\"https:\/\/x.com\/PTCBio\"]}]}<\/script>\n<!-- \/ Yoast SEO Premium plugin. -->","yoast_head_json":{"title":"Splicing - PTC Therapeutics (LATAM-Spanish)","robots":{"index":"index","follow":"follow","max-snippet":"max-snippet:-1","max-image-preview":"max-image-preview:large","max-video-preview":"max-video-preview:-1"},"canonical":"https:\/\/latam.ptcbio.com\/es\/nuestra-ciencia\/splicing\/","og_locale":"es_ES","og_type":"article","og_title":"Splicing","og_description":"Expresi\u00f3n g\u00e9nica Los genes est\u00e1n compuestos por ADN y contienen toda la informaci\u00f3n necesaria para fabricar o ensamblar las prote\u00ednas que el cuerpo necesita para funcionar. El ADN es el repositorio central de la informaci\u00f3n gen\u00e9tica y no se utiliza directamente para producir prote\u00ednas. La expresi\u00f3n g\u00e9nica comienza con la transcripci\u00f3n, cuando se hace una&hellip;","og_url":"https:\/\/latam.ptcbio.com\/es\/nuestra-ciencia\/splicing\/","og_site_name":"PTC Therapeutics (LATAM-Spanish)","article_publisher":"https:\/\/www.facebook.com\/PTCTherapeutics","article_modified_time":"2025-10-30T18:43:30+00:00","og_image":[{"width":1020,"height":594,"url":"https:\/\/latam.ptcbio.com\/es\/wp-content\/uploads\/sites\/24\/2025\/10\/Splicing_2.png","type":"image\/png"}],"twitter_card":"summary_large_image","twitter_site":"@PTCBio","twitter_misc":{"Tiempo de lectura":"3 minutos"},"schema":{"@context":"https:\/\/schema.org","@graph":[{"@type":"WebPage","@id":"https:\/\/latam.ptcbio.com\/es\/nuestra-ciencia\/splicing\/","url":"https:\/\/latam.ptcbio.com\/es\/nuestra-ciencia\/splicing\/","name":"Splicing - PTC Therapeutics (LATAM-Spanish)","isPartOf":{"@id":"https:\/\/latam.ptcbio.com\/es\/#website"},"primaryImageOfPage":{"@id":"https:\/\/latam.ptcbio.com\/es\/nuestra-ciencia\/splicing\/#primaryimage"},"image":{"@id":"https:\/\/latam.ptcbio.com\/es\/nuestra-ciencia\/splicing\/#primaryimage"},"thumbnailUrl":"https:\/\/latam.ptcbio.com\/es\/wp-content\/uploads\/sites\/24\/2025\/10\/Splicing_2.png","datePublished":"2022-12-21T13:54:50+00:00","dateModified":"2025-10-30T18:43:30+00:00","breadcrumb":{"@id":"https:\/\/latam.ptcbio.com\/es\/nuestra-ciencia\/splicing\/#breadcrumb"},"inLanguage":"es","potentialAction":[{"@type":"ReadAction","target":["https:\/\/latam.ptcbio.com\/es\/nuestra-ciencia\/splicing\/"]}]},{"@type":"ImageObject","inLanguage":"es","@id":"https:\/\/latam.ptcbio.com\/es\/nuestra-ciencia\/splicing\/#primaryimage","url":"https:\/\/latam.ptcbio.com\/es\/wp-content\/uploads\/sites\/24\/2025\/10\/Splicing_2.png","contentUrl":"https:\/\/latam.ptcbio.com\/es\/wp-content\/uploads\/sites\/24\/2025\/10\/Splicing_2.png","width":1020,"height":594,"caption":"Splicing Icon"},{"@type":"BreadcrumbList","@id":"https:\/\/latam.ptcbio.com\/es\/nuestra-ciencia\/splicing\/#breadcrumb","itemListElement":[{"@type":"ListItem","position":1,"name":"Home","item":"https:\/\/latam.ptcbio.com\/es\/"},{"@type":"ListItem","position":2,"name":"Nuestra ciencia","item":"https:\/\/latam.ptcbio.com\/es\/nuestra-ciencia\/"},{"@type":"ListItem","position":3,"name":"Splicing"}]},{"@type":"WebSite","@id":"https:\/\/latam.ptcbio.com\/es\/#website","url":"https:\/\/latam.ptcbio.com\/es\/","name":"PTC Therapeutics, Inc.","description":"","publisher":{"@id":"https:\/\/latam.ptcbio.com\/es\/#organization"},"potentialAction":[{"@type":"SearchAction","target":{"@type":"EntryPoint","urlTemplate":"https:\/\/latam.ptcbio.com\/es\/?s={search_term_string}"},"query-input":{"@type":"PropertyValueSpecification","valueRequired":true,"valueName":"search_term_string"}}],"inLanguage":"es"},{"@type":"Organization","@id":"https:\/\/latam.ptcbio.com\/es\/#organization","name":"PTC Therapeutics, Inc.","url":"https:\/\/latam.ptcbio.com\/es\/","logo":{"@type":"ImageObject","inLanguage":"es","@id":"https:\/\/latam.ptcbio.com\/es\/#\/schema\/logo\/image\/","url":null,"contentUrl":null,"width":null,"height":null,"caption":"PTC Therapeutics, Inc."},"image":{"@id":"https:\/\/latam.ptcbio.com\/es\/#\/schema\/logo\/image\/"},"sameAs":["https:\/\/www.facebook.com\/PTCTherapeutics","https:\/\/x.com\/PTCBio"]}]}},"_links":{"self":[{"href":"https:\/\/latam.ptcbio.com\/es\/wp-json\/wp\/v2\/pages\/9247","targetHints":{"allow":["GET"]}}],"collection":[{"href":"https:\/\/latam.ptcbio.com\/es\/wp-json\/wp\/v2\/pages"}],"about":[{"href":"https:\/\/latam.ptcbio.com\/es\/wp-json\/wp\/v2\/types\/page"}],"author":[{"embeddable":true,"href":"https:\/\/latam.ptcbio.com\/es\/wp-json\/wp\/v2\/users\/14"}],"replies":[{"embeddable":true,"href":"https:\/\/latam.ptcbio.com\/es\/wp-json\/wp\/v2\/comments?post=9247"}],"version-history":[{"count":1,"href":"https:\/\/latam.ptcbio.com\/es\/wp-json\/wp\/v2\/pages\/9247\/revisions"}],"predecessor-version":[{"id":16987,"href":"https:\/\/latam.ptcbio.com\/es\/wp-json\/wp\/v2\/pages\/9247\/revisions\/16987"}],"up":[{"embeddable":true,"href":"https:\/\/latam.ptcbio.com\/es\/wp-json\/wp\/v2\/pages\/9220"}],"wp:attachment":[{"href":"https:\/\/latam.ptcbio.com\/es\/wp-json\/wp\/v2\/media?parent=9247"}],"curies":[{"name":"wp","href":"https:\/\/api.w.org\/{rel}","templated":true}]}}