{"id":9220,"date":"2022-12-20T23:57:32","date_gmt":"2022-12-20T23:57:32","guid":{"rendered":"https:\/\/latam.ptcbio.com\/es\/?page_id=9220"},"modified":"2025-10-30T15:04:35","modified_gmt":"2025-10-30T19:04:35","slug":"nuestra-ciencia","status":"publish","type":"page","link":"https:\/\/latam.ptcbio.com\/es\/nuestra-ciencia\/","title":{"rendered":"Nuestra ciencia"},"content":{"rendered":"<div class=\"hero-header__outer-container\">\n\n\t<div class=\"hero hero--styled color-theme--denim-blue hero--no-image hero--normal-spacing\">\n\t\t\t\t\t\t<div class=\"hero__bg\">\n\t\t\t<div id=\"particles-js\" class=\"hero__constellation hero__constellation--center\"><\/div>\n\t\t<\/div>\n\t\t\t\t\t\t\t\t<div class=\"hero__inner hero__inner--center\">\n\t\t\t<div class=\"hero__content hero__content--center hero__content--no-image\">\n\t\t\t\t\t\t\t\t\t\t\t\t<div class=\"hero__eyebrow\">Nuestra ciencia<\/div>\n\t\t\t\t\t\t\t\t\t\t\t\t<div class=\"u-mt-1 u-my-2\"><h1 class=\"hero__title hero__title--standard\" data-ptc-fitty=\"\">Ampliando los l\u00edmites de la innovaci\u00f3n<\/h1><\/div>\n\t\t\t\t\t\t\t\t\t\t\t\t\t\t\t<\/div>\n\t\t\t\t\t<\/div>\n\t\t\t<\/div>\n\t\t\t<div class=\"hero__breadcrumbs\"><nav\n\tclass=\"breadcrumbs breadcrumbs--shallow\"\n\taria-label=\"Breadcrumb\"\n>\n\t<ol class=\"breadcrumbs__list\" itemscope itemtype=\"https:\/\/schema.org\/BreadcrumbList\">\n\t\t\t\t\t\t\t\t\t<li class=\"breadcrumbs__crumb breadcrumbs__crumb--light\" itemscope itemprop=\"itemListElement\" itemtype=\"https:\/\/schema.org\/ListItem\">\n\t\t\t\t\t\t\t\t\t\t\t<a class=\"breadcrumbs__link breadcrumbs__link--home breadcrumbs__link--light\" itemprop=\"item\" href=\"https:\/\/latam.ptcbio.com\/es\/\">\n\t\t\t\t\t\t\t<span class=\"sr-only\" itemprop=\"name\">P\u00e1gina principal<\/span>\n\t\t\t\t\t\t<\/a>\n\t\t\t\t\t\t\t\t\t\t<meta itemprop=\"position\" content=\"1\" \/>\n\t\t\t\t<\/li>\n\t\t\t\t\t\t\t\t\t\t\t<\/ol>\n<\/nav>\n<\/div>\n\t<\/div>\n\n\n\n<p class=\"core-block core-paragraph\">Centramos nuestros esfuerzos de investigaci\u00f3n en dos plataformas cient\u00edficas &#8211; splicing e inflamaci\u00f3n y ferroptosis &#8211; donde PTC posee una experiencia \u00fanica para descubrir y avanzar terapias innovadoras hasta la etapa cl\u00ednica.<\/p>\n\n\n<div  class=\"two-up container--max-width color-theme--white\">\n\t\t\t<div class=\"two-up__heading\" style=\"--ptc--heading--bg: var(--wp--preset--color--reddish );\" >\n\t\t\t<span>\n\t\t\t\t<h2 class=\"two-up__heading-text heading--2\" data-ptc-fitty=\"\">Plataformas de investigaci\u00f3n enfocadas en los pacientes<\/h2>\n\t\t\t<\/span>\n\t\t<\/div>\n\t\n\t<div class=\"two-up__blocks two-up__blocks--2 two-up__blocks--top\" style=\"--ptc--2up-cols:2\" >\n\t\t\t\t\t\n\t\t\t<div class=\"two-up__block two-up__block--dashicons \">\n\t\t\t\t\t\t\t\t\t\t\t\t\t<img decoding=\"async\" src=\"https:\/\/latam.ptcbio.com\/es\/wp-content\/themes\/ptc-redesign\/images\/splicing-dna.svg\" alt=\"\" class=\"two-up__block__icon two-up__block__icon--static\">\t\t\t\t\t\t\t\t<div class=\"two-up__block-wrapper\">\n\t\t\t\t\t\t\t\t\t\t<div class=\"two-up__block__title\">\n\t\t\t\t\t\t<span class=\"heading--4\" data-ptc-fitty=\"\">Splicing<\/span>\n\t\t\t\t\t<\/div>\n\t\t\t\t\t\t\t\t\t\t<div class=\"two-up__block__text body-copy--2\">\n\t\t\t\t\t\tModulando el splicing para controlar la producci\u00f3n de prote\u00ednas\t\t\t\t\t<\/div>\n\t\t\t\t\t\t\t\t\t\t\t<a href=\"https:\/\/latam.ptcbio.com\/es\/nuestra-ciencia\/splicing\/\" target=\"_self\" class=\"two-up__block__link text-cta text-cta--secondary\">M\u00e1s informaci\u00f3n<\/a>\n\t\t\t\t\t\t\t\t\t<\/div>\n\t\t\t<\/div>\n\t\t\t\t\t\n\t\t\t<div class=\"two-up__block two-up__block--dashicons \">\n\t\t\t\t\t\t\t\t\t\t\t\t\t<img decoding=\"async\" src=\"https:\/\/latam.ptcbio.com\/es\/wp-content\/themes\/ptc-redesign\/images\/inflammation-ferroptosis.svg\" alt=\"\" class=\"two-up__block__icon two-up__block__icon--static\">\t\t\t\t\t\t\t\t<div class=\"two-up__block-wrapper\">\n\t\t\t\t\t\t\t\t\t\t<div class=\"two-up__block__title\">\n\t\t\t\t\t\t<span class=\"heading--4\" data-ptc-fitty=\"\">Inflamaci\u00f3n &amp; Ferroptosis<\/span>\n\t\t\t\t\t<\/div>\n\t\t\t\t\t\t\t\t\t\t<div class=\"two-up__block__text body-copy--2\">\n\t\t\t\t\t\tEnfoque en el estr\u00e9s oxidativo y las v\u00edas de inflamaci\u00f3n para tratar enfermedades del SNC\t\t\t\t\t<\/div>\n\t\t\t\t\t\t\t\t\t\t\t<a href=\"https:\/\/latam.ptcbio.com\/es\/nuestra-ciencia\/inflamacion-y-ferroptosis\/\" target=\"_self\" class=\"two-up__block__link text-cta text-cta--secondary\">M\u00e1s informaci\u00f3n<\/a>\n\t\t\t\t\t\t\t\t\t<\/div>\n\t\t\t<\/div>\n\t\t\t<\/div>\n<\/div>\n","protected":false},"excerpt":{"rendered":"<p>Centramos nuestros esfuerzos de investigaci\u00f3n en dos plataformas cient\u00edficas &#8211; splicing e inflamaci\u00f3n y ferroptosis &#8211; donde PTC posee una experiencia \u00fanica para descubrir y avanzar terapias innovadoras hasta la etapa cl\u00ednica.<\/p>\n","protected":false},"author":14,"featured_media":0,"parent":0,"menu_order":0,"comment_status":"closed","ping_status":"closed","template":"","meta":{"_acf_changed":false,"footnotes":""},"class_list":["post-9220","page","type-page","status-publish","hentry"],"acf":[],"yoast_head":"<!-- This site is optimized with the Yoast SEO Premium plugin v27.2 (Yoast SEO v27.2) - https:\/\/yoast.com\/product\/yoast-seo-premium-wordpress\/ -->\n<title>Our Science | PTC Therapeutics<\/title>\n<meta name=\"description\" content=\"We dwell at the forefront of science. Our role is to push boundaries and pioneer novel biotechnology platforms for the treatment of rare diseases.\" \/>\n<meta name=\"robots\" content=\"index, follow, max-snippet:-1, max-image-preview:large, max-video-preview:-1\" \/>\n<link rel=\"canonical\" href=\"https:\/\/latam.ptcbio.com\/es\/nuestra-ciencia\/\" \/>\n<meta property=\"og:locale\" content=\"es_ES\" \/>\n<meta property=\"og:type\" content=\"article\" \/>\n<meta property=\"og:title\" content=\"Nuestra ciencia\" \/>\n<meta property=\"og:description\" content=\"We dwell at the forefront of science. Our role is to push boundaries and pioneer novel biotechnology platforms for the treatment of rare diseases.\" \/>\n<meta property=\"og:url\" content=\"https:\/\/latam.ptcbio.com\/es\/nuestra-ciencia\/\" \/>\n<meta property=\"og:site_name\" content=\"PTC Therapeutics (LATAM-Spanish)\" \/>\n<meta property=\"article:publisher\" content=\"https:\/\/www.facebook.com\/PTCTherapeutics\" \/>\n<meta property=\"article:modified_time\" content=\"2025-10-30T19:04:35+00:00\" \/>\n<meta name=\"twitter:card\" content=\"summary_large_image\" \/>\n<meta name=\"twitter:site\" content=\"@PTCBio\" \/>\n<meta name=\"twitter:label1\" content=\"Tiempo de lectura\" \/>\n\t<meta name=\"twitter:data1\" content=\"1 minuto\" \/>\n<script type=\"application\/ld+json\" class=\"yoast-schema-graph\">{\"@context\":\"https:\/\/schema.org\",\"@graph\":[{\"@type\":\"WebPage\",\"@id\":\"https:\/\/latam.ptcbio.com\/es\/nuestra-ciencia\/\",\"url\":\"https:\/\/latam.ptcbio.com\/es\/nuestra-ciencia\/\",\"name\":\"Our Science | PTC Therapeutics\",\"isPartOf\":{\"@id\":\"https:\/\/latam.ptcbio.com\/es\/#website\"},\"datePublished\":\"2022-12-20T23:57:32+00:00\",\"dateModified\":\"2025-10-30T19:04:35+00:00\",\"description\":\"We dwell at the forefront of science. Our role is to push boundaries and pioneer novel biotechnology platforms for the treatment of rare diseases.\",\"breadcrumb\":{\"@id\":\"https:\/\/latam.ptcbio.com\/es\/nuestra-ciencia\/#breadcrumb\"},\"inLanguage\":\"es\",\"potentialAction\":[{\"@type\":\"ReadAction\",\"target\":[\"https:\/\/latam.ptcbio.com\/es\/nuestra-ciencia\/\"]}]},{\"@type\":\"BreadcrumbList\",\"@id\":\"https:\/\/latam.ptcbio.com\/es\/nuestra-ciencia\/#breadcrumb\",\"itemListElement\":[{\"@type\":\"ListItem\",\"position\":1,\"name\":\"Home\",\"item\":\"https:\/\/latam.ptcbio.com\/es\/\"},{\"@type\":\"ListItem\",\"position\":2,\"name\":\"Nuestra ciencia\"}]},{\"@type\":\"WebSite\",\"@id\":\"https:\/\/latam.ptcbio.com\/es\/#website\",\"url\":\"https:\/\/latam.ptcbio.com\/es\/\",\"name\":\"PTC Therapeutics, Inc.\",\"description\":\"\",\"publisher\":{\"@id\":\"https:\/\/latam.ptcbio.com\/es\/#organization\"},\"potentialAction\":[{\"@type\":\"SearchAction\",\"target\":{\"@type\":\"EntryPoint\",\"urlTemplate\":\"https:\/\/latam.ptcbio.com\/es\/?s={search_term_string}\"},\"query-input\":{\"@type\":\"PropertyValueSpecification\",\"valueRequired\":true,\"valueName\":\"search_term_string\"}}],\"inLanguage\":\"es\"},{\"@type\":\"Organization\",\"@id\":\"https:\/\/latam.ptcbio.com\/es\/#organization\",\"name\":\"PTC Therapeutics, Inc.\",\"url\":\"https:\/\/latam.ptcbio.com\/es\/\",\"logo\":{\"@type\":\"ImageObject\",\"inLanguage\":\"es\",\"@id\":\"https:\/\/latam.ptcbio.com\/es\/#\/schema\/logo\/image\/\",\"url\":null,\"contentUrl\":null,\"width\":null,\"height\":null,\"caption\":\"PTC Therapeutics, Inc.\"},\"image\":{\"@id\":\"https:\/\/latam.ptcbio.com\/es\/#\/schema\/logo\/image\/\"},\"sameAs\":[\"https:\/\/www.facebook.com\/PTCTherapeutics\",\"https:\/\/x.com\/PTCBio\"]}]}<\/script>\n<!-- \/ Yoast SEO Premium plugin. -->","yoast_head_json":{"title":"Our Science | PTC Therapeutics","description":"We dwell at the forefront of science. Our role is to push boundaries and pioneer novel biotechnology platforms for the treatment of rare diseases.","robots":{"index":"index","follow":"follow","max-snippet":"max-snippet:-1","max-image-preview":"max-image-preview:large","max-video-preview":"max-video-preview:-1"},"canonical":"https:\/\/latam.ptcbio.com\/es\/nuestra-ciencia\/","og_locale":"es_ES","og_type":"article","og_title":"Nuestra ciencia","og_description":"We dwell at the forefront of science. Our role is to push boundaries and pioneer novel biotechnology platforms for the treatment of rare diseases.","og_url":"https:\/\/latam.ptcbio.com\/es\/nuestra-ciencia\/","og_site_name":"PTC Therapeutics (LATAM-Spanish)","article_publisher":"https:\/\/www.facebook.com\/PTCTherapeutics","article_modified_time":"2025-10-30T19:04:35+00:00","twitter_card":"summary_large_image","twitter_site":"@PTCBio","twitter_misc":{"Tiempo de lectura":"1 minuto"},"schema":{"@context":"https:\/\/schema.org","@graph":[{"@type":"WebPage","@id":"https:\/\/latam.ptcbio.com\/es\/nuestra-ciencia\/","url":"https:\/\/latam.ptcbio.com\/es\/nuestra-ciencia\/","name":"Our Science | PTC Therapeutics","isPartOf":{"@id":"https:\/\/latam.ptcbio.com\/es\/#website"},"datePublished":"2022-12-20T23:57:32+00:00","dateModified":"2025-10-30T19:04:35+00:00","description":"We dwell at the forefront of science. Our role is to push boundaries and pioneer novel biotechnology platforms for the treatment of rare diseases.","breadcrumb":{"@id":"https:\/\/latam.ptcbio.com\/es\/nuestra-ciencia\/#breadcrumb"},"inLanguage":"es","potentialAction":[{"@type":"ReadAction","target":["https:\/\/latam.ptcbio.com\/es\/nuestra-ciencia\/"]}]},{"@type":"BreadcrumbList","@id":"https:\/\/latam.ptcbio.com\/es\/nuestra-ciencia\/#breadcrumb","itemListElement":[{"@type":"ListItem","position":1,"name":"Home","item":"https:\/\/latam.ptcbio.com\/es\/"},{"@type":"ListItem","position":2,"name":"Nuestra ciencia"}]},{"@type":"WebSite","@id":"https:\/\/latam.ptcbio.com\/es\/#website","url":"https:\/\/latam.ptcbio.com\/es\/","name":"PTC Therapeutics, Inc.","description":"","publisher":{"@id":"https:\/\/latam.ptcbio.com\/es\/#organization"},"potentialAction":[{"@type":"SearchAction","target":{"@type":"EntryPoint","urlTemplate":"https:\/\/latam.ptcbio.com\/es\/?s={search_term_string}"},"query-input":{"@type":"PropertyValueSpecification","valueRequired":true,"valueName":"search_term_string"}}],"inLanguage":"es"},{"@type":"Organization","@id":"https:\/\/latam.ptcbio.com\/es\/#organization","name":"PTC Therapeutics, Inc.","url":"https:\/\/latam.ptcbio.com\/es\/","logo":{"@type":"ImageObject","inLanguage":"es","@id":"https:\/\/latam.ptcbio.com\/es\/#\/schema\/logo\/image\/","url":null,"contentUrl":null,"width":null,"height":null,"caption":"PTC Therapeutics, Inc."},"image":{"@id":"https:\/\/latam.ptcbio.com\/es\/#\/schema\/logo\/image\/"},"sameAs":["https:\/\/www.facebook.com\/PTCTherapeutics","https:\/\/x.com\/PTCBio"]}]}},"_links":{"self":[{"href":"https:\/\/latam.ptcbio.com\/es\/wp-json\/wp\/v2\/pages\/9220","targetHints":{"allow":["GET"]}}],"collection":[{"href":"https:\/\/latam.ptcbio.com\/es\/wp-json\/wp\/v2\/pages"}],"about":[{"href":"https:\/\/latam.ptcbio.com\/es\/wp-json\/wp\/v2\/types\/page"}],"author":[{"embeddable":true,"href":"https:\/\/latam.ptcbio.com\/es\/wp-json\/wp\/v2\/users\/14"}],"replies":[{"embeddable":true,"href":"https:\/\/latam.ptcbio.com\/es\/wp-json\/wp\/v2\/comments?post=9220"}],"version-history":[{"count":3,"href":"https:\/\/latam.ptcbio.com\/es\/wp-json\/wp\/v2\/pages\/9220\/revisions"}],"predecessor-version":[{"id":16998,"href":"https:\/\/latam.ptcbio.com\/es\/wp-json\/wp\/v2\/pages\/9220\/revisions\/16998"}],"wp:attachment":[{"href":"https:\/\/latam.ptcbio.com\/es\/wp-json\/wp\/v2\/media?parent=9220"}],"curies":[{"name":"wp","href":"https:\/\/api.w.org\/{rel}","templated":true}]}}