{"id":9010,"date":"2022-12-16T23:43:34","date_gmt":"2022-12-16T23:43:34","guid":{"rendered":"https:\/\/latam.ptcbio.com\/es\/?page_id=9010"},"modified":"2026-02-18T10:39:45","modified_gmt":"2026-02-18T14:39:45","slug":"contactanos","status":"publish","type":"page","link":"https:\/\/latam.ptcbio.com\/es\/contactanos\/","title":{"rendered":"Cont\u00e1ctanos"},"content":{"rendered":"<div class=\"hero-header__outer-container\">\n\n\t<div class=\"hero hero--styled color-theme--light-blue hero--no-image hero--normal-spacing\">\n\t\t\t\t\t\t\t\t\t\t<div class=\"hero__inner hero__inner--center\">\n\t\t\t<div class=\"hero__content hero__content--center hero__content--no-image\">\n\t\t\t\t\t\t\t\t\t\t\t\t\t\t\t\t<div class=\"u-mt-1 u-my-2\"><h1 class=\"hero__title hero__title--standard\" data-ptc-fitty=\"\">Cont\u00e1ctanos<\/h1><\/div>\n\t\t\t\t\t\t\t\t\t\t\t\t<div class=\"hero__subtitle\">\u00a1Queremos escucharte! La comunicaci\u00f3n es fundamental para nuestro \u00e9xito global.<\/div>\n\t\t\t\t\t\t\t\t\t\t\t<\/div>\n\t\t\t\t\t<\/div>\n\t\t\t<\/div>\n\t\t\t<div class=\"hero__breadcrumbs\"><nav\n\tclass=\"breadcrumbs breadcrumbs--shallow\"\n\taria-label=\"Breadcrumb\"\n>\n\t<ol class=\"breadcrumbs__list\" itemscope itemtype=\"https:\/\/schema.org\/BreadcrumbList\">\n\t\t\t\t\t\t\t\t\t<li class=\"breadcrumbs__crumb breadcrumbs__crumb--dark\" itemscope itemprop=\"itemListElement\" itemtype=\"https:\/\/schema.org\/ListItem\">\n\t\t\t\t\t\t\t\t\t\t\t<a class=\"breadcrumbs__link breadcrumbs__link--home breadcrumbs__link--dark\" itemprop=\"item\" href=\"https:\/\/latam.ptcbio.com\/es\/\">\n\t\t\t\t\t\t\t<span class=\"sr-only\" itemprop=\"name\">P\u00e1gina principal<\/span>\n\t\t\t\t\t\t<\/a>\n\t\t\t\t\t\t\t\t\t\t<meta itemprop=\"position\" content=\"1\" \/>\n\t\t\t\t<\/li>\n\t\t\t\t\t\t\t\t\t\t\t<\/ol>\n<\/nav>\n<\/div>\n\t<\/div>\n\n\n\n<h2 class=\"wp-block-heading\" id=\"h-sede-corporativa\">Sede Corporativa<\/h2>\n\n\n\n<p class=\"core-block core-paragraph\"><strong>PTC Therapeutics, Inc.<\/strong><br>500 Warren Corporate Center Drive<br>Warren, NJ 07059<br>Tel\u00e9fono: +1 908 222 7000<\/p>\n\n\n\n<p class=\"core-block core-paragraph\"><strong>Consultas por regi\u00f3n:<\/strong><br><strong>Para consultas sobre otros pa\u00edses de Am\u00e9rica Latina (hispanohablantes)<\/strong>: <a href=\"mailto:infolatam@ptcbio.com\">infolatam@ptcbio.com<\/a><br><strong>Para consultas sobre Brasil:<\/strong> <a href=\"mailto:infobrasil@ptcbio.com\">infobrasil@ptcbio.com<\/a><br><strong>Para consultas generales<\/strong>: <a href=\"mailto:info@ptcbio.com\">info@ptcbio.com<\/a><br><strong>Para pacientes y familias<\/strong>: <a href=\"mailto:PatientInfo@ptcbio.com\">PatientInfo@ptcbio.com<\/a><br><strong>Para inversionistas:<\/strong> <a href=\"http:\/\/ir.ptcbio.com\/contactus.cfm\">Formulario de Contact<\/a><br><strong>Para consultas de desarrollo de negocios<\/strong>: <a href=\"mailto:Partnering@ptcbio.com\">Partnering@ptcbio.com<\/a><\/p>\n\n\n\n<p class=\"core-block core-paragraph\"><strong>Para m\u00e9dicos con base en:<\/strong><br><strong>Am\u00e9rica Latina (hispanohablantes)<\/strong>: <a href=\"mailto:latammedinfo@ptcbio.com\">latammedinfo@ptcbio.com<\/a> <br><strong>Brasil<\/strong>: <a href=\"mailto:brasilmedinfo@ptcbio.com\">brasilmedinfo@ptcbio.com<\/a><br><\/p>\n\n\n\n<h2 class=\"wp-block-heading\" id=\"h-sede-internacional\">Sede Internacional<\/h2>\n\n\n\n<p class=\"core-block core-paragraph\"><strong>PTC Therapeutics International Limited<\/strong><br>Unidad 1, 52-55 Sir John Rogerson\u2019s Quay<br>Dubl\u00edn 2<br>D02 NA07<br>Irlanda<br>Tel\u00e9fono: +353 1 906 8700<br><a href=\"https:\/\/www.ptcbio.ie\">www.ptcbio.ie<\/a><\/p>\n\n\n<div  class=\"two-up container--max-width color-theme--light-blue\">\n\t\t\t<div class=\"two-up__heading\" style=\"--ptc--heading--bg: var(--wp--preset--color--purple-steel );\" >\n\t\t\t<span>\n\t\t\t\t<h2 class=\"two-up__heading-text heading--2\" data-ptc-fitty=\"\">Nuestras oficinas en Am\u00e9rica Latina<\/h2>\n\t\t\t<\/span>\n\t\t<\/div>\n\t\n\t<div class=\"two-up__blocks two-up__blocks--2 two-up__blocks--top\" style=\"--ptc--2up-cols:2\" >\n\t\t\t\t\t\n\t\t\t<div class=\"two-up__block two-up__block-- \">\n\t\t\t\t\t\t\t\t\t\t\t\t\t\t\t\t\t\t\t\t\t<div class=\"two-up__block-wrapper\">\n\t\t\t\t\t\t\t\t\t\t<div class=\"two-up__block__title\">\n\t\t\t\t\t\t<span class=\"heading--4\" data-ptc-fitty=\"\">Argentina<\/span>\n\t\t\t\t\t<\/div>\n\t\t\t\t\t\t\t\t\t\t<div class=\"two-up__block__text body-copy--2\">\n\t\t\t\t\t\tPTC Therapeutics S.A.<br \/>\r\nLibertador Ave. 1002 \u2013 1st floor \u2013 1.103 office \u2013 WeWork building<br \/>\r\nVicente Lopez (B1638BEV) \u2013 Buenos Aires- Argentina\t\t\t\t\t<\/div>\n\t\t\t\t\t\t\t\t\t<\/div>\n\t\t\t<\/div>\n\t\t\t\t\t\n\t\t\t<div class=\"two-up__block two-up__block-- \">\n\t\t\t\t\t\t\t\t\t\t\t\t\t\t\t\t\t\t\t\t\t<div class=\"two-up__block-wrapper\">\n\t\t\t\t\t\t\t\t\t\t<div class=\"two-up__block__title\">\n\t\t\t\t\t\t<span class=\"heading--4\" data-ptc-fitty=\"\">Brasil<\/span>\n\t\t\t\t\t<\/div>\n\t\t\t\t\t\t\t\t\t\t<div class=\"two-up__block__text body-copy--2\">\n\t\t\t\t\t\tPTC Farmac\u00eautica do Brasil Ltda.<br \/>\r\nRua Castilho, 392 \u2013 17\u00ba andar \u2013 Brooklin<br \/>\r\nS\u00e3o Paulo<br \/>\r\n04568-010\t\t\t\t\t<\/div>\n\t\t\t\t\t\t\t\t\t<\/div>\n\t\t\t<\/div>\n\t\t\t\t\t\n\t\t\t<div class=\"two-up__block two-up__block-- \">\n\t\t\t\t\t\t\t\t\t\t\t\t\t\t\t\t\t\t\t\t\t<div class=\"two-up__block-wrapper\">\n\t\t\t\t\t\t\t\t\t\t<div class=\"two-up__block__title\">\n\t\t\t\t\t\t<span class=\"heading--4\" data-ptc-fitty=\"\">Colombia<\/span>\n\t\t\t\t\t<\/div>\n\t\t\t\t\t\t\t\t\t\t<div class=\"two-up__block__text body-copy--2\">\n\t\t\t\t\t\tPTC Therapeutics Colombia SAS<br \/>\r\nCarrera 7 #116-50, piso 4 \u2013 Sala 150 \u2013 Usaqu\u00e9n 110111<br \/>\r\nEdificio Wework \u2013 Flormorado Plaza<br \/>\r\nBogot\u00e1, Colombia\t\t\t\t\t<\/div>\n\t\t\t\t\t\t\t\t\t<\/div>\n\t\t\t<\/div>\n\t\t\t\t\t\n\t\t\t<div class=\"two-up__block two-up__block-- \">\n\t\t\t\t\t\t\t\t\t\t\t\t\t\t\t\t\t\t\t\t\t<div class=\"two-up__block-wrapper\">\n\t\t\t\t\t\t\t\t\t\t<div class=\"two-up__block__title\">\n\t\t\t\t\t\t<span class=\"heading--4\" data-ptc-fitty=\"\">M\u00e9xico<\/span>\n\t\t\t\t\t<\/div>\n\t\t\t\t\t\t\t\t\t\t<div class=\"two-up__block__text body-copy--2\">\n\t\t\t\t\t\tPTC Therapeutics M\u00e9xico S DE RL DE CV <br \/>\r\nAv. Santa Fe 94, Torre A, Piso 8, Oficina 810 <br \/>\r\nZedec, \u00c1lvaro Obreg\u00f3n <br \/>\r\nCiudad de M\u00e9xico <br \/>\r\n01210\t\t\t\t\t<\/div>\n\t\t\t\t\t\t\t\t\t<\/div>\n\t\t\t<\/div>\n\t\t\t<\/div>\n<\/div>\n\n\n\n<div class=\"wp-block-mg-align-button aligncenter\"><a href=\"https:\/\/www.ptcbio.com\/contact-us\/\" class=\"btn btn--primary\" target=\"_blank\" rel=\"noopener noreferrer\">Para otras ubicaciones, haz clic aqu\u00ed<\/a><\/div>\n\n\n\n<p class=\"core-block core-paragraph\"><\/p>\n","protected":false},"excerpt":{"rendered":"<p>Sede Corporativa PTC Therapeutics, Inc.500 Warren Corporate Center DriveWarren, NJ 07059Tel\u00e9fono: +1 908 222 7000 Consultas por regi\u00f3n:Para consultas sobre otros pa\u00edses de Am\u00e9rica Latina (hispanohablantes): infolatam@ptcbio.comPara consultas sobre Brasil: infobrasil@ptcbio.comPara consultas generales: info@ptcbio.comPara pacientes y familias: PatientInfo@ptcbio.comPara inversionistas: Formulario de ContactPara consultas de desarrollo de negocios: Partnering@ptcbio.com Para m\u00e9dicos con base en:Am\u00e9rica Latina (hispanohablantes):&hellip;<\/p>\n","protected":false},"author":14,"featured_media":0,"parent":0,"menu_order":0,"comment_status":"closed","ping_status":"closed","template":"","meta":{"_acf_changed":true,"footnotes":""},"class_list":["post-9010","page","type-page","status-publish","hentry"],"acf":[],"yoast_head":"<!-- This site is optimized with the Yoast SEO Premium plugin v27.2 (Yoast SEO v27.2) - https:\/\/yoast.com\/product\/yoast-seo-premium-wordpress\/ -->\n<title>Cont\u00e1ctanos - PTC Therapeutics (LATAM-Spanish)<\/title>\n<meta name=\"robots\" content=\"index, follow, max-snippet:-1, max-image-preview:large, max-video-preview:-1\" \/>\n<link rel=\"canonical\" href=\"https:\/\/latam.ptcbio.com\/es\/contactanos\/\" \/>\n<meta property=\"og:locale\" content=\"es_ES\" \/>\n<meta property=\"og:type\" content=\"article\" \/>\n<meta property=\"og:title\" content=\"Cont\u00e1ctanos\" \/>\n<meta property=\"og:description\" content=\"Sede Corporativa PTC Therapeutics, Inc.500 Warren Corporate Center DriveWarren, NJ 07059Tel\u00e9fono: +1 908 222 7000 Consultas por regi\u00f3n:Para consultas sobre otros pa\u00edses de Am\u00e9rica Latina (hispanohablantes): infolatam@ptcbio.comPara consultas sobre Brasil: infobrasil@ptcbio.comPara consultas generales: info@ptcbio.comPara pacientes y familias: PatientInfo@ptcbio.comPara inversionistas: Formulario de ContactPara consultas de desarrollo de negocios: Partnering@ptcbio.com Para m\u00e9dicos con base en:Am\u00e9rica Latina (hispanohablantes):&hellip;\" \/>\n<meta property=\"og:url\" content=\"https:\/\/latam.ptcbio.com\/es\/contactanos\/\" \/>\n<meta property=\"og:site_name\" content=\"PTC Therapeutics (LATAM-Spanish)\" \/>\n<meta property=\"article:publisher\" content=\"https:\/\/www.facebook.com\/PTCTherapeutics\" \/>\n<meta property=\"article:modified_time\" content=\"2026-02-18T14:39:45+00:00\" \/>\n<meta name=\"twitter:card\" content=\"summary_large_image\" \/>\n<meta name=\"twitter:site\" content=\"@PTCBio\" \/>\n<meta name=\"twitter:label1\" content=\"Tiempo de lectura\" \/>\n\t<meta name=\"twitter:data1\" content=\"1 minuto\" \/>\n<script type=\"application\/ld+json\" class=\"yoast-schema-graph\">{\"@context\":\"https:\/\/schema.org\",\"@graph\":[{\"@type\":\"WebPage\",\"@id\":\"https:\/\/latam.ptcbio.com\/es\/contactanos\/\",\"url\":\"https:\/\/latam.ptcbio.com\/es\/contactanos\/\",\"name\":\"Cont\u00e1ctanos - PTC Therapeutics (LATAM-Spanish)\",\"isPartOf\":{\"@id\":\"https:\/\/latam.ptcbio.com\/es\/#website\"},\"datePublished\":\"2022-12-16T23:43:34+00:00\",\"dateModified\":\"2026-02-18T14:39:45+00:00\",\"breadcrumb\":{\"@id\":\"https:\/\/latam.ptcbio.com\/es\/contactanos\/#breadcrumb\"},\"inLanguage\":\"es\",\"potentialAction\":[{\"@type\":\"ReadAction\",\"target\":[\"https:\/\/latam.ptcbio.com\/es\/contactanos\/\"]}]},{\"@type\":\"BreadcrumbList\",\"@id\":\"https:\/\/latam.ptcbio.com\/es\/contactanos\/#breadcrumb\",\"itemListElement\":[{\"@type\":\"ListItem\",\"position\":1,\"name\":\"Home\",\"item\":\"https:\/\/latam.ptcbio.com\/es\/\"},{\"@type\":\"ListItem\",\"position\":2,\"name\":\"Cont\u00e1ctanos\"}]},{\"@type\":\"WebSite\",\"@id\":\"https:\/\/latam.ptcbio.com\/es\/#website\",\"url\":\"https:\/\/latam.ptcbio.com\/es\/\",\"name\":\"PTC Therapeutics, Inc.\",\"description\":\"\",\"publisher\":{\"@id\":\"https:\/\/latam.ptcbio.com\/es\/#organization\"},\"potentialAction\":[{\"@type\":\"SearchAction\",\"target\":{\"@type\":\"EntryPoint\",\"urlTemplate\":\"https:\/\/latam.ptcbio.com\/es\/?s={search_term_string}\"},\"query-input\":{\"@type\":\"PropertyValueSpecification\",\"valueRequired\":true,\"valueName\":\"search_term_string\"}}],\"inLanguage\":\"es\"},{\"@type\":\"Organization\",\"@id\":\"https:\/\/latam.ptcbio.com\/es\/#organization\",\"name\":\"PTC Therapeutics, Inc.\",\"url\":\"https:\/\/latam.ptcbio.com\/es\/\",\"logo\":{\"@type\":\"ImageObject\",\"inLanguage\":\"es\",\"@id\":\"https:\/\/latam.ptcbio.com\/es\/#\/schema\/logo\/image\/\",\"url\":null,\"contentUrl\":null,\"width\":null,\"height\":null,\"caption\":\"PTC Therapeutics, Inc.\"},\"image\":{\"@id\":\"https:\/\/latam.ptcbio.com\/es\/#\/schema\/logo\/image\/\"},\"sameAs\":[\"https:\/\/www.facebook.com\/PTCTherapeutics\",\"https:\/\/x.com\/PTCBio\"]}]}<\/script>\n<!-- \/ Yoast SEO Premium plugin. -->","yoast_head_json":{"title":"Cont\u00e1ctanos - PTC Therapeutics (LATAM-Spanish)","robots":{"index":"index","follow":"follow","max-snippet":"max-snippet:-1","max-image-preview":"max-image-preview:large","max-video-preview":"max-video-preview:-1"},"canonical":"https:\/\/latam.ptcbio.com\/es\/contactanos\/","og_locale":"es_ES","og_type":"article","og_title":"Cont\u00e1ctanos","og_description":"Sede Corporativa PTC Therapeutics, Inc.500 Warren Corporate Center DriveWarren, NJ 07059Tel\u00e9fono: +1 908 222 7000 Consultas por regi\u00f3n:Para consultas sobre otros pa\u00edses de Am\u00e9rica Latina (hispanohablantes): infolatam@ptcbio.comPara consultas sobre Brasil: infobrasil@ptcbio.comPara consultas generales: info@ptcbio.comPara pacientes y familias: PatientInfo@ptcbio.comPara inversionistas: Formulario de ContactPara consultas de desarrollo de negocios: Partnering@ptcbio.com Para m\u00e9dicos con base en:Am\u00e9rica Latina (hispanohablantes):&hellip;","og_url":"https:\/\/latam.ptcbio.com\/es\/contactanos\/","og_site_name":"PTC Therapeutics (LATAM-Spanish)","article_publisher":"https:\/\/www.facebook.com\/PTCTherapeutics","article_modified_time":"2026-02-18T14:39:45+00:00","twitter_card":"summary_large_image","twitter_site":"@PTCBio","twitter_misc":{"Tiempo de lectura":"1 minuto"},"schema":{"@context":"https:\/\/schema.org","@graph":[{"@type":"WebPage","@id":"https:\/\/latam.ptcbio.com\/es\/contactanos\/","url":"https:\/\/latam.ptcbio.com\/es\/contactanos\/","name":"Cont\u00e1ctanos - PTC Therapeutics (LATAM-Spanish)","isPartOf":{"@id":"https:\/\/latam.ptcbio.com\/es\/#website"},"datePublished":"2022-12-16T23:43:34+00:00","dateModified":"2026-02-18T14:39:45+00:00","breadcrumb":{"@id":"https:\/\/latam.ptcbio.com\/es\/contactanos\/#breadcrumb"},"inLanguage":"es","potentialAction":[{"@type":"ReadAction","target":["https:\/\/latam.ptcbio.com\/es\/contactanos\/"]}]},{"@type":"BreadcrumbList","@id":"https:\/\/latam.ptcbio.com\/es\/contactanos\/#breadcrumb","itemListElement":[{"@type":"ListItem","position":1,"name":"Home","item":"https:\/\/latam.ptcbio.com\/es\/"},{"@type":"ListItem","position":2,"name":"Cont\u00e1ctanos"}]},{"@type":"WebSite","@id":"https:\/\/latam.ptcbio.com\/es\/#website","url":"https:\/\/latam.ptcbio.com\/es\/","name":"PTC Therapeutics, Inc.","description":"","publisher":{"@id":"https:\/\/latam.ptcbio.com\/es\/#organization"},"potentialAction":[{"@type":"SearchAction","target":{"@type":"EntryPoint","urlTemplate":"https:\/\/latam.ptcbio.com\/es\/?s={search_term_string}"},"query-input":{"@type":"PropertyValueSpecification","valueRequired":true,"valueName":"search_term_string"}}],"inLanguage":"es"},{"@type":"Organization","@id":"https:\/\/latam.ptcbio.com\/es\/#organization","name":"PTC Therapeutics, Inc.","url":"https:\/\/latam.ptcbio.com\/es\/","logo":{"@type":"ImageObject","inLanguage":"es","@id":"https:\/\/latam.ptcbio.com\/es\/#\/schema\/logo\/image\/","url":null,"contentUrl":null,"width":null,"height":null,"caption":"PTC Therapeutics, Inc."},"image":{"@id":"https:\/\/latam.ptcbio.com\/es\/#\/schema\/logo\/image\/"},"sameAs":["https:\/\/www.facebook.com\/PTCTherapeutics","https:\/\/x.com\/PTCBio"]}]}},"_links":{"self":[{"href":"https:\/\/latam.ptcbio.com\/es\/wp-json\/wp\/v2\/pages\/9010","targetHints":{"allow":["GET"]}}],"collection":[{"href":"https:\/\/latam.ptcbio.com\/es\/wp-json\/wp\/v2\/pages"}],"about":[{"href":"https:\/\/latam.ptcbio.com\/es\/wp-json\/wp\/v2\/types\/page"}],"author":[{"embeddable":true,"href":"https:\/\/latam.ptcbio.com\/es\/wp-json\/wp\/v2\/users\/14"}],"replies":[{"embeddable":true,"href":"https:\/\/latam.ptcbio.com\/es\/wp-json\/wp\/v2\/comments?post=9010"}],"version-history":[{"count":3,"href":"https:\/\/latam.ptcbio.com\/es\/wp-json\/wp\/v2\/pages\/9010\/revisions"}],"predecessor-version":[{"id":16958,"href":"https:\/\/latam.ptcbio.com\/es\/wp-json\/wp\/v2\/pages\/9010\/revisions\/16958"}],"wp:attachment":[{"href":"https:\/\/latam.ptcbio.com\/es\/wp-json\/wp\/v2\/media?parent=9010"}],"curies":[{"name":"wp","href":"https:\/\/api.w.org\/{rel}","templated":true}]}}