{"id":9006,"date":"2022-12-16T23:18:20","date_gmt":"2022-12-16T23:18:20","guid":{"rendered":"https:\/\/latam.ptcbio.com\/es\/?page_id=9006"},"modified":"2025-08-22T12:18:33","modified_gmt":"2025-08-22T16:18:33","slug":"nuestra-responsabilidad","status":"publish","type":"page","link":"https:\/\/latam.ptcbio.com\/es\/sobre-ptc\/nuestra-responsabilidad\/","title":{"rendered":"Nuestra Responsabilidad"},"content":{"rendered":"<div class=\"hero-header__outer-container\">\n\n\t<div class=\"hero hero--styled color-theme--light-blue hero--no-image hero--normal-spacing\">\n\t\t\t\t\t\t\t\t\t\t<div class=\"hero__inner hero__inner--center\">\n\t\t\t<div class=\"hero__content hero__content--center hero__content--no-image\">\n\t\t\t\t\t\t\t\t\t\t\t\t<div class=\"hero__eyebrow\">Responsabilidad Corporativa<\/div>\n\t\t\t\t\t\t\t\t\t\t\t\t<div class=\"u-mt-1 u-my-2\"><h1 class=\"hero__title hero__title--standard\" data-ptc-fitty=\"\">Ambiental, Social y Gobernanza<\/h1><\/div>\n\t\t\t\t\t\t\t\t\t\t\t\t<div class=\"hero__subtitle\">Nos tomamos muy en serio nuestras responsabilidades relacionadas con la gesti\u00f3n ambiental, la responsabilidad social y la gobernanza corporativa. El compromiso de PTC con la responsabilidad corporativa est\u00e1 enfocado en cinco pilares principales: nuestros pacientes, nuestra gente, nuestra comunidad, nuestro medio ambiente y nuestros valores.<\/div>\n\t\t\t\t\t\t\t\t\t<div class=\"dual-cta__ctas dual-cta__ctas--center\">\n\n\t\t\t\t\t<a href=\"https:\/\/ir.ptcbio.com\/static-files\/ee74083c-52dd-41da-b0a4-1a1a742cb17c\" target=\"_blank\" class=\"dual-cta__button text-cta text-cta--primary-2\">Consulte m\u00e1s informaci\u00f3n en nuestro informe 2024 (PDF)<\/a>\n\t\t\n\t\t\n\t\t\n\t<\/div>\n\t\t\t<\/div>\n\t\t\t\t\t<\/div>\n\t\t\t<\/div>\n\t\t\t<div class=\"hero__breadcrumbs\"><nav\n\tclass=\"breadcrumbs breadcrumbs--deep\"\n\taria-label=\"Breadcrumb\"\n>\n\t<ol class=\"breadcrumbs__list\" itemscope itemtype=\"https:\/\/schema.org\/BreadcrumbList\">\n\t\t\t\t\t\t\t\t\t<li class=\"breadcrumbs__crumb breadcrumbs__crumb--dark\" itemscope itemprop=\"itemListElement\" itemtype=\"https:\/\/schema.org\/ListItem\">\n\t\t\t\t\t\t\t\t\t\t\t<a class=\"breadcrumbs__link breadcrumbs__link--home breadcrumbs__link--dark\" itemprop=\"item\" href=\"https:\/\/latam.ptcbio.com\/es\/\">\n\t\t\t\t\t\t\t<span class=\"sr-only\" itemprop=\"name\">P\u00e1gina principal<\/span>\n\t\t\t\t\t\t<\/a>\n\t\t\t\t\t\t\t\t\t\t<meta itemprop=\"position\" content=\"1\" \/>\n\t\t\t\t<\/li>\n\t\t\t\t\t\t\t\t\t\t\t\t<li class=\"breadcrumbs__crumb breadcrumbs__crumb--dark\" itemscope itemprop=\"itemListElement\" itemtype=\"https:\/\/schema.org\/ListItem\">\n\t\t\t\t\t\t\t\t\t\t\t\t\t\t\t\t\t\t<a\n\t\t\t\t\t\t\t\tclass=\"breadcrumbs__link\" itemprop=\"item\"\n\t\t\t\t\t\t\t\thref=\"https:\/\/latam.ptcbio.com\/es\/sobre-ptc\/\"\n\t\t\t\t\t\t\t\t\t\t\t\t\t\t\t>\n\t\t\t\t\t\t\t\t\t\t\t\t\t\t\t<span itemprop=\"name\">Sobre PTC<\/span>\n\t\t\t\t\t\t\t\t\t\t\t\t\t\t<\/a>\n\t\t\t\t\t\t\t\t\t\t\t\t\t\t\t\t<meta itemprop=\"position\" content=\"2\" \/>\n\t\t\t\t<\/li>\n\t\t\t\t\t\t\t\t\t\t\t\t<li class=\"breadcrumbs__crumb breadcrumbs__crumb--dark\" itemscope itemprop=\"itemListElement\" itemtype=\"https:\/\/schema.org\/ListItem\">\n\t\t\t\t\t\t\t\t\t\t\t\t\t\t\t\t\t\t<span\n\t\t\t\t\t\t\t\tclass=\"breadcrumbs__current\" itemprop=\"item\"\n\t\t\t\t\t\t\t\taria-current=\"page\"\t\t\t\t\t\t\t>\n\t\t\t\t\t\t\t\t<span itemprop=\"name\">Nuestra Responsabilidad<\/span>\n\t\t\t\t\t\t\t<\/span>\n\t\t\t\t\t\t\t\t\t\t\t\t\t\t\t\t<meta itemprop=\"position\" content=\"3\" \/>\n\t\t\t\t<\/li>\n\t\t\t\t\t\t<\/ol>\n<\/nav>\n<\/div>\n\t<\/div>\n\n\n\n<div style=\"--mg-spacer-desktop: 100px; --mg-spacer-mobile: 50px; height: var(--mg-spacer-desktop);\" aria-hidden=\"true\" class=\"mg-spacer--responsive wp-block-spacer\"><\/div>\n\n\n<div class=\"alignfull wp-block-acf-seven-five-split\">\t<div class=\"seven-five__inner container container--padded container--max-width seven-five__inner--center seven-five__inner--left\">\n\t\t<div class=\"seven-five__wrapper\">\n\t\t\t\t\t\t\t<div class=\"seven-five__subheading heading--6\">Nuestros Pacientes<\/div>\n\t\t\t\n\t\t\t\t\t\t\t<h2 class=\"seven-five__heading heading--3\">Estamos profundamente comprometidos con ni\u00f1os y adultos que viven con enfermedades poco frecuentes y que tienen pocas o ninguna opci\u00f3n de tratamiento.<\/h2>\n\t\t\t\n\t\t\t\t\t\t\t<div class=\"seven-five__description wysiwyg wysiwyg--pure body-copy--1\"><p data-ccp-props=\"{&quot;335551550&quot;:1,&quot;335551620&quot;:1,&quot;335559683&quot;:0,&quot;335559685&quot;:0,&quot;335559731&quot;:0,&quot;335559737&quot;:0,&quot;335562764&quot;:2,&quot;335562765&quot;:1,&quot;335562766&quot;:4,&quot;335562767&quot;:0,&quot;335562768&quot;:4,&quot;335562769&quot;:0}\">Trabajamos arduamente para brindar apoyo a los pacientes y sus familias a trav\u00e9s de una colaboraci\u00f3n emp\u00e1tica durante todo el proceso de desarrollo de medicamentos. Nos esforzamos por comprender profundamente la trayectoria de la enfermedad del paciente y por involucrarlos en cada etapa del camino \u2013 desde la investigaci\u00f3n y el desarrollo iniciales, hasta los ensayos cl\u00ednicos, la comercializaci\u00f3n y los programas de apoyo.<\/p>\n<\/div>\n\t\t\t\n\t\t\t\t\t<\/div>\n\n\t\t\t\t\t<div class=\"seven-five__image-outer\" >\n\t\t\t<img loading=\"lazy\" decoding=\"async\" width=\"478\" height=\"340\" src=\"https:\/\/latam.ptcbio.com\/es\/wp-content\/uploads\/sites\/24\/2022\/12\/our-patients-responsibility.png\" class=\"seven-five__image\" alt=\"Child smiling at camera\" sizes=\"auto, (min-width: 1920px) 576px, (min-width: 1440px) 552px, (min-width: 1200px) 456px, (min-width: 900px) 344px, (min-width: 768px) 720px, (min-width: 600px) 540px, 100vw\" srcset=\"https:\/\/latam.ptcbio.com\/es\/wp-content\/uploads\/sites\/24\/2022\/12\/our-patients-responsibility.png 478w, https:\/\/latam.ptcbio.com\/es\/wp-content\/uploads\/sites\/24\/2022\/12\/our-patients-responsibility-300x213.png 300w, https:\/\/latam.ptcbio.com\/es\/wp-content\/uploads\/sites\/24\/2022\/12\/our-patients-responsibility-400x285.png 400w\" \/>\t\t\t<\/div>\n\t\t\n\t<\/div>\n<\/div>\n\n\n<div style=\"--mg-spacer-desktop: 100px; --mg-spacer-mobile: 50px; height: var(--mg-spacer-desktop);\" aria-hidden=\"true\" class=\"mg-spacer--responsive wp-block-spacer\"><\/div>\n\n\n\n\n<div  class=\"image-text color-theme--purple-steel\">\n\n\t\t\t<div class=\"image-text__background image-text__background--fixed\" style=\"background-image: url('https:\/\/latam.ptcbio.com\/es\/wp-content\/uploads\/sites\/24\/2022\/12\/our-responsibility-trees.png') !important;\"><\/div>\n\t\n\t<div class=\"image-text__inner\" data-aos=\"\">\n\t\t<div class=\"image-text__content\">\n\n\t\t\t\t\t\t\t<div class=\"image-text__subheading heading--6\">\n\t\t\t\t\tNuestro Medio Ambiente\t\t\t\t<\/div>\n\t\t\t\n\t\t\t\t\t\t\t<div class=\"image-text__heading heading--2\">\n\t\t\t\t\tCuidar de nuestras comunidades tambi\u00e9n significa cuidar del medio ambiente.\t\t\t\t<\/div>\n\t\t\t\n\t\t\t\t\t\t\t<div class=\"wysiwyg wysiwyg--pure\">\n\t\t\t\t\t<p>Como empresa basada en ciencia, entendemos el impacto que tenemos en el planeta. Nos esforzamos por ser ciudadanos responsables del mundo y adoptar cambios que contribuyan a mejorar el medio ambiente.<\/p>\n\t\t\t\t<\/div>\n\t\t\t\t\t<\/div>\n\t<\/div>\n<\/div>\n\n\n\n<div style=\"--mg-spacer-desktop: 100px; --mg-spacer-mobile: 50px; height: var(--mg-spacer-desktop);\" aria-hidden=\"true\" class=\"mg-spacer--responsive wp-block-spacer\"><\/div>\n\n\n<div class=\"alignfull wp-block-acf-seven-five-split\">\t<div class=\"seven-five__inner container container--padded container--max-width seven-five__inner--center seven-five__inner--left\">\n\t\t<div class=\"seven-five__wrapper\">\n\t\t\t\t\t\t\t<div class=\"seven-five__subheading heading--6\">Nuestra Gente<\/div>\n\t\t\t\n\t\t\t\t\t\t\t<h2 class=\"seven-five__heading heading--3\">Nuestra profunda pasi\u00f3n por los pacientes nos impulsa a pensar de manera diferente sobre las soluciones y a trabajar de forma colaborativa como OnePTC.<\/h2>\n\t\t\t\n\t\t\t\t\t\t\t<div class=\"seven-five__description wysiwyg wysiwyg--pure body-copy--1\"><p>En PTC, invertimos en nuestra gente y destinamos recursos al desarrollo y aprendizaje continuo, garantizando que nuestros empleados se sientan apoyados y empoderados en sus trayectorias profesionales. Nos comprometemos con el desarrollo de un liderazgo diverso y con la formaci\u00f3n constante de nuestros equipos.<\/p>\n<\/div>\n\t\t\t\n\t\t\t\t\t<\/div>\n\n\t\t\t\t\t<div class=\"seven-five__image-outer\" >\n\t\t\t<img loading=\"lazy\" decoding=\"async\" width=\"478\" height=\"372\" src=\"https:\/\/latam.ptcbio.com\/es\/wp-content\/uploads\/sites\/24\/2022\/12\/responsibility-leadership-callout.png\" class=\"seven-five__image\" alt=\"Working in the lab\" sizes=\"auto, (min-width: 1920px) 576px, (min-width: 1440px) 552px, (min-width: 1200px) 456px, (min-width: 900px) 344px, (min-width: 768px) 720px, (min-width: 600px) 540px, 100vw\" srcset=\"https:\/\/latam.ptcbio.com\/es\/wp-content\/uploads\/sites\/24\/2022\/12\/responsibility-leadership-callout.png 478w, https:\/\/latam.ptcbio.com\/es\/wp-content\/uploads\/sites\/24\/2022\/12\/responsibility-leadership-callout-300x233.png 300w, https:\/\/latam.ptcbio.com\/es\/wp-content\/uploads\/sites\/24\/2022\/12\/responsibility-leadership-callout-400x311.png 400w\" \/>\t\t\t<\/div>\n\t\t\n\t<\/div>\n<\/div>\n\n\n\n<div  class=\"image-text color-theme--white\">\n\n\t\t\t<div class=\"image-text__background image-text__background--fixed\" style=\"background-image: url('https:\/\/latam.ptcbio.com\/es\/wp-content\/uploads\/sites\/24\/2024\/05\/ourCommunity.png') !important;\"><\/div>\n\t\n\t<div class=\"image-text__inner\" data-aos=\"\">\n\t\t<div class=\"image-text__content\">\n\n\t\t\t\t\t\t\t<div class=\"image-text__subheading heading--6\">\n\t\t\t\t\tNuestra Comunidad\t\t\t\t<\/div>\n\t\t\t\n\t\t\t\t\t\t\t<div class=\"image-text__heading heading--2\">\n\t\t\t\t\tNos esforzamos por responder a las necesidades de las personas en nuestras comunidades.\t\t\t\t<\/div>\n\t\t\t\n\t\t\t\t\t\t\t<div class=\"wysiwyg wysiwyg--pure\">\n\t\t\t\t\t<p>Fomentamos que nuestros colaboradores marquen la diferencia tanto dentro como fuera de la empresa \u2014lo cual incluye retribuir a nuestras comunidades locales y globales.<\/p>\n\t\t\t\t<\/div>\n\t\t\t\t\t<\/div>\n\t<\/div>\n<\/div>\n\n\n\n<div style=\"--mg-spacer-desktop: 100px; --mg-spacer-mobile: 50px; height: var(--mg-spacer-desktop);\" aria-hidden=\"true\" class=\"mg-spacer--responsive wp-block-spacer\"><\/div>\n\n\n\n<div  class=\"quote-block  color-theme--white\">\n\n\t\n\t<div class=\"quote-block__content\">\n\t\t<blockquote class=\"quote-block__text color-theme-border--white\">\n\t\t\t<div class=\"quote-block__heading heading--4\">\n\t\t\t\tEs una sensaci\u00f3n incre\u00edble cuando tu trabajo tiene un prop\u00f3sito que, al final, mejora la vida de otras personas. No hay nada que lo supere.\u201d\t\t\t<\/div>\n\t\t<\/blockquote>\n\n\t\t\t\t\t<cite class=\"quote-block__author quote-block__author--name\">\n\t\t\t\tMorteza Hosseynhi\t\t\t<\/cite>\n\t\t\n\t\t\t\t\t<cite class=\"quote-block__author quote-block__author--title\">\n\t\t\t\tQu\u00edmico Molecular\t\t\t<\/cite>\n\t\t\t<\/div>\n\n<\/div>\n\n\n\n<svg  class=\"wave-transition\" xmlns=\"http:\/\/www.w3.org\/2000\/svg\" viewBox=\"0 0 2560 168\" style=\"color:var(--wp--preset--color--white);\">\n\t<path fill=\"var(--wp--preset--color--denim-blue)\" d=\"M2560,168.25V.25C1941.9-6.65,1329.6,131.45,726,95.25S0,.25,0,.25V168.25H2560Z\"\/>\n<\/svg>\n\n\n<div class=\"alignfull wp-block-acf-five-seven-split\">\t<div class=\"five-seven__inner container container--padded container--max-width five-seven__inner--bottom five-seven__inner--right\">\n\t\t<div class=\"five-seven__wrapper\" data-aos=\"\">\n\n\t\t\t\t\t\t\t<div>\n\t\t\t\t\t\t\t\t\t\t\t<div class=\"five-seven__subheading heading--6\">\u00danete a nuestro equipo<\/div>\n\t\t\t\t\t\n\t\t\t\t\t\t\t\t\t\t\t\t\t\t\t\t\t\t<h3 class=\"five-seven__heading heading--2\">Amamos lo que hacemos.<\/h3>\n\t\t\t\t\t\t\t\t\t\t\t\t\t\t\t<\/div>\n\t\t\t\n\t\t\t\t\t\t\t<div class=\"five-seven__description\"><p>Los profesionales de PTC trabajan cada d\u00eda para cambiar la vida de los pacientes.<\/p>\n<p>Nos motiva el deseo de que los pacientes tengan m\u00e1s momentos con sus familias, algo que nuestras investigaciones y terapias pueden ayudar a hacer posible.<\/p>\n<p>Si est\u00e1s buscando un trabajo con prop\u00f3sito y colegas inspiradores, crece con nosotros.<\/p>\n<\/div>\n\t\t\t\n\t\t\t\n\t\t\t\t<div class=\"dual-cta__ctas dual-cta__ctas--same dual-cta__ctas--left\">\n\n\t\t\t\t\t<a href=\"https:\/\/latam.ptcbio.com\/es\/carreras\/\" target=\"\" class=\"dual-cta__button btn btn--dark-primary\">Conoce las oportunidades en PTC<\/a>\n\t\t\n\t\t\n\t\t\n\t<\/div>\n\t\t<\/div>\n\n\t\t\t\t\t<div class=\"five-seven__image-outer\" >\n\t\t\t<img loading=\"lazy\" decoding=\"async\" width=\"768\" height=\"384\" src=\"https:\/\/latam.ptcbio.com\/es\/wp-content\/uploads\/sites\/24\/2024\/07\/Lab_Employees2024-768x384.png\" class=\"five-seven__image\" alt=\"PTC Lab Employees\" sizes=\"auto, (min-width: 1920px) 836px, (min-width: 1440px) 801px, (min-width: 1200px) 662px, (min-width: 900px) 499px, (min-width: 768px) 720px, (min-width: 600px) 540px, 100vw\" srcset=\"https:\/\/latam.ptcbio.com\/es\/wp-content\/uploads\/sites\/24\/2024\/07\/Lab_Employees2024-768x384.png 768w, https:\/\/latam.ptcbio.com\/es\/wp-content\/uploads\/sites\/24\/2024\/07\/Lab_Employees2024-300x150.png 300w, https:\/\/latam.ptcbio.com\/es\/wp-content\/uploads\/sites\/24\/2024\/07\/Lab_Employees2024-1024x512.png 1024w, https:\/\/latam.ptcbio.com\/es\/wp-content\/uploads\/sites\/24\/2024\/07\/Lab_Employees2024-1536x769.png 1536w, https:\/\/latam.ptcbio.com\/es\/wp-content\/uploads\/sites\/24\/2024\/07\/Lab_Employees2024-2048x1025.png 2048w, https:\/\/latam.ptcbio.com\/es\/wp-content\/uploads\/sites\/24\/2024\/07\/Lab_Employees2024-400x200.png 400w, https:\/\/latam.ptcbio.com\/es\/wp-content\/uploads\/sites\/24\/2024\/07\/Lab_Employees2024-1920x960.png 1920w\" \/>\t\t\t<\/div>\n\t\t\t<\/div>\n\n\t<\/div>","protected":false},"excerpt":{"rendered":"","protected":false},"author":14,"featured_media":0,"parent":8994,"menu_order":3,"comment_status":"closed","ping_status":"closed","template":"","meta":{"_acf_changed":true,"footnotes":""},"class_list":["post-9006","page","type-page","status-publish","hentry"],"acf":[],"yoast_head":"<!-- This site is optimized with the Yoast SEO Premium plugin v27.2 (Yoast SEO v27.2) - https:\/\/yoast.com\/product\/yoast-seo-premium-wordpress\/ -->\n<title>PTC Therapeutics - Responsibilities and Global Initiatives<\/title>\n<meta name=\"description\" content=\"PTC is deeply committed to changing lives through rare disease treatment and development of novel treatment options for patients around the world.\" \/>\n<meta name=\"robots\" content=\"index, follow, max-snippet:-1, max-image-preview:large, max-video-preview:-1\" \/>\n<link rel=\"canonical\" href=\"https:\/\/latam.ptcbio.com\/es\/sobre-ptc\/nuestra-responsabilidad\/\" \/>\n<meta property=\"og:locale\" content=\"es_ES\" \/>\n<meta property=\"og:type\" content=\"article\" \/>\n<meta property=\"og:title\" content=\"Nuestra Responsabilidad\" \/>\n<meta property=\"og:description\" content=\"PTC is deeply committed to changing lives through rare disease treatment and development of novel treatment options for patients around the world.\" \/>\n<meta property=\"og:url\" content=\"https:\/\/latam.ptcbio.com\/es\/sobre-ptc\/nuestra-responsabilidad\/\" \/>\n<meta property=\"og:site_name\" content=\"PTC Therapeutics (LATAM-Spanish)\" \/>\n<meta property=\"article:publisher\" content=\"https:\/\/www.facebook.com\/PTCTherapeutics\" \/>\n<meta property=\"article:modified_time\" content=\"2025-08-22T16:18:33+00:00\" \/>\n<meta name=\"twitter:card\" content=\"summary_large_image\" \/>\n<meta name=\"twitter:site\" content=\"@PTCBio\" \/>\n<script type=\"application\/ld+json\" class=\"yoast-schema-graph\">{\"@context\":\"https:\/\/schema.org\",\"@graph\":[{\"@type\":\"WebPage\",\"@id\":\"https:\/\/latam.ptcbio.com\/es\/sobre-ptc\/nuestra-responsabilidad\/\",\"url\":\"https:\/\/latam.ptcbio.com\/es\/sobre-ptc\/nuestra-responsabilidad\/\",\"name\":\"PTC Therapeutics - Responsibilities and Global Initiatives\",\"isPartOf\":{\"@id\":\"https:\/\/latam.ptcbio.com\/es\/#website\"},\"datePublished\":\"2022-12-16T23:18:20+00:00\",\"dateModified\":\"2025-08-22T16:18:33+00:00\",\"description\":\"PTC is deeply committed to changing lives through rare disease treatment and development of novel treatment options for patients around the world.\",\"breadcrumb\":{\"@id\":\"https:\/\/latam.ptcbio.com\/es\/sobre-ptc\/nuestra-responsabilidad\/#breadcrumb\"},\"inLanguage\":\"es\",\"potentialAction\":[{\"@type\":\"ReadAction\",\"target\":[\"https:\/\/latam.ptcbio.com\/es\/sobre-ptc\/nuestra-responsabilidad\/\"]}]},{\"@type\":\"BreadcrumbList\",\"@id\":\"https:\/\/latam.ptcbio.com\/es\/sobre-ptc\/nuestra-responsabilidad\/#breadcrumb\",\"itemListElement\":[{\"@type\":\"ListItem\",\"position\":1,\"name\":\"Home\",\"item\":\"https:\/\/latam.ptcbio.com\/es\/\"},{\"@type\":\"ListItem\",\"position\":2,\"name\":\"Sobre PTC\",\"item\":\"https:\/\/latam.ptcbio.com\/es\/sobre-ptc\/\"},{\"@type\":\"ListItem\",\"position\":3,\"name\":\"Nuestra Responsabilidad\"}]},{\"@type\":\"WebSite\",\"@id\":\"https:\/\/latam.ptcbio.com\/es\/#website\",\"url\":\"https:\/\/latam.ptcbio.com\/es\/\",\"name\":\"PTC Therapeutics, Inc.\",\"description\":\"\",\"publisher\":{\"@id\":\"https:\/\/latam.ptcbio.com\/es\/#organization\"},\"potentialAction\":[{\"@type\":\"SearchAction\",\"target\":{\"@type\":\"EntryPoint\",\"urlTemplate\":\"https:\/\/latam.ptcbio.com\/es\/?s={search_term_string}\"},\"query-input\":{\"@type\":\"PropertyValueSpecification\",\"valueRequired\":true,\"valueName\":\"search_term_string\"}}],\"inLanguage\":\"es\"},{\"@type\":\"Organization\",\"@id\":\"https:\/\/latam.ptcbio.com\/es\/#organization\",\"name\":\"PTC Therapeutics, Inc.\",\"url\":\"https:\/\/latam.ptcbio.com\/es\/\",\"logo\":{\"@type\":\"ImageObject\",\"inLanguage\":\"es\",\"@id\":\"https:\/\/latam.ptcbio.com\/es\/#\/schema\/logo\/image\/\",\"url\":null,\"contentUrl\":null,\"width\":null,\"height\":null,\"caption\":\"PTC Therapeutics, Inc.\"},\"image\":{\"@id\":\"https:\/\/latam.ptcbio.com\/es\/#\/schema\/logo\/image\/\"},\"sameAs\":[\"https:\/\/www.facebook.com\/PTCTherapeutics\",\"https:\/\/x.com\/PTCBio\"]}]}<\/script>\n<!-- \/ Yoast SEO Premium plugin. -->","yoast_head_json":{"title":"PTC Therapeutics - Responsibilities and Global Initiatives","description":"PTC is deeply committed to changing lives through rare disease treatment and development of novel treatment options for patients around the world.","robots":{"index":"index","follow":"follow","max-snippet":"max-snippet:-1","max-image-preview":"max-image-preview:large","max-video-preview":"max-video-preview:-1"},"canonical":"https:\/\/latam.ptcbio.com\/es\/sobre-ptc\/nuestra-responsabilidad\/","og_locale":"es_ES","og_type":"article","og_title":"Nuestra Responsabilidad","og_description":"PTC is deeply committed to changing lives through rare disease treatment and development of novel treatment options for patients around the world.","og_url":"https:\/\/latam.ptcbio.com\/es\/sobre-ptc\/nuestra-responsabilidad\/","og_site_name":"PTC Therapeutics (LATAM-Spanish)","article_publisher":"https:\/\/www.facebook.com\/PTCTherapeutics","article_modified_time":"2025-08-22T16:18:33+00:00","twitter_card":"summary_large_image","twitter_site":"@PTCBio","schema":{"@context":"https:\/\/schema.org","@graph":[{"@type":"WebPage","@id":"https:\/\/latam.ptcbio.com\/es\/sobre-ptc\/nuestra-responsabilidad\/","url":"https:\/\/latam.ptcbio.com\/es\/sobre-ptc\/nuestra-responsabilidad\/","name":"PTC Therapeutics - Responsibilities and Global Initiatives","isPartOf":{"@id":"https:\/\/latam.ptcbio.com\/es\/#website"},"datePublished":"2022-12-16T23:18:20+00:00","dateModified":"2025-08-22T16:18:33+00:00","description":"PTC is deeply committed to changing lives through rare disease treatment and development of novel treatment options for patients around the world.","breadcrumb":{"@id":"https:\/\/latam.ptcbio.com\/es\/sobre-ptc\/nuestra-responsabilidad\/#breadcrumb"},"inLanguage":"es","potentialAction":[{"@type":"ReadAction","target":["https:\/\/latam.ptcbio.com\/es\/sobre-ptc\/nuestra-responsabilidad\/"]}]},{"@type":"BreadcrumbList","@id":"https:\/\/latam.ptcbio.com\/es\/sobre-ptc\/nuestra-responsabilidad\/#breadcrumb","itemListElement":[{"@type":"ListItem","position":1,"name":"Home","item":"https:\/\/latam.ptcbio.com\/es\/"},{"@type":"ListItem","position":2,"name":"Sobre PTC","item":"https:\/\/latam.ptcbio.com\/es\/sobre-ptc\/"},{"@type":"ListItem","position":3,"name":"Nuestra Responsabilidad"}]},{"@type":"WebSite","@id":"https:\/\/latam.ptcbio.com\/es\/#website","url":"https:\/\/latam.ptcbio.com\/es\/","name":"PTC Therapeutics, Inc.","description":"","publisher":{"@id":"https:\/\/latam.ptcbio.com\/es\/#organization"},"potentialAction":[{"@type":"SearchAction","target":{"@type":"EntryPoint","urlTemplate":"https:\/\/latam.ptcbio.com\/es\/?s={search_term_string}"},"query-input":{"@type":"PropertyValueSpecification","valueRequired":true,"valueName":"search_term_string"}}],"inLanguage":"es"},{"@type":"Organization","@id":"https:\/\/latam.ptcbio.com\/es\/#organization","name":"PTC Therapeutics, Inc.","url":"https:\/\/latam.ptcbio.com\/es\/","logo":{"@type":"ImageObject","inLanguage":"es","@id":"https:\/\/latam.ptcbio.com\/es\/#\/schema\/logo\/image\/","url":null,"contentUrl":null,"width":null,"height":null,"caption":"PTC Therapeutics, Inc."},"image":{"@id":"https:\/\/latam.ptcbio.com\/es\/#\/schema\/logo\/image\/"},"sameAs":["https:\/\/www.facebook.com\/PTCTherapeutics","https:\/\/x.com\/PTCBio"]}]}},"_links":{"self":[{"href":"https:\/\/latam.ptcbio.com\/es\/wp-json\/wp\/v2\/pages\/9006","targetHints":{"allow":["GET"]}}],"collection":[{"href":"https:\/\/latam.ptcbio.com\/es\/wp-json\/wp\/v2\/pages"}],"about":[{"href":"https:\/\/latam.ptcbio.com\/es\/wp-json\/wp\/v2\/types\/page"}],"author":[{"embeddable":true,"href":"https:\/\/latam.ptcbio.com\/es\/wp-json\/wp\/v2\/users\/14"}],"replies":[{"embeddable":true,"href":"https:\/\/latam.ptcbio.com\/es\/wp-json\/wp\/v2\/comments?post=9006"}],"version-history":[{"count":2,"href":"https:\/\/latam.ptcbio.com\/es\/wp-json\/wp\/v2\/pages\/9006\/revisions"}],"predecessor-version":[{"id":16853,"href":"https:\/\/latam.ptcbio.com\/es\/wp-json\/wp\/v2\/pages\/9006\/revisions\/16853"}],"up":[{"embeddable":true,"href":"https:\/\/latam.ptcbio.com\/es\/wp-json\/wp\/v2\/pages\/8994"}],"wp:attachment":[{"href":"https:\/\/latam.ptcbio.com\/es\/wp-json\/wp\/v2\/media?parent=9006"}],"curies":[{"name":"wp","href":"https:\/\/api.w.org\/{rel}","templated":true}]}}