{"id":8994,"date":"2022-12-16T22:01:24","date_gmt":"2022-12-16T22:01:24","guid":{"rendered":"https:\/\/latam.ptcbio.com\/es\/?page_id=8994"},"modified":"2025-12-01T12:03:21","modified_gmt":"2025-12-01T16:03:21","slug":"sobre-ptc","status":"publish","type":"page","link":"https:\/\/latam.ptcbio.com\/es\/sobre-ptc\/","title":{"rendered":"Sobre PTC"},"content":{"rendered":"<div class=\"hero-header__outer-container\">\n\n\t<div class=\"hero hero--styled color-theme--light-blue hero--has-image hero--normal-spacing\">\n\t\t\t\t\t\t\t\t\t\t<div class=\"hero__inner hero__inner--left\">\n\t\t\t<div class=\"hero__content hero__content--left hero__content--has-image\">\n\t\t\t\t\t\t\t\t\t\t\t\t<div class=\"hero__eyebrow\">Sobre PTC<\/div>\n\t\t\t\t\t\t\t\t\t\t\t\t<div class=\"u-mt-1 u-my-2\"><h1 class=\"hero__title hero__title--standard\" data-ptc-fitty=\"\">Los pacientes son nuestra prioridad<\/h1><\/div>\n\t\t\t\t\t\t\t\t\t\t\t\t<div class=\"hero__subtitle\">Todo lo que hemos hecho, cada estudio, cada experimento y cada inversi\u00f3n se realiza principalmente para cambiar el curso de las enfermedades raras y mejorar la vida de nuestros pacientes.<\/div>\n\t\t\t\t\t\t\t\t\t\t\t<\/div>\n\t\t\t\t\t\t\t<figure class=\"hero__image-wrapper hero__image-wrapper--left\">\n\t\t\t\t\t\t\t\t\t<img loading=\"lazy\" decoding=\"async\" width=\"472\" height=\"494\" src=\"https:\/\/latam.ptcbio.com\/es\/wp-content\/uploads\/sites\/24\/2022\/12\/about-hero.png\" class=\"hero__image\" alt=\"Medical professional examining a young female patient\" srcset=\"https:\/\/latam.ptcbio.com\/es\/wp-content\/uploads\/sites\/24\/2022\/12\/about-hero.png 472w, https:\/\/latam.ptcbio.com\/es\/wp-content\/uploads\/sites\/24\/2022\/12\/about-hero-287x300.png 287w, https:\/\/latam.ptcbio.com\/es\/wp-content\/uploads\/sites\/24\/2022\/12\/about-hero-400x419.png 400w\" sizes=\"auto, (max-width: 472px) 100vw, 472px\" \/>\t\t\t\t\t\t\t\t<\/figure>\n\t\t\t\t\t<\/div>\n\t\t\t<\/div>\n\t\t\t<div class=\"hero__breadcrumbs\"><nav\n\tclass=\"breadcrumbs breadcrumbs--shallow\"\n\taria-label=\"Breadcrumb\"\n>\n\t<ol class=\"breadcrumbs__list\" itemscope itemtype=\"https:\/\/schema.org\/BreadcrumbList\">\n\t\t\t\t\t\t\t\t\t<li class=\"breadcrumbs__crumb breadcrumbs__crumb--dark\" itemscope itemprop=\"itemListElement\" itemtype=\"https:\/\/schema.org\/ListItem\">\n\t\t\t\t\t\t\t\t\t\t\t<a class=\"breadcrumbs__link breadcrumbs__link--home breadcrumbs__link--dark\" itemprop=\"item\" href=\"https:\/\/latam.ptcbio.com\/es\/\">\n\t\t\t\t\t\t\t<span class=\"sr-only\" itemprop=\"name\">P\u00e1gina principal<\/span>\n\t\t\t\t\t\t<\/a>\n\t\t\t\t\t\t\t\t\t\t<meta itemprop=\"position\" content=\"1\" \/>\n\t\t\t\t<\/li>\n\t\t\t\t\t\t\t\t\t\t\t<\/ol>\n<\/nav>\n<\/div>\n\t<\/div>\n\n\n\n<section  class=\"featured-copy container container--padded container--max-width\">\n\t\t<div class=\"featured-copy__bg\">\n\t\t<div id=\"particles-js-top\" class=\"featured-copy__constellation featured-copy__constellation--top\"><\/div>\n\t\t<div id=\"particles-js-bottom\" class=\"featured-copy__constellation featured-copy__constellation--bottom\"><\/div>\n\t<\/div>\n\t\n\t<div class=\"featured-copy__inner\">\n\t\t<div class=\"featured-copy__background-mask\">\n\t\t\t<div class=\"featured-copy__title heading--5\">\n\t\t\t\tMisi\u00f3n y Visi\u00f3n\t\t\t<\/div>\n\t\t\t<hr class=\"featured-copy__separator featured-copy__separator--violet\">\n\t\t\t<div class=\"featured-copy__subheading heading--5\">\n\t\t\t\tEn PTC, nuestros mayores logros se\t\t\t<\/div>\n\t\t\t\t\t\t\t<h2 class=\"featured-copy__heading heading--2\">\n\t\t\t\t\t<i>miden por momentos<\/i>\t\t\t\t<\/h2>\n\t\t\t\t\t\t<div class=\"featured-copy__text wysiwyg wysiwyg--pure body-copy--2\">\n\t\t\t\t<p>PTC est\u00e1 comprometida a brindar acceso a tratamientos de primera clase para pacientes con pocas o ninguna opci\u00f3n de tratamiento.<\/p>\n<p>Esta misi\u00f3n respalda nuestro enfoque en el descubrimiento, desarrollo y comercializaci\u00f3n global de medicamentos cl\u00ednicamente diferenciados para quienes padecen enfermedades raras.<\/p>\n<p>Como una compa\u00f1\u00eda farmac\u00e9utica global centrada en el paciente, combinamos experiencia cl\u00ednica y cient\u00edfica con ciencia y tecnolog\u00eda innovadoras, siempre pensando en el paciente. Trabajamos arduamente para ofrecer un amplio acceso a nuestros tratamientos que cambian vidas. Lo que nos impulsa es nuestra pasi\u00f3n por brindar a los pacientes m\u00e1s momentos con sus familias.<\/p>\n\t\t\t<\/div>\n\t\t<\/div>\n\t<\/div>\n<\/section>\n\n\n<div  class=\"two-up container--max-width color-theme--light-blue\">\n\t\t\t<div class=\"two-up__heading\" style=\"--ptc--heading--bg: var(--wp--preset--color--purple-steel );\" >\n\t\t\t<span>\n\t\t\t\t<h2 class=\"two-up__heading-text heading--2\" data-ptc-fitty=\"\">Una mirada m\u00e1s profunda a PTC<\/h2>\n\t\t\t<\/span>\n\t\t<\/div>\n\t\n\t<div class=\"two-up__blocks two-up__blocks--2 two-up__blocks--top\" style=\"--ptc--2up-cols:2\" >\n\t\t\t\t\t\n\t\t\t<div class=\"two-up__block two-up__block--dashicons \">\n\t\t\t\t\t\t\t\t\t\t\t\t\t<img decoding=\"async\" src=\"https:\/\/latam.ptcbio.com\/es\/wp-content\/themes\/ptc-redesign\/images\/bean-people.svg\" alt=\"\" class=\"two-up__block__icon two-up__block__icon--static\">\t\t\t\t\t\t\t\t<div class=\"two-up__block-wrapper\">\n\t\t\t\t\t\t\t\t\t\t<div class=\"two-up__block__title\">\n\t\t\t\t\t\t<span class=\"heading--4\" data-ptc-fitty=\"\">Nuestro equipo<\/span>\n\t\t\t\t\t<\/div>\n\t\t\t\t\t\t\t\t\t\t<div class=\"two-up__block__text body-copy--2\">\n\t\t\t\t\t\tMentes brillantes y pasi\u00f3n por los pacientes se unen aqu\u00ed\t\t\t\t\t<\/div>\n\t\t\t\t\t\t\t\t\t\t\t<a href=\"https:\/\/latam.ptcbio.com\/es\/sobre-ptc\/liderazgo\/\" target=\"_self\" class=\"two-up__block__link text-cta text-cta--primary-2\">Conoce al equipo de liderazgo<\/a>\n\t\t\t\t\t\t\t\t\t<\/div>\n\t\t\t<\/div>\n\t\t\t\t\t\n\t\t\t<div class=\"two-up__block two-up__block--dashicons \">\n\t\t\t\t\t\t\t\t\t\t\t\t\t<img decoding=\"async\" src=\"https:\/\/latam.ptcbio.com\/es\/wp-content\/themes\/ptc-redesign\/images\/resp-citizen-icon.svg\" alt=\"\" class=\"two-up__block__icon two-up__block__icon--static\">\t\t\t\t\t\t\t\t<div class=\"two-up__block-wrapper\">\n\t\t\t\t\t\t\t\t\t\t<div class=\"two-up__block__title\">\n\t\t\t\t\t\t<span class=\"heading--4\" data-ptc-fitty=\"\">Impacto global<\/span>\n\t\t\t\t\t<\/div>\n\t\t\t\t\t\t\t\t\t\t<div class=\"two-up__block__text body-copy--2\">\n\t\t\t\t\t\tCuidar nuestro entorno, nuestra gente y nuestra comunidad ha sido parte del tejido de PTC desde su fundaci\u00f3n\t\t\t\t\t<\/div>\n\t\t\t\t\t\t\t\t\t\t\t<a href=\"https:\/\/latam.ptcbio.com\/es\/sobre-ptc\/nuestra-responsabilidad\/\" target=\"_self\" class=\"two-up__block__link text-cta text-cta--primary-2\">Responsabilidad en PTC<\/a>\n\t\t\t\t\t\t\t\t\t<\/div>\n\t\t\t<\/div>\n\t\t\t<\/div>\n<\/div>\n\n\n<div class=\"alignfull wp-block-acf-seven-five-split\">\t<div class=\"seven-five__inner container container--padded container--max-width seven-five__inner--center seven-five__inner--right\">\n\t\t<div class=\"seven-five__wrapper\">\n\t\t\t\t\t\t\t<div class=\"seven-five__subheading heading--6\">\u00daNETE A NUESTRO EQUIPO<\/div>\n\t\t\t\n\t\t\t\t\t\t\t<h2 class=\"seven-five__heading heading--3\">S\u00e9 extraordinario con nosotros<\/h2>\n\t\t\t\n\t\t\t\t\t\t\t<div class=\"seven-five__description wysiwyg wysiwyg--pure body-copy--1\"><p>PTC busca personas con determinaci\u00f3n y amabilidad para ofrecer tratamientos que cambian vidas. \u00danete a nuestra misi\u00f3n de ayudar a personas con enfermedades raras. Ellos cuentan con nosotros.<\/p>\n<\/div>\n\t\t\t\n\t\t\t<ul class=\"im-cta__list\">\n\t\t\t<li class=\"im-cta__item\">\n\t\t\t<a href=\"https:\/\/www.ptcbio.com\/careers\" target=\"\" class=\"im-cta__link\">\n\t\t\t\t<span class=\"im-cta__text\">\u00danete a nuestro equipo<\/span>\n\t\t\t\t<span class=\"im-cta__icon\" aria-hidden=\"true\"><\/span>\n\t\t\t<\/a>\n\t\t<\/li>\n\t<\/ul>\n\t\t<\/div>\n\n\t\t\n\t<\/div>\n<\/div>\n\n\n<div style=\"--mg-spacer-desktop: 34px; --mg-spacer-mobile: 17px; height: var(--mg-spacer-desktop);\" aria-hidden=\"true\" class=\"mg-spacer--responsive wp-block-spacer\"><\/div>\n\n\n<div  class=\"text-block text-block--standard color-theme--sky-blue-partial\">\n\t\t<div class=\"text-block__wrapper\" >\n\n\t\t\n\t\t\t\t\t<h2 class=\"text-block__heading\">\n\t\t\t\t<span class=\"heading--2\"  data-ptc-fitty=\"\">Nos encantar\u00eda saber de ti<\/span>\n\t\t\t<\/h2>\n\t\t\n\t\t<div class=\"text-block__content wysiwyg--decoration wysiwyg--color\">\n\t\t\t<p><br data-mce-bogus=\"1\"><\/p>\n\t\t<\/div>\n\n\t\t\n\t\t\t<div class=\"dual-cta__ctas dual-cta__ctas--same dual-cta__ctas--center\">\n\n\t\t\t\t\t<a href=\"https:\/\/latam.ptcbio.com\/es\/contactanos\/\" target=\"\" class=\"dual-cta__button btn btn--primary\">Cont\u00e1ctanos<\/a>\n\t\t\n\t\t\n\t\t\n\t<\/div>\n\n\t<\/div>\n<\/div>\n\n","protected":false},"excerpt":{"rendered":"","protected":false},"author":14,"featured_media":0,"parent":0,"menu_order":0,"comment_status":"closed","ping_status":"closed","template":"","meta":{"_acf_changed":true,"footnotes":""},"class_list":["post-8994","page","type-page","status-publish","hentry"],"acf":[],"yoast_head":"<!-- This site is optimized with the Yoast SEO Premium plugin v27.2 (Yoast SEO v27.2) - https:\/\/yoast.com\/product\/yoast-seo-premium-wordpress\/ -->\n<title>About PTC Therapeutics - Treatments for Rare Diseases<\/title>\n<meta name=\"description\" content=\"Learn about PTC Therapeutics, a global biopharmaceutical company. We are fueled by science, and committed to transforming the lives of patients with rare diseases.\" \/>\n<meta name=\"robots\" content=\"index, follow, max-snippet:-1, max-image-preview:large, max-video-preview:-1\" \/>\n<link rel=\"canonical\" href=\"https:\/\/latam.ptcbio.com\/es\/sobre-ptc\/\" \/>\n<meta property=\"og:locale\" content=\"es_ES\" \/>\n<meta property=\"og:type\" content=\"article\" \/>\n<meta property=\"og:title\" content=\"Sobre PTC\" \/>\n<meta property=\"og:description\" content=\"Learn about PTC Therapeutics, a global biopharmaceutical company. We are fueled by science, and committed to transforming the lives of patients with rare diseases.\" \/>\n<meta property=\"og:url\" content=\"https:\/\/latam.ptcbio.com\/es\/sobre-ptc\/\" \/>\n<meta property=\"og:site_name\" content=\"PTC Therapeutics (LATAM-Spanish)\" \/>\n<meta property=\"article:publisher\" content=\"https:\/\/www.facebook.com\/PTCTherapeutics\" \/>\n<meta property=\"article:modified_time\" content=\"2025-12-01T16:03:21+00:00\" \/>\n<meta name=\"twitter:card\" content=\"summary_large_image\" \/>\n<meta name=\"twitter:site\" content=\"@PTCBio\" \/>\n<script type=\"application\/ld+json\" class=\"yoast-schema-graph\">{\"@context\":\"https:\/\/schema.org\",\"@graph\":[{\"@type\":\"WebPage\",\"@id\":\"https:\/\/latam.ptcbio.com\/es\/sobre-ptc\/\",\"url\":\"https:\/\/latam.ptcbio.com\/es\/sobre-ptc\/\",\"name\":\"About PTC Therapeutics - Treatments for Rare Diseases\",\"isPartOf\":{\"@id\":\"https:\/\/latam.ptcbio.com\/es\/#website\"},\"datePublished\":\"2022-12-16T22:01:24+00:00\",\"dateModified\":\"2025-12-01T16:03:21+00:00\",\"description\":\"Learn about PTC Therapeutics, a global biopharmaceutical company. We are fueled by science, and committed to transforming the lives of patients with rare diseases.\",\"breadcrumb\":{\"@id\":\"https:\/\/latam.ptcbio.com\/es\/sobre-ptc\/#breadcrumb\"},\"inLanguage\":\"es\",\"potentialAction\":[{\"@type\":\"ReadAction\",\"target\":[\"https:\/\/latam.ptcbio.com\/es\/sobre-ptc\/\"]}]},{\"@type\":\"BreadcrumbList\",\"@id\":\"https:\/\/latam.ptcbio.com\/es\/sobre-ptc\/#breadcrumb\",\"itemListElement\":[{\"@type\":\"ListItem\",\"position\":1,\"name\":\"Home\",\"item\":\"https:\/\/latam.ptcbio.com\/es\/\"},{\"@type\":\"ListItem\",\"position\":2,\"name\":\"Sobre PTC\"}]},{\"@type\":\"WebSite\",\"@id\":\"https:\/\/latam.ptcbio.com\/es\/#website\",\"url\":\"https:\/\/latam.ptcbio.com\/es\/\",\"name\":\"PTC Therapeutics, Inc.\",\"description\":\"\",\"publisher\":{\"@id\":\"https:\/\/latam.ptcbio.com\/es\/#organization\"},\"potentialAction\":[{\"@type\":\"SearchAction\",\"target\":{\"@type\":\"EntryPoint\",\"urlTemplate\":\"https:\/\/latam.ptcbio.com\/es\/?s={search_term_string}\"},\"query-input\":{\"@type\":\"PropertyValueSpecification\",\"valueRequired\":true,\"valueName\":\"search_term_string\"}}],\"inLanguage\":\"es\"},{\"@type\":\"Organization\",\"@id\":\"https:\/\/latam.ptcbio.com\/es\/#organization\",\"name\":\"PTC Therapeutics, Inc.\",\"url\":\"https:\/\/latam.ptcbio.com\/es\/\",\"logo\":{\"@type\":\"ImageObject\",\"inLanguage\":\"es\",\"@id\":\"https:\/\/latam.ptcbio.com\/es\/#\/schema\/logo\/image\/\",\"url\":null,\"contentUrl\":null,\"width\":null,\"height\":null,\"caption\":\"PTC Therapeutics, Inc.\"},\"image\":{\"@id\":\"https:\/\/latam.ptcbio.com\/es\/#\/schema\/logo\/image\/\"},\"sameAs\":[\"https:\/\/www.facebook.com\/PTCTherapeutics\",\"https:\/\/x.com\/PTCBio\"]}]}<\/script>\n<!-- \/ Yoast SEO Premium plugin. -->","yoast_head_json":{"title":"About PTC Therapeutics - Treatments for Rare Diseases","description":"Learn about PTC Therapeutics, a global biopharmaceutical company. We are fueled by science, and committed to transforming the lives of patients with rare diseases.","robots":{"index":"index","follow":"follow","max-snippet":"max-snippet:-1","max-image-preview":"max-image-preview:large","max-video-preview":"max-video-preview:-1"},"canonical":"https:\/\/latam.ptcbio.com\/es\/sobre-ptc\/","og_locale":"es_ES","og_type":"article","og_title":"Sobre PTC","og_description":"Learn about PTC Therapeutics, a global biopharmaceutical company. We are fueled by science, and committed to transforming the lives of patients with rare diseases.","og_url":"https:\/\/latam.ptcbio.com\/es\/sobre-ptc\/","og_site_name":"PTC Therapeutics (LATAM-Spanish)","article_publisher":"https:\/\/www.facebook.com\/PTCTherapeutics","article_modified_time":"2025-12-01T16:03:21+00:00","twitter_card":"summary_large_image","twitter_site":"@PTCBio","schema":{"@context":"https:\/\/schema.org","@graph":[{"@type":"WebPage","@id":"https:\/\/latam.ptcbio.com\/es\/sobre-ptc\/","url":"https:\/\/latam.ptcbio.com\/es\/sobre-ptc\/","name":"About PTC Therapeutics - Treatments for Rare Diseases","isPartOf":{"@id":"https:\/\/latam.ptcbio.com\/es\/#website"},"datePublished":"2022-12-16T22:01:24+00:00","dateModified":"2025-12-01T16:03:21+00:00","description":"Learn about PTC Therapeutics, a global biopharmaceutical company. We are fueled by science, and committed to transforming the lives of patients with rare diseases.","breadcrumb":{"@id":"https:\/\/latam.ptcbio.com\/es\/sobre-ptc\/#breadcrumb"},"inLanguage":"es","potentialAction":[{"@type":"ReadAction","target":["https:\/\/latam.ptcbio.com\/es\/sobre-ptc\/"]}]},{"@type":"BreadcrumbList","@id":"https:\/\/latam.ptcbio.com\/es\/sobre-ptc\/#breadcrumb","itemListElement":[{"@type":"ListItem","position":1,"name":"Home","item":"https:\/\/latam.ptcbio.com\/es\/"},{"@type":"ListItem","position":2,"name":"Sobre PTC"}]},{"@type":"WebSite","@id":"https:\/\/latam.ptcbio.com\/es\/#website","url":"https:\/\/latam.ptcbio.com\/es\/","name":"PTC Therapeutics, Inc.","description":"","publisher":{"@id":"https:\/\/latam.ptcbio.com\/es\/#organization"},"potentialAction":[{"@type":"SearchAction","target":{"@type":"EntryPoint","urlTemplate":"https:\/\/latam.ptcbio.com\/es\/?s={search_term_string}"},"query-input":{"@type":"PropertyValueSpecification","valueRequired":true,"valueName":"search_term_string"}}],"inLanguage":"es"},{"@type":"Organization","@id":"https:\/\/latam.ptcbio.com\/es\/#organization","name":"PTC Therapeutics, Inc.","url":"https:\/\/latam.ptcbio.com\/es\/","logo":{"@type":"ImageObject","inLanguage":"es","@id":"https:\/\/latam.ptcbio.com\/es\/#\/schema\/logo\/image\/","url":null,"contentUrl":null,"width":null,"height":null,"caption":"PTC Therapeutics, Inc."},"image":{"@id":"https:\/\/latam.ptcbio.com\/es\/#\/schema\/logo\/image\/"},"sameAs":["https:\/\/www.facebook.com\/PTCTherapeutics","https:\/\/x.com\/PTCBio"]}]}},"_links":{"self":[{"href":"https:\/\/latam.ptcbio.com\/es\/wp-json\/wp\/v2\/pages\/8994","targetHints":{"allow":["GET"]}}],"collection":[{"href":"https:\/\/latam.ptcbio.com\/es\/wp-json\/wp\/v2\/pages"}],"about":[{"href":"https:\/\/latam.ptcbio.com\/es\/wp-json\/wp\/v2\/types\/page"}],"author":[{"embeddable":true,"href":"https:\/\/latam.ptcbio.com\/es\/wp-json\/wp\/v2\/users\/14"}],"replies":[{"embeddable":true,"href":"https:\/\/latam.ptcbio.com\/es\/wp-json\/wp\/v2\/comments?post=8994"}],"version-history":[{"count":5,"href":"https:\/\/latam.ptcbio.com\/es\/wp-json\/wp\/v2\/pages\/8994\/revisions"}],"predecessor-version":[{"id":17004,"href":"https:\/\/latam.ptcbio.com\/es\/wp-json\/wp\/v2\/pages\/8994\/revisions\/17004"}],"wp:attachment":[{"href":"https:\/\/latam.ptcbio.com\/es\/wp-json\/wp\/v2\/media?parent=8994"}],"curies":[{"name":"wp","href":"https:\/\/api.w.org\/{rel}","templated":true}]}}